{"id":213574,"date":"2026-04-21T16:35:30","date_gmt":"2026-04-21T14:35:30","guid":{"rendered":"https:\/\/uchitomishop.ch\/produit\/clever-badeschuh-economy-typ-18-0-ebm-24cm-2052551\/"},"modified":"2026-04-21T16:35:30","modified_gmt":"2026-04-21T14:35:30","slug":"clever-badeschuh-economy-typ-18-0-ebm-24cm-2052551","status":"publish","type":"product","link":"https:\/\/uchitomishop.ch\/de\/produkt\/clever-badeschuh-economy-typ-18-0-ebm-24cm-2052551\/","title":{"rendered":"CLEVER BADESCHUH ECONOMY TYP 18-0 &#171;EBM&#187; 24CM 2052551"},"content":{"rendered":"<p>Lange Mehrzweckzange aus Stahl, ergonomisch geformt, kann aufgestellt werden, ohne dass die Spitze die Arbeitsplatte ber\u00fchrt.<\/p>\n","protected":false},"excerpt":{"rendered":"<p>Lange Mehrzweckzange aus Stahl, ergonomisch geformt, kann aufgestellt werden, ohne dass die Spitze die Arbeitsplatte ber\u00fchrt.<\/p>\n","protected":false},"featured_media":213585,"comment_status":"open","ping_status":"closed","template":"","meta":{"_acf_changed":false},"product_brand":[],"product_cat":[448,638,450],"product_tag":[],"class_list":{"0":"post-213574","1":"product","2":"type-product","3":"status-publish","4":"has-post-thumbnail","6":"product_cat-kuche","7":"product_cat-verschiedene-kuchenutensilien","8":"product_cat-verschiedenes-kuche","10":"first","11":"outofstock","12":"taxable","13":"shipping-taxable","14":"purchasable","15":"product-type-simple"},"acf":[],"yoast_head":"<!-- This site is optimized with the Yoast SEO plugin v27.5 - https:\/\/yoast.com\/product\/yoast-seo-wordpress\/ -->\n<title>CLEVER BADESCHUH ECONOMY TYP 18-0 &quot;EBM&quot; 24CM 2052551 - Uchitomishop - Japanischer Online-Shop - Lieferung in die ganze Schweiz<\/title>\n<meta name=\"robots\" content=\"index, follow, max-snippet:-1, max-image-preview:large, max-video-preview:-1\" \/>\n<link rel=\"canonical\" href=\"https:\/\/uchitomishop.ch\/de\/produkt\/clever-badeschuh-economy-typ-18-0-ebm-24cm-2052551\/\" \/>\n<meta property=\"og:locale\" content=\"de_DE\" \/>\n<meta property=\"og:type\" content=\"article\" \/>\n<meta property=\"og:title\" content=\"CLEVER BADESCHUH ECONOMY TYP 18-0 &quot;EBM&quot; 24CM 2052551 - Uchitomishop - Japanischer Online-Shop - Lieferung in die ganze Schweiz\" \/>\n<meta property=\"og:description\" content=\"Lange Mehrzweckzange aus Stahl, ergonomisch geformt, kann aufgestellt werden, ohne dass die Spitze die Arbeitsplatte ber\u00fchrt.\" \/>\n<meta property=\"og:url\" content=\"https:\/\/uchitomishop.ch\/de\/produkt\/clever-badeschuh-economy-typ-18-0-ebm-24cm-2052551\/\" \/>\n<meta property=\"og:site_name\" content=\"Uchitomishop - Japanischer Online-Shop - Lieferung in die ganze Schweiz\" \/>\n<meta name=\"twitter:card\" content=\"summary_large_image\" \/>\n<script type=\"application\/ld+json\" class=\"yoast-schema-graph\">{\"@context\":\"https:\\\/\\\/schema.org\",\"@graph\":[{\"@type\":\"WebPage\",\"@id\":\"https:\\\/\\\/uchitomishop.ch\\\/de\\\/produkt\\\/clever-badeschuh-economy-typ-18-0-ebm-24cm-2052551\\\/\",\"url\":\"https:\\\/\\\/uchitomishop.ch\\\/de\\\/produkt\\\/clever-badeschuh-economy-typ-18-0-ebm-24cm-2052551\\\/\",\"name\":\"CLEVER BADESCHUH ECONOMY TYP 18-0 \\\"EBM\\\" 24CM 2052551 - Uchitomishop - Japanischer Online-Shop - Lieferung in die ganze Schweiz\",\"isPartOf\":{\"@id\":\"https:\\\/\\\/uchitomishop.ch\\\/de\\\/#website\"},\"primaryImageOfPage\":{\"@id\":\"https:\\\/\\\/uchitomishop.ch\\\/de\\\/produkt\\\/clever-badeschuh-economy-typ-18-0-ebm-24cm-2052551\\\/#primaryimage\"},\"image\":{\"@id\":\"https:\\\/\\\/uchitomishop.ch\\\/de\\\/produkt\\\/clever-badeschuh-economy-typ-18-0-ebm-24cm-2052551\\\/#primaryimage\"},\"thumbnailUrl\":\"https:\\\/\\\/uchitomishop.ch\\\/wp-content\\\/uploads\\\/2026\\\/04\\\/2052551-ebm18-0.jpg\",\"datePublished\":\"2026-04-21T14:35:30+00:00\",\"breadcrumb\":{\"@id\":\"https:\\\/\\\/uchitomishop.ch\\\/de\\\/produkt\\\/clever-badeschuh-economy-typ-18-0-ebm-24cm-2052551\\\/#breadcrumb\"},\"inLanguage\":\"de-CH\",\"potentialAction\":[{\"@type\":\"ReadAction\",\"target\":[\"https:\\\/\\\/uchitomishop.ch\\\/de\\\/produkt\\\/clever-badeschuh-economy-typ-18-0-ebm-24cm-2052551\\\/\"]}]},{\"@type\":\"ImageObject\",\"inLanguage\":\"de-CH\",\"@id\":\"https:\\\/\\\/uchitomishop.ch\\\/de\\\/produkt\\\/clever-badeschuh-economy-typ-18-0-ebm-24cm-2052551\\\/#primaryimage\",\"url\":\"https:\\\/\\\/uchitomishop.ch\\\/wp-content\\\/uploads\\\/2026\\\/04\\\/2052551-ebm18-0.jpg\",\"contentUrl\":\"https:\\\/\\\/uchitomishop.ch\\\/wp-content\\\/uploads\\\/2026\\\/04\\\/2052551-ebm18-0.jpg\",\"width\":500,\"height\":500},{\"@type\":\"BreadcrumbList\",\"@id\":\"https:\\\/\\\/uchitomishop.ch\\\/de\\\/produkt\\\/clever-badeschuh-economy-typ-18-0-ebm-24cm-2052551\\\/#breadcrumb\",\"itemListElement\":[{\"@type\":\"ListItem\",\"position\":1,\"name\":\"Accueil\",\"item\":\"https:\\\/\\\/uchitomishop.ch\\\/de\\\/homepage\\\/\"},{\"@type\":\"ListItem\",\"position\":2,\"name\":\"Shop\",\"item\":\"https:\\\/\\\/uchitomishop.ch\\\/de\\\/shop\\\/\"},{\"@type\":\"ListItem\",\"position\":3,\"name\":\"CLEVER BADESCHUH ECONOMY TYP 18-0 \u00ab\u00a0EBM\u00a0\u00bb 24CM 2052551\"}]},{\"@type\":\"WebSite\",\"@id\":\"https:\\\/\\\/uchitomishop.ch\\\/de\\\/#website\",\"url\":\"https:\\\/\\\/uchitomishop.ch\\\/de\\\/\",\"name\":\"Uchitomishop - Magasin en ligne Japonais - Livraison dans toute la Suisse\",\"description\":\"Japanisches Online-Gesch\u00e4ft. Entdecken Sie alle unsere japanischen Produkte: Lebensmittel, K\u00fcche, B\u00fccher, Haushalt, Schreibwaren, Pflege, Textilien und Geschirr. Lieferung in der gesamten Schweiz.\",\"publisher\":{\"@id\":\"https:\\\/\\\/uchitomishop.ch\\\/de\\\/#organization\"},\"potentialAction\":[{\"@type\":\"SearchAction\",\"target\":{\"@type\":\"EntryPoint\",\"urlTemplate\":\"https:\\\/\\\/uchitomishop.ch\\\/de\\\/?s={search_term_string}\"},\"query-input\":{\"@type\":\"PropertyValueSpecification\",\"valueRequired\":true,\"valueName\":\"search_term_string\"}}],\"inLanguage\":\"de-CH\"},{\"@type\":\"Organization\",\"@id\":\"https:\\\/\\\/uchitomishop.ch\\\/de\\\/#organization\",\"name\":\"Uchitomishop - Japanischer Online-Shop - Lieferung in die ganze Schweiz\",\"url\":\"https:\\\/\\\/uchitomishop.ch\\\/de\\\/\",\"logo\":{\"@type\":\"ImageObject\",\"inLanguage\":\"de-CH\",\"@id\":\"https:\\\/\\\/uchitomishop.ch\\\/de\\\/#\\\/schema\\\/logo\\\/image\\\/\",\"url\":\"https:\\\/\\\/uchitomishop.ch\\\/wp-content\\\/uploads\\\/2024\\\/04\\\/logo.png\",\"contentUrl\":\"https:\\\/\\\/uchitomishop.ch\\\/wp-content\\\/uploads\\\/2024\\\/04\\\/logo.png\",\"width\":380,\"height\":162,\"caption\":\"Uchitomishop - Japanischer Online-Shop - Lieferung in die ganze Schweiz\"},\"image\":{\"@id\":\"https:\\\/\\\/uchitomishop.ch\\\/de\\\/#\\\/schema\\\/logo\\\/image\\\/\"}}]}<\/script>\n<!-- \/ Yoast SEO plugin. -->","yoast_head_json":{"title":"CLEVER BADESCHUH ECONOMY TYP 18-0 \"EBM\" 24CM 2052551 - Uchitomishop - Japanischer Online-Shop - Lieferung in die ganze Schweiz","robots":{"index":"index","follow":"follow","max-snippet":"max-snippet:-1","max-image-preview":"max-image-preview:large","max-video-preview":"max-video-preview:-1"},"canonical":"https:\/\/uchitomishop.ch\/de\/produkt\/clever-badeschuh-economy-typ-18-0-ebm-24cm-2052551\/","og_locale":"de_DE","og_type":"article","og_title":"CLEVER BADESCHUH ECONOMY TYP 18-0 \"EBM\" 24CM 2052551 - Uchitomishop - Japanischer Online-Shop - Lieferung in die ganze Schweiz","og_description":"Lange Mehrzweckzange aus Stahl, ergonomisch geformt, kann aufgestellt werden, ohne dass die Spitze die Arbeitsplatte ber\u00fchrt.","og_url":"https:\/\/uchitomishop.ch\/de\/produkt\/clever-badeschuh-economy-typ-18-0-ebm-24cm-2052551\/","og_site_name":"Uchitomishop - Japanischer Online-Shop - Lieferung in die ganze Schweiz","twitter_card":"summary_large_image","schema":{"@context":"https:\/\/schema.org","@graph":[{"@type":"WebPage","@id":"https:\/\/uchitomishop.ch\/de\/produkt\/clever-badeschuh-economy-typ-18-0-ebm-24cm-2052551\/","url":"https:\/\/uchitomishop.ch\/de\/produkt\/clever-badeschuh-economy-typ-18-0-ebm-24cm-2052551\/","name":"CLEVER BADESCHUH ECONOMY TYP 18-0 \"EBM\" 24CM 2052551 - Uchitomishop - Japanischer Online-Shop - Lieferung in die ganze Schweiz","isPartOf":{"@id":"https:\/\/uchitomishop.ch\/de\/#website"},"primaryImageOfPage":{"@id":"https:\/\/uchitomishop.ch\/de\/produkt\/clever-badeschuh-economy-typ-18-0-ebm-24cm-2052551\/#primaryimage"},"image":{"@id":"https:\/\/uchitomishop.ch\/de\/produkt\/clever-badeschuh-economy-typ-18-0-ebm-24cm-2052551\/#primaryimage"},"thumbnailUrl":"https:\/\/uchitomishop.ch\/wp-content\/uploads\/2026\/04\/2052551-ebm18-0.jpg","datePublished":"2026-04-21T14:35:30+00:00","breadcrumb":{"@id":"https:\/\/uchitomishop.ch\/de\/produkt\/clever-badeschuh-economy-typ-18-0-ebm-24cm-2052551\/#breadcrumb"},"inLanguage":"de-CH","potentialAction":[{"@type":"ReadAction","target":["https:\/\/uchitomishop.ch\/de\/produkt\/clever-badeschuh-economy-typ-18-0-ebm-24cm-2052551\/"]}]},{"@type":"ImageObject","inLanguage":"de-CH","@id":"https:\/\/uchitomishop.ch\/de\/produkt\/clever-badeschuh-economy-typ-18-0-ebm-24cm-2052551\/#primaryimage","url":"https:\/\/uchitomishop.ch\/wp-content\/uploads\/2026\/04\/2052551-ebm18-0.jpg","contentUrl":"https:\/\/uchitomishop.ch\/wp-content\/uploads\/2026\/04\/2052551-ebm18-0.jpg","width":500,"height":500},{"@type":"BreadcrumbList","@id":"https:\/\/uchitomishop.ch\/de\/produkt\/clever-badeschuh-economy-typ-18-0-ebm-24cm-2052551\/#breadcrumb","itemListElement":[{"@type":"ListItem","position":1,"name":"Accueil","item":"https:\/\/uchitomishop.ch\/de\/homepage\/"},{"@type":"ListItem","position":2,"name":"Shop","item":"https:\/\/uchitomishop.ch\/de\/shop\/"},{"@type":"ListItem","position":3,"name":"CLEVER BADESCHUH ECONOMY TYP 18-0 \u00ab\u00a0EBM\u00a0\u00bb 24CM 2052551"}]},{"@type":"WebSite","@id":"https:\/\/uchitomishop.ch\/de\/#website","url":"https:\/\/uchitomishop.ch\/de\/","name":"Uchitomishop - Magasin en ligne Japonais - Livraison dans toute la Suisse","description":"Japanisches Online-Gesch\u00e4ft. Entdecken Sie alle unsere japanischen Produkte: Lebensmittel, K\u00fcche, B\u00fccher, Haushalt, Schreibwaren, Pflege, Textilien und Geschirr. Lieferung in der gesamten Schweiz.","publisher":{"@id":"https:\/\/uchitomishop.ch\/de\/#organization"},"potentialAction":[{"@type":"SearchAction","target":{"@type":"EntryPoint","urlTemplate":"https:\/\/uchitomishop.ch\/de\/?s={search_term_string}"},"query-input":{"@type":"PropertyValueSpecification","valueRequired":true,"valueName":"search_term_string"}}],"inLanguage":"de-CH"},{"@type":"Organization","@id":"https:\/\/uchitomishop.ch\/de\/#organization","name":"Uchitomishop - Japanischer Online-Shop - Lieferung in die ganze Schweiz","url":"https:\/\/uchitomishop.ch\/de\/","logo":{"@type":"ImageObject","inLanguage":"de-CH","@id":"https:\/\/uchitomishop.ch\/de\/#\/schema\/logo\/image\/","url":"https:\/\/uchitomishop.ch\/wp-content\/uploads\/2024\/04\/logo.png","contentUrl":"https:\/\/uchitomishop.ch\/wp-content\/uploads\/2024\/04\/logo.png","width":380,"height":162,"caption":"Uchitomishop - Japanischer Online-Shop - Lieferung in die ganze Schweiz"},"image":{"@id":"https:\/\/uchitomishop.ch\/de\/#\/schema\/logo\/image\/"}}]}},"_links":{"self":[{"href":"https:\/\/uchitomishop.ch\/de\/wp-json\/wp\/v2\/product\/213574","targetHints":{"allow":["GET"]}}],"collection":[{"href":"https:\/\/uchitomishop.ch\/de\/wp-json\/wp\/v2\/product"}],"about":[{"href":"https:\/\/uchitomishop.ch\/de\/wp-json\/wp\/v2\/types\/product"}],"replies":[{"embeddable":true,"href":"https:\/\/uchitomishop.ch\/de\/wp-json\/wp\/v2\/comments?post=213574"}],"wp:featuredmedia":[{"embeddable":true,"href":"https:\/\/uchitomishop.ch\/de\/wp-json\/wp\/v2\/media\/213585"}],"wp:attachment":[{"href":"https:\/\/uchitomishop.ch\/de\/wp-json\/wp\/v2\/media?parent=213574"}],"wp:term":[{"taxonomy":"product_brand","embeddable":true,"href":"https:\/\/uchitomishop.ch\/de\/wp-json\/wp\/v2\/product_brand?post=213574"},{"taxonomy":"product_cat","embeddable":true,"href":"https:\/\/uchitomishop.ch\/de\/wp-json\/wp\/v2\/product_cat?post=213574"},{"taxonomy":"product_tag","embeddable":true,"href":"https:\/\/uchitomishop.ch\/de\/wp-json\/wp\/v2\/product_tag?post=213574"}],"curies":[{"name":"wp","href":"https:\/\/api.w.org\/{rel}","templated":true}]}}