{"id":208424,"date":"2025-09-19T15:42:08","date_gmt":"2025-09-19T13:42:08","guid":{"rendered":"https:\/\/uchitomishop.ch\/produit\/fettuccine-gummi-tsubutsubu-fruits-tea-bourbon-47g\/"},"modified":"2026-03-19T18:04:35","modified_gmt":"2026-03-19T17:04:35","slug":"fettuccine-gummi-tsubutsubu-fruits-tea-bourbon-47g","status":"publish","type":"product","link":"https:\/\/uchitomishop.ch\/de\/produkt\/fettuccine-gummi-tsubutsubu-fruits-tea-bourbon-47g\/","title":{"rendered":"FETTUCCINE GUMMI TSUBUTSUBU FRUITS TEA &#171;BOURBON&#187; 47G"},"content":{"rendered":"<p>Weiche, s\u00e4uerliche Gummibonbons in Form einer Fettuccine-Paste, leicht feste Textur &#171;al dente&#187; Geschmack schwarzer Tee Fr\u00fcchte: Pfirsich-Erdbeere-Mango<\/p>\n","protected":false},"excerpt":{"rendered":"<p>Weiche, s\u00e4uerliche Gummibonbons in Form einer Fettuccine-Paste, leicht feste Textur &#171;al dente&#187; Geschmack schwarzer Tee Fr\u00fcchte: Pfirsich-Erdbeere-Mango<\/p>\n","protected":false},"featured_media":208627,"comment_status":"open","ping_status":"closed","template":"","meta":{"_acf_changed":false},"product_brand":[],"product_cat":[444,446,445],"product_tag":[],"class_list":{"0":"post-208424","1":"product","2":"type-product","3":"status-publish","4":"has-post-thumbnail","6":"product_cat-lebensmittel","7":"product_cat-susigkeiten","8":"product_cat-susigkeiten-chewing-gum","10":"first","11":"outofstock","12":"taxable","13":"shipping-taxable","14":"purchasable","15":"product-type-simple"},"acf":[],"yoast_head":"<!-- This site is optimized with the Yoast SEO plugin v27.5 - https:\/\/yoast.com\/product\/yoast-seo-wordpress\/ -->\n<title>FETTUCCINE GUMMI TSUBUTSUBU FRUITS TEA &quot;BOURBON&quot; 47G - Uchitomishop - Japanischer Online-Shop - Lieferung in die ganze Schweiz<\/title>\n<meta name=\"robots\" content=\"index, follow, max-snippet:-1, max-image-preview:large, max-video-preview:-1\" \/>\n<link rel=\"canonical\" href=\"https:\/\/uchitomishop.ch\/de\/produkt\/fettuccine-gummi-tsubutsubu-fruits-tea-bourbon-47g\/\" \/>\n<meta property=\"og:locale\" content=\"de_DE\" \/>\n<meta property=\"og:type\" content=\"article\" \/>\n<meta property=\"og:title\" content=\"FETTUCCINE GUMMI TSUBUTSUBU FRUITS TEA &quot;BOURBON&quot; 47G - Uchitomishop - Japanischer Online-Shop - Lieferung in die ganze Schweiz\" \/>\n<meta property=\"og:description\" content=\"Weiche, s\u00e4uerliche Gummibonbons in Form einer Fettuccine-Paste, leicht feste Textur &quot;al dente&quot; Geschmack schwarzer Tee Fr\u00fcchte: Pfirsich-Erdbeere-Mango\" \/>\n<meta property=\"og:url\" content=\"https:\/\/uchitomishop.ch\/de\/produkt\/fettuccine-gummi-tsubutsubu-fruits-tea-bourbon-47g\/\" \/>\n<meta property=\"og:site_name\" content=\"Uchitomishop - Japanischer Online-Shop - Lieferung in die ganze Schweiz\" \/>\n<meta property=\"article:modified_time\" content=\"2026-03-19T17:04:35+00:00\" \/>\n<meta property=\"og:image\" content=\"https:\/\/uchitomishop.ch\/wp-content\/uploads\/2025\/09\/4901360361410.jpg\" \/>\n\t<meta property=\"og:image:width\" content=\"480\" \/>\n\t<meta property=\"og:image:height\" content=\"600\" \/>\n\t<meta property=\"og:image:type\" content=\"image\/jpeg\" \/>\n<meta name=\"twitter:card\" content=\"summary_large_image\" \/>\n<script type=\"application\/ld+json\" class=\"yoast-schema-graph\">{\"@context\":\"https:\\\/\\\/schema.org\",\"@graph\":[{\"@type\":\"WebPage\",\"@id\":\"https:\\\/\\\/uchitomishop.ch\\\/de\\\/produkt\\\/fettuccine-gummi-tsubutsubu-fruits-tea-bourbon-47g\\\/\",\"url\":\"https:\\\/\\\/uchitomishop.ch\\\/de\\\/produkt\\\/fettuccine-gummi-tsubutsubu-fruits-tea-bourbon-47g\\\/\",\"name\":\"FETTUCCINE GUMMI TSUBUTSUBU FRUITS TEA \\\"BOURBON\\\" 47G - Uchitomishop - Japanischer Online-Shop - Lieferung in die ganze Schweiz\",\"isPartOf\":{\"@id\":\"https:\\\/\\\/uchitomishop.ch\\\/de\\\/#website\"},\"primaryImageOfPage\":{\"@id\":\"https:\\\/\\\/uchitomishop.ch\\\/de\\\/produkt\\\/fettuccine-gummi-tsubutsubu-fruits-tea-bourbon-47g\\\/#primaryimage\"},\"image\":{\"@id\":\"https:\\\/\\\/uchitomishop.ch\\\/de\\\/produkt\\\/fettuccine-gummi-tsubutsubu-fruits-tea-bourbon-47g\\\/#primaryimage\"},\"thumbnailUrl\":\"https:\\\/\\\/uchitomishop.ch\\\/wp-content\\\/uploads\\\/2025\\\/09\\\/4901360361410.jpg\",\"datePublished\":\"2025-09-19T13:42:08+00:00\",\"dateModified\":\"2026-03-19T17:04:35+00:00\",\"breadcrumb\":{\"@id\":\"https:\\\/\\\/uchitomishop.ch\\\/de\\\/produkt\\\/fettuccine-gummi-tsubutsubu-fruits-tea-bourbon-47g\\\/#breadcrumb\"},\"inLanguage\":\"de-CH\",\"potentialAction\":[{\"@type\":\"ReadAction\",\"target\":[\"https:\\\/\\\/uchitomishop.ch\\\/de\\\/produkt\\\/fettuccine-gummi-tsubutsubu-fruits-tea-bourbon-47g\\\/\"]}]},{\"@type\":\"ImageObject\",\"inLanguage\":\"de-CH\",\"@id\":\"https:\\\/\\\/uchitomishop.ch\\\/de\\\/produkt\\\/fettuccine-gummi-tsubutsubu-fruits-tea-bourbon-47g\\\/#primaryimage\",\"url\":\"https:\\\/\\\/uchitomishop.ch\\\/wp-content\\\/uploads\\\/2025\\\/09\\\/4901360361410.jpg\",\"contentUrl\":\"https:\\\/\\\/uchitomishop.ch\\\/wp-content\\\/uploads\\\/2025\\\/09\\\/4901360361410.jpg\",\"width\":480,\"height\":600},{\"@type\":\"BreadcrumbList\",\"@id\":\"https:\\\/\\\/uchitomishop.ch\\\/de\\\/produkt\\\/fettuccine-gummi-tsubutsubu-fruits-tea-bourbon-47g\\\/#breadcrumb\",\"itemListElement\":[{\"@type\":\"ListItem\",\"position\":1,\"name\":\"Accueil\",\"item\":\"https:\\\/\\\/uchitomishop.ch\\\/de\\\/homepage\\\/\"},{\"@type\":\"ListItem\",\"position\":2,\"name\":\"Shop\",\"item\":\"https:\\\/\\\/uchitomishop.ch\\\/de\\\/shop\\\/\"},{\"@type\":\"ListItem\",\"position\":3,\"name\":\"FETTUCCINE GUMMI TSUBUTSUBU FRUITS TEA &#171;BOURBON&#187; 47G\"}]},{\"@type\":\"WebSite\",\"@id\":\"https:\\\/\\\/uchitomishop.ch\\\/de\\\/#website\",\"url\":\"https:\\\/\\\/uchitomishop.ch\\\/de\\\/\",\"name\":\"Uchitomishop - Magasin en ligne Japonais - Livraison dans toute la Suisse\",\"description\":\"Japanisches Online-Gesch\u00e4ft. Entdecken Sie alle unsere japanischen Produkte: Lebensmittel, K\u00fcche, B\u00fccher, Haushalt, Schreibwaren, Pflege, Textilien und Geschirr. Lieferung in der gesamten Schweiz.\",\"publisher\":{\"@id\":\"https:\\\/\\\/uchitomishop.ch\\\/de\\\/#organization\"},\"potentialAction\":[{\"@type\":\"SearchAction\",\"target\":{\"@type\":\"EntryPoint\",\"urlTemplate\":\"https:\\\/\\\/uchitomishop.ch\\\/de\\\/?s={search_term_string}\"},\"query-input\":{\"@type\":\"PropertyValueSpecification\",\"valueRequired\":true,\"valueName\":\"search_term_string\"}}],\"inLanguage\":\"de-CH\"},{\"@type\":\"Organization\",\"@id\":\"https:\\\/\\\/uchitomishop.ch\\\/de\\\/#organization\",\"name\":\"Uchitomishop - Japanischer Online-Shop - Lieferung in die ganze Schweiz\",\"url\":\"https:\\\/\\\/uchitomishop.ch\\\/de\\\/\",\"logo\":{\"@type\":\"ImageObject\",\"inLanguage\":\"de-CH\",\"@id\":\"https:\\\/\\\/uchitomishop.ch\\\/de\\\/#\\\/schema\\\/logo\\\/image\\\/\",\"url\":\"https:\\\/\\\/uchitomishop.ch\\\/wp-content\\\/uploads\\\/2024\\\/04\\\/logo.png\",\"contentUrl\":\"https:\\\/\\\/uchitomishop.ch\\\/wp-content\\\/uploads\\\/2024\\\/04\\\/logo.png\",\"width\":380,\"height\":162,\"caption\":\"Uchitomishop - Japanischer Online-Shop - Lieferung in die ganze Schweiz\"},\"image\":{\"@id\":\"https:\\\/\\\/uchitomishop.ch\\\/de\\\/#\\\/schema\\\/logo\\\/image\\\/\"}}]}<\/script>\n<!-- \/ Yoast SEO plugin. -->","yoast_head_json":{"title":"FETTUCCINE GUMMI TSUBUTSUBU FRUITS TEA \"BOURBON\" 47G - Uchitomishop - Japanischer Online-Shop - Lieferung in die ganze Schweiz","robots":{"index":"index","follow":"follow","max-snippet":"max-snippet:-1","max-image-preview":"max-image-preview:large","max-video-preview":"max-video-preview:-1"},"canonical":"https:\/\/uchitomishop.ch\/de\/produkt\/fettuccine-gummi-tsubutsubu-fruits-tea-bourbon-47g\/","og_locale":"de_DE","og_type":"article","og_title":"FETTUCCINE GUMMI TSUBUTSUBU FRUITS TEA \"BOURBON\" 47G - Uchitomishop - Japanischer Online-Shop - Lieferung in die ganze Schweiz","og_description":"Weiche, s\u00e4uerliche Gummibonbons in Form einer Fettuccine-Paste, leicht feste Textur \"al dente\" Geschmack schwarzer Tee Fr\u00fcchte: Pfirsich-Erdbeere-Mango","og_url":"https:\/\/uchitomishop.ch\/de\/produkt\/fettuccine-gummi-tsubutsubu-fruits-tea-bourbon-47g\/","og_site_name":"Uchitomishop - Japanischer Online-Shop - Lieferung in die ganze Schweiz","article_modified_time":"2026-03-19T17:04:35+00:00","og_image":[{"width":480,"height":600,"url":"https:\/\/uchitomishop.ch\/wp-content\/uploads\/2025\/09\/4901360361410.jpg","type":"image\/jpeg"}],"twitter_card":"summary_large_image","schema":{"@context":"https:\/\/schema.org","@graph":[{"@type":"WebPage","@id":"https:\/\/uchitomishop.ch\/de\/produkt\/fettuccine-gummi-tsubutsubu-fruits-tea-bourbon-47g\/","url":"https:\/\/uchitomishop.ch\/de\/produkt\/fettuccine-gummi-tsubutsubu-fruits-tea-bourbon-47g\/","name":"FETTUCCINE GUMMI TSUBUTSUBU FRUITS TEA \"BOURBON\" 47G - Uchitomishop - Japanischer Online-Shop - Lieferung in die ganze Schweiz","isPartOf":{"@id":"https:\/\/uchitomishop.ch\/de\/#website"},"primaryImageOfPage":{"@id":"https:\/\/uchitomishop.ch\/de\/produkt\/fettuccine-gummi-tsubutsubu-fruits-tea-bourbon-47g\/#primaryimage"},"image":{"@id":"https:\/\/uchitomishop.ch\/de\/produkt\/fettuccine-gummi-tsubutsubu-fruits-tea-bourbon-47g\/#primaryimage"},"thumbnailUrl":"https:\/\/uchitomishop.ch\/wp-content\/uploads\/2025\/09\/4901360361410.jpg","datePublished":"2025-09-19T13:42:08+00:00","dateModified":"2026-03-19T17:04:35+00:00","breadcrumb":{"@id":"https:\/\/uchitomishop.ch\/de\/produkt\/fettuccine-gummi-tsubutsubu-fruits-tea-bourbon-47g\/#breadcrumb"},"inLanguage":"de-CH","potentialAction":[{"@type":"ReadAction","target":["https:\/\/uchitomishop.ch\/de\/produkt\/fettuccine-gummi-tsubutsubu-fruits-tea-bourbon-47g\/"]}]},{"@type":"ImageObject","inLanguage":"de-CH","@id":"https:\/\/uchitomishop.ch\/de\/produkt\/fettuccine-gummi-tsubutsubu-fruits-tea-bourbon-47g\/#primaryimage","url":"https:\/\/uchitomishop.ch\/wp-content\/uploads\/2025\/09\/4901360361410.jpg","contentUrl":"https:\/\/uchitomishop.ch\/wp-content\/uploads\/2025\/09\/4901360361410.jpg","width":480,"height":600},{"@type":"BreadcrumbList","@id":"https:\/\/uchitomishop.ch\/de\/produkt\/fettuccine-gummi-tsubutsubu-fruits-tea-bourbon-47g\/#breadcrumb","itemListElement":[{"@type":"ListItem","position":1,"name":"Accueil","item":"https:\/\/uchitomishop.ch\/de\/homepage\/"},{"@type":"ListItem","position":2,"name":"Shop","item":"https:\/\/uchitomishop.ch\/de\/shop\/"},{"@type":"ListItem","position":3,"name":"FETTUCCINE GUMMI TSUBUTSUBU FRUITS TEA &#171;BOURBON&#187; 47G"}]},{"@type":"WebSite","@id":"https:\/\/uchitomishop.ch\/de\/#website","url":"https:\/\/uchitomishop.ch\/de\/","name":"Uchitomishop - Magasin en ligne Japonais - Livraison dans toute la Suisse","description":"Japanisches Online-Gesch\u00e4ft. Entdecken Sie alle unsere japanischen Produkte: Lebensmittel, K\u00fcche, B\u00fccher, Haushalt, Schreibwaren, Pflege, Textilien und Geschirr. Lieferung in der gesamten Schweiz.","publisher":{"@id":"https:\/\/uchitomishop.ch\/de\/#organization"},"potentialAction":[{"@type":"SearchAction","target":{"@type":"EntryPoint","urlTemplate":"https:\/\/uchitomishop.ch\/de\/?s={search_term_string}"},"query-input":{"@type":"PropertyValueSpecification","valueRequired":true,"valueName":"search_term_string"}}],"inLanguage":"de-CH"},{"@type":"Organization","@id":"https:\/\/uchitomishop.ch\/de\/#organization","name":"Uchitomishop - Japanischer Online-Shop - Lieferung in die ganze Schweiz","url":"https:\/\/uchitomishop.ch\/de\/","logo":{"@type":"ImageObject","inLanguage":"de-CH","@id":"https:\/\/uchitomishop.ch\/de\/#\/schema\/logo\/image\/","url":"https:\/\/uchitomishop.ch\/wp-content\/uploads\/2024\/04\/logo.png","contentUrl":"https:\/\/uchitomishop.ch\/wp-content\/uploads\/2024\/04\/logo.png","width":380,"height":162,"caption":"Uchitomishop - Japanischer Online-Shop - Lieferung in die ganze Schweiz"},"image":{"@id":"https:\/\/uchitomishop.ch\/de\/#\/schema\/logo\/image\/"}}]}},"_links":{"self":[{"href":"https:\/\/uchitomishop.ch\/de\/wp-json\/wp\/v2\/product\/208424","targetHints":{"allow":["GET"]}}],"collection":[{"href":"https:\/\/uchitomishop.ch\/de\/wp-json\/wp\/v2\/product"}],"about":[{"href":"https:\/\/uchitomishop.ch\/de\/wp-json\/wp\/v2\/types\/product"}],"replies":[{"embeddable":true,"href":"https:\/\/uchitomishop.ch\/de\/wp-json\/wp\/v2\/comments?post=208424"}],"wp:featuredmedia":[{"embeddable":true,"href":"https:\/\/uchitomishop.ch\/de\/wp-json\/wp\/v2\/media\/208627"}],"wp:attachment":[{"href":"https:\/\/uchitomishop.ch\/de\/wp-json\/wp\/v2\/media?parent=208424"}],"wp:term":[{"taxonomy":"product_brand","embeddable":true,"href":"https:\/\/uchitomishop.ch\/de\/wp-json\/wp\/v2\/product_brand?post=208424"},{"taxonomy":"product_cat","embeddable":true,"href":"https:\/\/uchitomishop.ch\/de\/wp-json\/wp\/v2\/product_cat?post=208424"},{"taxonomy":"product_tag","embeddable":true,"href":"https:\/\/uchitomishop.ch\/de\/wp-json\/wp\/v2\/product_tag?post=208424"}],"curies":[{"name":"wp","href":"https:\/\/api.w.org\/{rel}","templated":true}]}}