{"id":204857,"date":"2025-07-02T10:07:47","date_gmt":"2025-07-02T08:07:47","guid":{"rendered":"https:\/\/uchitomishop.ch\/produit\/lock-pack-square-m-clear-sanada-680ml-d-5727\/"},"modified":"2026-02-02T12:08:56","modified_gmt":"2026-02-02T11:08:56","slug":"lock-pack-square-m-clear-sanada-680ml-d-5727","status":"publish","type":"product","link":"https:\/\/uchitomishop.ch\/de\/produkt\/lock-pack-square-m-clear-sanada-680ml-d-5727\/","title":{"rendered":"LOCK PACK SQUARE M CLEAR &#171;SANADA&#187; 680ML D-5727"},"content":{"rendered":"<p>Quadratische Aufbewahrungsbox aus transparentem Kunststoff Gr\u00f6\u00dfe M, 95\u00d795\u00d7113Hmm<\/p>\n","protected":false},"excerpt":{"rendered":"<p>Quadratische Aufbewahrungsbox aus transparentem Kunststoff Gr\u00f6\u00dfe M, 95\u00d795\u00d7113Hmm<\/p>\n","protected":false},"featured_media":205059,"comment_status":"open","ping_status":"closed","template":"","meta":{"_acf_changed":false},"product_brand":[],"product_cat":[448,500,450],"product_tag":[],"class_list":{"0":"post-204857","1":"product","2":"type-product","3":"status-publish","4":"has-post-thumbnail","6":"product_cat-kuche","7":"product_cat-schachteln-behalter-verschiedene-trager","8":"product_cat-verschiedenes-kuche","10":"first","11":"instock","12":"taxable","13":"shipping-taxable","14":"purchasable","15":"product-type-simple"},"acf":[],"yoast_head":"<!-- This site is optimized with the Yoast SEO plugin v27.0 - https:\/\/yoast.com\/product\/yoast-seo-wordpress\/ -->\n<title>LOCK PACK SQUARE M CLEAR &quot;SANADA&quot; 680ML D-5727 - Uchitomishop - Japanischer Online-Shop - Lieferung in die ganze Schweiz<\/title>\n<meta name=\"robots\" content=\"index, follow, max-snippet:-1, max-image-preview:large, max-video-preview:-1\" \/>\n<link rel=\"canonical\" href=\"https:\/\/uchitomishop.ch\/de\/produkt\/lock-pack-square-m-clear-sanada-680ml-d-5727\/\" \/>\n<meta property=\"og:locale\" content=\"de_DE\" \/>\n<meta property=\"og:type\" content=\"article\" \/>\n<meta property=\"og:title\" content=\"LOCK PACK SQUARE M CLEAR &quot;SANADA&quot; 680ML D-5727 - Uchitomishop - Japanischer Online-Shop - Lieferung in die ganze Schweiz\" \/>\n<meta property=\"og:description\" content=\"Quadratische Aufbewahrungsbox aus transparentem Kunststoff Gr\u00f6\u00dfe M, 95\u00d795\u00d7113Hmm\" \/>\n<meta property=\"og:url\" content=\"https:\/\/uchitomishop.ch\/de\/produkt\/lock-pack-square-m-clear-sanada-680ml-d-5727\/\" \/>\n<meta property=\"og:site_name\" content=\"Uchitomishop - Japanischer Online-Shop - Lieferung in die ganze Schweiz\" \/>\n<meta property=\"article:modified_time\" content=\"2026-02-02T11:08:56+00:00\" \/>\n<meta property=\"og:image\" content=\"https:\/\/uchitomishop.ch\/wp-content\/uploads\/2025\/07\/4973430021494.jpg\" \/>\n\t<meta property=\"og:image:width\" content=\"300\" \/>\n\t<meta property=\"og:image:height\" content=\"346\" \/>\n\t<meta property=\"og:image:type\" content=\"image\/jpeg\" \/>\n<meta name=\"twitter:card\" content=\"summary_large_image\" \/>\n<script type=\"application\/ld+json\" class=\"yoast-schema-graph\">{\"@context\":\"https:\/\/schema.org\",\"@graph\":[{\"@type\":\"WebPage\",\"@id\":\"https:\/\/uchitomishop.ch\/de\/produkt\/lock-pack-square-m-clear-sanada-680ml-d-5727\/\",\"url\":\"https:\/\/uchitomishop.ch\/de\/produkt\/lock-pack-square-m-clear-sanada-680ml-d-5727\/\",\"name\":\"LOCK PACK SQUARE M CLEAR \\\"SANADA\\\" 680ML D-5727 - Uchitomishop - Japanischer Online-Shop - Lieferung in die ganze Schweiz\",\"isPartOf\":{\"@id\":\"https:\/\/uchitomishop.ch\/de\/#website\"},\"primaryImageOfPage\":{\"@id\":\"https:\/\/uchitomishop.ch\/de\/produkt\/lock-pack-square-m-clear-sanada-680ml-d-5727\/#primaryimage\"},\"image\":{\"@id\":\"https:\/\/uchitomishop.ch\/de\/produkt\/lock-pack-square-m-clear-sanada-680ml-d-5727\/#primaryimage\"},\"thumbnailUrl\":\"https:\/\/uchitomishop.ch\/wp-content\/uploads\/2025\/07\/4973430021494.jpg\",\"datePublished\":\"2025-07-02T08:07:47+00:00\",\"dateModified\":\"2026-02-02T11:08:56+00:00\",\"breadcrumb\":{\"@id\":\"https:\/\/uchitomishop.ch\/de\/produkt\/lock-pack-square-m-clear-sanada-680ml-d-5727\/#breadcrumb\"},\"inLanguage\":\"de-CH\",\"potentialAction\":[{\"@type\":\"ReadAction\",\"target\":[\"https:\/\/uchitomishop.ch\/de\/produkt\/lock-pack-square-m-clear-sanada-680ml-d-5727\/\"]}]},{\"@type\":\"ImageObject\",\"inLanguage\":\"de-CH\",\"@id\":\"https:\/\/uchitomishop.ch\/de\/produkt\/lock-pack-square-m-clear-sanada-680ml-d-5727\/#primaryimage\",\"url\":\"https:\/\/uchitomishop.ch\/wp-content\/uploads\/2025\/07\/4973430021494.jpg\",\"contentUrl\":\"https:\/\/uchitomishop.ch\/wp-content\/uploads\/2025\/07\/4973430021494.jpg\",\"width\":300,\"height\":346},{\"@type\":\"BreadcrumbList\",\"@id\":\"https:\/\/uchitomishop.ch\/de\/produkt\/lock-pack-square-m-clear-sanada-680ml-d-5727\/#breadcrumb\",\"itemListElement\":[{\"@type\":\"ListItem\",\"position\":1,\"name\":\"Accueil\",\"item\":\"https:\/\/uchitomishop.ch\/de\/homepage\/\"},{\"@type\":\"ListItem\",\"position\":2,\"name\":\"Shop\",\"item\":\"https:\/\/uchitomishop.ch\/de\/shop\/\"},{\"@type\":\"ListItem\",\"position\":3,\"name\":\"LOCK PACK SQUARE M CLEAR \u00ab\u00a0SANADA\u00a0\u00bb 680ML D-5727\"}]},{\"@type\":\"WebSite\",\"@id\":\"https:\/\/uchitomishop.ch\/de\/#website\",\"url\":\"https:\/\/uchitomishop.ch\/de\/\",\"name\":\"Uchitomishop - Magasin en ligne Japonais - Livraison dans toute la Suisse\",\"description\":\"Japanisches Online-Gesch\u00e4ft. Entdecken Sie alle unsere japanischen Produkte: Lebensmittel, K\u00fcche, B\u00fccher, Haushalt, Schreibwaren, Pflege, Textilien und Geschirr. Lieferung in der gesamten Schweiz.\",\"publisher\":{\"@id\":\"https:\/\/uchitomishop.ch\/de\/#organization\"},\"potentialAction\":[{\"@type\":\"SearchAction\",\"target\":{\"@type\":\"EntryPoint\",\"urlTemplate\":\"https:\/\/uchitomishop.ch\/de\/?s={search_term_string}\"},\"query-input\":{\"@type\":\"PropertyValueSpecification\",\"valueRequired\":true,\"valueName\":\"search_term_string\"}}],\"inLanguage\":\"de-CH\"},{\"@type\":\"Organization\",\"@id\":\"https:\/\/uchitomishop.ch\/de\/#organization\",\"name\":\"Uchitomishop - Japanischer Online-Shop - Lieferung in die ganze Schweiz\",\"url\":\"https:\/\/uchitomishop.ch\/de\/\",\"logo\":{\"@type\":\"ImageObject\",\"inLanguage\":\"de-CH\",\"@id\":\"https:\/\/uchitomishop.ch\/de\/#\/schema\/logo\/image\/\",\"url\":\"https:\/\/uchitomishop.ch\/wp-content\/uploads\/2024\/04\/logo.png\",\"contentUrl\":\"https:\/\/uchitomishop.ch\/wp-content\/uploads\/2024\/04\/logo.png\",\"width\":380,\"height\":162,\"caption\":\"Uchitomishop - Japanischer Online-Shop - Lieferung in die ganze Schweiz\"},\"image\":{\"@id\":\"https:\/\/uchitomishop.ch\/de\/#\/schema\/logo\/image\/\"}}]}<\/script>\n<!-- \/ Yoast SEO plugin. -->","yoast_head_json":{"title":"LOCK PACK SQUARE M CLEAR \"SANADA\" 680ML D-5727 - Uchitomishop - Japanischer Online-Shop - Lieferung in die ganze Schweiz","robots":{"index":"index","follow":"follow","max-snippet":"max-snippet:-1","max-image-preview":"max-image-preview:large","max-video-preview":"max-video-preview:-1"},"canonical":"https:\/\/uchitomishop.ch\/de\/produkt\/lock-pack-square-m-clear-sanada-680ml-d-5727\/","og_locale":"de_DE","og_type":"article","og_title":"LOCK PACK SQUARE M CLEAR \"SANADA\" 680ML D-5727 - Uchitomishop - Japanischer Online-Shop - Lieferung in die ganze Schweiz","og_description":"Quadratische Aufbewahrungsbox aus transparentem Kunststoff Gr\u00f6\u00dfe M, 95\u00d795\u00d7113Hmm","og_url":"https:\/\/uchitomishop.ch\/de\/produkt\/lock-pack-square-m-clear-sanada-680ml-d-5727\/","og_site_name":"Uchitomishop - Japanischer Online-Shop - Lieferung in die ganze Schweiz","article_modified_time":"2026-02-02T11:08:56+00:00","og_image":[{"width":300,"height":346,"url":"https:\/\/uchitomishop.ch\/wp-content\/uploads\/2025\/07\/4973430021494.jpg","type":"image\/jpeg"}],"twitter_card":"summary_large_image","schema":{"@context":"https:\/\/schema.org","@graph":[{"@type":"WebPage","@id":"https:\/\/uchitomishop.ch\/de\/produkt\/lock-pack-square-m-clear-sanada-680ml-d-5727\/","url":"https:\/\/uchitomishop.ch\/de\/produkt\/lock-pack-square-m-clear-sanada-680ml-d-5727\/","name":"LOCK PACK SQUARE M CLEAR \"SANADA\" 680ML D-5727 - Uchitomishop - Japanischer Online-Shop - Lieferung in die ganze Schweiz","isPartOf":{"@id":"https:\/\/uchitomishop.ch\/de\/#website"},"primaryImageOfPage":{"@id":"https:\/\/uchitomishop.ch\/de\/produkt\/lock-pack-square-m-clear-sanada-680ml-d-5727\/#primaryimage"},"image":{"@id":"https:\/\/uchitomishop.ch\/de\/produkt\/lock-pack-square-m-clear-sanada-680ml-d-5727\/#primaryimage"},"thumbnailUrl":"https:\/\/uchitomishop.ch\/wp-content\/uploads\/2025\/07\/4973430021494.jpg","datePublished":"2025-07-02T08:07:47+00:00","dateModified":"2026-02-02T11:08:56+00:00","breadcrumb":{"@id":"https:\/\/uchitomishop.ch\/de\/produkt\/lock-pack-square-m-clear-sanada-680ml-d-5727\/#breadcrumb"},"inLanguage":"de-CH","potentialAction":[{"@type":"ReadAction","target":["https:\/\/uchitomishop.ch\/de\/produkt\/lock-pack-square-m-clear-sanada-680ml-d-5727\/"]}]},{"@type":"ImageObject","inLanguage":"de-CH","@id":"https:\/\/uchitomishop.ch\/de\/produkt\/lock-pack-square-m-clear-sanada-680ml-d-5727\/#primaryimage","url":"https:\/\/uchitomishop.ch\/wp-content\/uploads\/2025\/07\/4973430021494.jpg","contentUrl":"https:\/\/uchitomishop.ch\/wp-content\/uploads\/2025\/07\/4973430021494.jpg","width":300,"height":346},{"@type":"BreadcrumbList","@id":"https:\/\/uchitomishop.ch\/de\/produkt\/lock-pack-square-m-clear-sanada-680ml-d-5727\/#breadcrumb","itemListElement":[{"@type":"ListItem","position":1,"name":"Accueil","item":"https:\/\/uchitomishop.ch\/de\/homepage\/"},{"@type":"ListItem","position":2,"name":"Shop","item":"https:\/\/uchitomishop.ch\/de\/shop\/"},{"@type":"ListItem","position":3,"name":"LOCK PACK SQUARE M CLEAR \u00ab\u00a0SANADA\u00a0\u00bb 680ML D-5727"}]},{"@type":"WebSite","@id":"https:\/\/uchitomishop.ch\/de\/#website","url":"https:\/\/uchitomishop.ch\/de\/","name":"Uchitomishop - Magasin en ligne Japonais - Livraison dans toute la Suisse","description":"Japanisches Online-Gesch\u00e4ft. Entdecken Sie alle unsere japanischen Produkte: Lebensmittel, K\u00fcche, B\u00fccher, Haushalt, Schreibwaren, Pflege, Textilien und Geschirr. Lieferung in der gesamten Schweiz.","publisher":{"@id":"https:\/\/uchitomishop.ch\/de\/#organization"},"potentialAction":[{"@type":"SearchAction","target":{"@type":"EntryPoint","urlTemplate":"https:\/\/uchitomishop.ch\/de\/?s={search_term_string}"},"query-input":{"@type":"PropertyValueSpecification","valueRequired":true,"valueName":"search_term_string"}}],"inLanguage":"de-CH"},{"@type":"Organization","@id":"https:\/\/uchitomishop.ch\/de\/#organization","name":"Uchitomishop - Japanischer Online-Shop - Lieferung in die ganze Schweiz","url":"https:\/\/uchitomishop.ch\/de\/","logo":{"@type":"ImageObject","inLanguage":"de-CH","@id":"https:\/\/uchitomishop.ch\/de\/#\/schema\/logo\/image\/","url":"https:\/\/uchitomishop.ch\/wp-content\/uploads\/2024\/04\/logo.png","contentUrl":"https:\/\/uchitomishop.ch\/wp-content\/uploads\/2024\/04\/logo.png","width":380,"height":162,"caption":"Uchitomishop - Japanischer Online-Shop - Lieferung in die ganze Schweiz"},"image":{"@id":"https:\/\/uchitomishop.ch\/de\/#\/schema\/logo\/image\/"}}]}},"_links":{"self":[{"href":"https:\/\/uchitomishop.ch\/de\/wp-json\/wp\/v2\/product\/204857","targetHints":{"allow":["GET"]}}],"collection":[{"href":"https:\/\/uchitomishop.ch\/de\/wp-json\/wp\/v2\/product"}],"about":[{"href":"https:\/\/uchitomishop.ch\/de\/wp-json\/wp\/v2\/types\/product"}],"replies":[{"embeddable":true,"href":"https:\/\/uchitomishop.ch\/de\/wp-json\/wp\/v2\/comments?post=204857"}],"wp:featuredmedia":[{"embeddable":true,"href":"https:\/\/uchitomishop.ch\/de\/wp-json\/wp\/v2\/media\/205059"}],"wp:attachment":[{"href":"https:\/\/uchitomishop.ch\/de\/wp-json\/wp\/v2\/media?parent=204857"}],"wp:term":[{"taxonomy":"product_brand","embeddable":true,"href":"https:\/\/uchitomishop.ch\/de\/wp-json\/wp\/v2\/product_brand?post=204857"},{"taxonomy":"product_cat","embeddable":true,"href":"https:\/\/uchitomishop.ch\/de\/wp-json\/wp\/v2\/product_cat?post=204857"},{"taxonomy":"product_tag","embeddable":true,"href":"https:\/\/uchitomishop.ch\/de\/wp-json\/wp\/v2\/product_tag?post=204857"}],"curies":[{"name":"wp","href":"https:\/\/api.w.org\/{rel}","templated":true}]}}