{"id":204301,"date":"2025-05-28T14:07:30","date_gmt":"2025-05-28T12:07:30","guid":{"rendered":"https:\/\/uchitomishop.ch\/produit\/okazu-pick-45mm-8p-torune-p-3662\/"},"modified":"2026-01-30T12:15:06","modified_gmt":"2026-01-30T11:15:06","slug":"okazu-pick-45mm-8p-torune-p-3662","status":"publish","type":"product","link":"https:\/\/uchitomishop.ch\/de\/produkt\/okazu-pick-45mm-8p-torune-p-3662\/","title":{"rendered":"OKAZU PICK 45MM 8P &#171;TORUNE&#187; P-3662"},"content":{"rendered":"<p>Plastikspie\u00dfe mit 4 verschiedenen Spitzen: panierte Garnele, hartgekochtes Ei, Oktopus-Wurst, Brokkoli, nicht mikrowellengeeignet f\u00fcr Bento-Dekoration<\/p>\n","protected":false},"excerpt":{"rendered":"<p>Plastikspie\u00dfe mit 4 verschiedenen Spitzen: panierte Garnele, hartgekochtes Ei, Oktopuswurst, Brokkoli, nicht mikrowellengeeignet f\u00fcr Bento-Dekoration<\/p>\n","protected":false},"featured_media":204358,"comment_status":"open","ping_status":"closed","template":"","meta":{"_acf_changed":false},"product_brand":[],"product_cat":[448,465,450],"product_tag":[],"class_list":{"0":"post-204301","1":"product","2":"type-product","3":"status-publish","4":"has-post-thumbnail","6":"product_cat-kuche","7":"product_cat-pik-spies","8":"product_cat-verschiedenes-kuche","10":"first","11":"instock","12":"taxable","13":"shipping-taxable","14":"purchasable","15":"product-type-simple"},"acf":[],"yoast_head":"<!-- This site is optimized with the Yoast SEO plugin v27.0 - https:\/\/yoast.com\/product\/yoast-seo-wordpress\/ -->\n<title>OKAZU PICK 45MM 8P &quot;TORUNE&quot; P-3662 - Uchitomishop - Japanischer Online-Shop - Lieferung in die ganze Schweiz<\/title>\n<meta name=\"robots\" content=\"index, follow, max-snippet:-1, max-image-preview:large, max-video-preview:-1\" \/>\n<link rel=\"canonical\" href=\"https:\/\/uchitomishop.ch\/de\/produkt\/okazu-pick-45mm-8p-torune-p-3662\/\" \/>\n<meta property=\"og:locale\" content=\"de_DE\" \/>\n<meta property=\"og:type\" content=\"article\" \/>\n<meta property=\"og:title\" content=\"OKAZU PICK 45MM 8P &quot;TORUNE&quot; P-3662 - Uchitomishop - Japanischer Online-Shop - Lieferung in die ganze Schweiz\" \/>\n<meta property=\"og:description\" content=\"Plastikspie\u00dfe mit 4 verschiedenen Spitzen: panierte Garnele, hartgekochtes Ei, Oktopuswurst, Brokkoli, nicht mikrowellengeeignet f\u00fcr Bento-Dekoration\" \/>\n<meta property=\"og:url\" content=\"https:\/\/uchitomishop.ch\/de\/produkt\/okazu-pick-45mm-8p-torune-p-3662\/\" \/>\n<meta property=\"og:site_name\" content=\"Uchitomishop - Japanischer Online-Shop - Lieferung in die ganze Schweiz\" \/>\n<meta property=\"article:modified_time\" content=\"2026-01-30T11:15:06+00:00\" \/>\n<meta property=\"og:image\" content=\"https:\/\/uchitomishop.ch\/wp-content\/uploads\/2025\/06\/49047051687981.jpg\" \/>\n\t<meta property=\"og:image:width\" content=\"367\" \/>\n\t<meta property=\"og:image:height\" content=\"367\" \/>\n\t<meta property=\"og:image:type\" content=\"image\/jpeg\" \/>\n<meta name=\"twitter:card\" content=\"summary_large_image\" \/>\n<script type=\"application\/ld+json\" class=\"yoast-schema-graph\">{\"@context\":\"https:\/\/schema.org\",\"@graph\":[{\"@type\":\"WebPage\",\"@id\":\"https:\/\/uchitomishop.ch\/de\/produkt\/okazu-pick-45mm-8p-torune-p-3662\/\",\"url\":\"https:\/\/uchitomishop.ch\/de\/produkt\/okazu-pick-45mm-8p-torune-p-3662\/\",\"name\":\"OKAZU PICK 45MM 8P \\\"TORUNE\\\" P-3662 - Uchitomishop - Japanischer Online-Shop - Lieferung in die ganze Schweiz\",\"isPartOf\":{\"@id\":\"https:\/\/uchitomishop.ch\/de\/#website\"},\"primaryImageOfPage\":{\"@id\":\"https:\/\/uchitomishop.ch\/de\/produkt\/okazu-pick-45mm-8p-torune-p-3662\/#primaryimage\"},\"image\":{\"@id\":\"https:\/\/uchitomishop.ch\/de\/produkt\/okazu-pick-45mm-8p-torune-p-3662\/#primaryimage\"},\"thumbnailUrl\":\"https:\/\/uchitomishop.ch\/wp-content\/uploads\/2025\/06\/49047051687981.jpg\",\"datePublished\":\"2025-05-28T12:07:30+00:00\",\"dateModified\":\"2026-01-30T11:15:06+00:00\",\"breadcrumb\":{\"@id\":\"https:\/\/uchitomishop.ch\/de\/produkt\/okazu-pick-45mm-8p-torune-p-3662\/#breadcrumb\"},\"inLanguage\":\"de-CH\",\"potentialAction\":[{\"@type\":\"ReadAction\",\"target\":[\"https:\/\/uchitomishop.ch\/de\/produkt\/okazu-pick-45mm-8p-torune-p-3662\/\"]}]},{\"@type\":\"ImageObject\",\"inLanguage\":\"de-CH\",\"@id\":\"https:\/\/uchitomishop.ch\/de\/produkt\/okazu-pick-45mm-8p-torune-p-3662\/#primaryimage\",\"url\":\"https:\/\/uchitomishop.ch\/wp-content\/uploads\/2025\/06\/49047051687981.jpg\",\"contentUrl\":\"https:\/\/uchitomishop.ch\/wp-content\/uploads\/2025\/06\/49047051687981.jpg\",\"width\":367,\"height\":367},{\"@type\":\"BreadcrumbList\",\"@id\":\"https:\/\/uchitomishop.ch\/de\/produkt\/okazu-pick-45mm-8p-torune-p-3662\/#breadcrumb\",\"itemListElement\":[{\"@type\":\"ListItem\",\"position\":1,\"name\":\"Accueil\",\"item\":\"https:\/\/uchitomishop.ch\/de\/homepage\/\"},{\"@type\":\"ListItem\",\"position\":2,\"name\":\"Shop\",\"item\":\"https:\/\/uchitomishop.ch\/de\/shop\/\"},{\"@type\":\"ListItem\",\"position\":3,\"name\":\"OKAZU PICK 45MM 8P \u00ab\u00a0TORUNE\u00a0\u00bb P-3662\"}]},{\"@type\":\"WebSite\",\"@id\":\"https:\/\/uchitomishop.ch\/de\/#website\",\"url\":\"https:\/\/uchitomishop.ch\/de\/\",\"name\":\"Uchitomishop - Magasin en ligne Japonais - Livraison dans toute la Suisse\",\"description\":\"Japanisches Online-Gesch\u00e4ft. Entdecken Sie alle unsere japanischen Produkte: Lebensmittel, K\u00fcche, B\u00fccher, Haushalt, Schreibwaren, Pflege, Textilien und Geschirr. Lieferung in der gesamten Schweiz.\",\"publisher\":{\"@id\":\"https:\/\/uchitomishop.ch\/de\/#organization\"},\"potentialAction\":[{\"@type\":\"SearchAction\",\"target\":{\"@type\":\"EntryPoint\",\"urlTemplate\":\"https:\/\/uchitomishop.ch\/de\/?s={search_term_string}\"},\"query-input\":{\"@type\":\"PropertyValueSpecification\",\"valueRequired\":true,\"valueName\":\"search_term_string\"}}],\"inLanguage\":\"de-CH\"},{\"@type\":\"Organization\",\"@id\":\"https:\/\/uchitomishop.ch\/de\/#organization\",\"name\":\"Uchitomishop - Japanischer Online-Shop - Lieferung in die ganze Schweiz\",\"url\":\"https:\/\/uchitomishop.ch\/de\/\",\"logo\":{\"@type\":\"ImageObject\",\"inLanguage\":\"de-CH\",\"@id\":\"https:\/\/uchitomishop.ch\/de\/#\/schema\/logo\/image\/\",\"url\":\"https:\/\/uchitomishop.ch\/wp-content\/uploads\/2024\/04\/logo.png\",\"contentUrl\":\"https:\/\/uchitomishop.ch\/wp-content\/uploads\/2024\/04\/logo.png\",\"width\":380,\"height\":162,\"caption\":\"Uchitomishop - Japanischer Online-Shop - Lieferung in die ganze Schweiz\"},\"image\":{\"@id\":\"https:\/\/uchitomishop.ch\/de\/#\/schema\/logo\/image\/\"}}]}<\/script>\n<!-- \/ Yoast SEO plugin. -->","yoast_head_json":{"title":"OKAZU PICK 45MM 8P \"TORUNE\" P-3662 - Uchitomishop - Japanischer Online-Shop - Lieferung in die ganze Schweiz","robots":{"index":"index","follow":"follow","max-snippet":"max-snippet:-1","max-image-preview":"max-image-preview:large","max-video-preview":"max-video-preview:-1"},"canonical":"https:\/\/uchitomishop.ch\/de\/produkt\/okazu-pick-45mm-8p-torune-p-3662\/","og_locale":"de_DE","og_type":"article","og_title":"OKAZU PICK 45MM 8P \"TORUNE\" P-3662 - Uchitomishop - Japanischer Online-Shop - Lieferung in die ganze Schweiz","og_description":"Plastikspie\u00dfe mit 4 verschiedenen Spitzen: panierte Garnele, hartgekochtes Ei, Oktopuswurst, Brokkoli, nicht mikrowellengeeignet f\u00fcr Bento-Dekoration","og_url":"https:\/\/uchitomishop.ch\/de\/produkt\/okazu-pick-45mm-8p-torune-p-3662\/","og_site_name":"Uchitomishop - Japanischer Online-Shop - Lieferung in die ganze Schweiz","article_modified_time":"2026-01-30T11:15:06+00:00","og_image":[{"width":367,"height":367,"url":"https:\/\/uchitomishop.ch\/wp-content\/uploads\/2025\/06\/49047051687981.jpg","type":"image\/jpeg"}],"twitter_card":"summary_large_image","schema":{"@context":"https:\/\/schema.org","@graph":[{"@type":"WebPage","@id":"https:\/\/uchitomishop.ch\/de\/produkt\/okazu-pick-45mm-8p-torune-p-3662\/","url":"https:\/\/uchitomishop.ch\/de\/produkt\/okazu-pick-45mm-8p-torune-p-3662\/","name":"OKAZU PICK 45MM 8P \"TORUNE\" P-3662 - Uchitomishop - Japanischer Online-Shop - Lieferung in die ganze Schweiz","isPartOf":{"@id":"https:\/\/uchitomishop.ch\/de\/#website"},"primaryImageOfPage":{"@id":"https:\/\/uchitomishop.ch\/de\/produkt\/okazu-pick-45mm-8p-torune-p-3662\/#primaryimage"},"image":{"@id":"https:\/\/uchitomishop.ch\/de\/produkt\/okazu-pick-45mm-8p-torune-p-3662\/#primaryimage"},"thumbnailUrl":"https:\/\/uchitomishop.ch\/wp-content\/uploads\/2025\/06\/49047051687981.jpg","datePublished":"2025-05-28T12:07:30+00:00","dateModified":"2026-01-30T11:15:06+00:00","breadcrumb":{"@id":"https:\/\/uchitomishop.ch\/de\/produkt\/okazu-pick-45mm-8p-torune-p-3662\/#breadcrumb"},"inLanguage":"de-CH","potentialAction":[{"@type":"ReadAction","target":["https:\/\/uchitomishop.ch\/de\/produkt\/okazu-pick-45mm-8p-torune-p-3662\/"]}]},{"@type":"ImageObject","inLanguage":"de-CH","@id":"https:\/\/uchitomishop.ch\/de\/produkt\/okazu-pick-45mm-8p-torune-p-3662\/#primaryimage","url":"https:\/\/uchitomishop.ch\/wp-content\/uploads\/2025\/06\/49047051687981.jpg","contentUrl":"https:\/\/uchitomishop.ch\/wp-content\/uploads\/2025\/06\/49047051687981.jpg","width":367,"height":367},{"@type":"BreadcrumbList","@id":"https:\/\/uchitomishop.ch\/de\/produkt\/okazu-pick-45mm-8p-torune-p-3662\/#breadcrumb","itemListElement":[{"@type":"ListItem","position":1,"name":"Accueil","item":"https:\/\/uchitomishop.ch\/de\/homepage\/"},{"@type":"ListItem","position":2,"name":"Shop","item":"https:\/\/uchitomishop.ch\/de\/shop\/"},{"@type":"ListItem","position":3,"name":"OKAZU PICK 45MM 8P \u00ab\u00a0TORUNE\u00a0\u00bb P-3662"}]},{"@type":"WebSite","@id":"https:\/\/uchitomishop.ch\/de\/#website","url":"https:\/\/uchitomishop.ch\/de\/","name":"Uchitomishop - Magasin en ligne Japonais - Livraison dans toute la Suisse","description":"Japanisches Online-Gesch\u00e4ft. Entdecken Sie alle unsere japanischen Produkte: Lebensmittel, K\u00fcche, B\u00fccher, Haushalt, Schreibwaren, Pflege, Textilien und Geschirr. Lieferung in der gesamten Schweiz.","publisher":{"@id":"https:\/\/uchitomishop.ch\/de\/#organization"},"potentialAction":[{"@type":"SearchAction","target":{"@type":"EntryPoint","urlTemplate":"https:\/\/uchitomishop.ch\/de\/?s={search_term_string}"},"query-input":{"@type":"PropertyValueSpecification","valueRequired":true,"valueName":"search_term_string"}}],"inLanguage":"de-CH"},{"@type":"Organization","@id":"https:\/\/uchitomishop.ch\/de\/#organization","name":"Uchitomishop - Japanischer Online-Shop - Lieferung in die ganze Schweiz","url":"https:\/\/uchitomishop.ch\/de\/","logo":{"@type":"ImageObject","inLanguage":"de-CH","@id":"https:\/\/uchitomishop.ch\/de\/#\/schema\/logo\/image\/","url":"https:\/\/uchitomishop.ch\/wp-content\/uploads\/2024\/04\/logo.png","contentUrl":"https:\/\/uchitomishop.ch\/wp-content\/uploads\/2024\/04\/logo.png","width":380,"height":162,"caption":"Uchitomishop - Japanischer Online-Shop - Lieferung in die ganze Schweiz"},"image":{"@id":"https:\/\/uchitomishop.ch\/de\/#\/schema\/logo\/image\/"}}]}},"_links":{"self":[{"href":"https:\/\/uchitomishop.ch\/de\/wp-json\/wp\/v2\/product\/204301","targetHints":{"allow":["GET"]}}],"collection":[{"href":"https:\/\/uchitomishop.ch\/de\/wp-json\/wp\/v2\/product"}],"about":[{"href":"https:\/\/uchitomishop.ch\/de\/wp-json\/wp\/v2\/types\/product"}],"replies":[{"embeddable":true,"href":"https:\/\/uchitomishop.ch\/de\/wp-json\/wp\/v2\/comments?post=204301"}],"wp:featuredmedia":[{"embeddable":true,"href":"https:\/\/uchitomishop.ch\/de\/wp-json\/wp\/v2\/media\/204358"}],"wp:attachment":[{"href":"https:\/\/uchitomishop.ch\/de\/wp-json\/wp\/v2\/media?parent=204301"}],"wp:term":[{"taxonomy":"product_brand","embeddable":true,"href":"https:\/\/uchitomishop.ch\/de\/wp-json\/wp\/v2\/product_brand?post=204301"},{"taxonomy":"product_cat","embeddable":true,"href":"https:\/\/uchitomishop.ch\/de\/wp-json\/wp\/v2\/product_cat?post=204301"},{"taxonomy":"product_tag","embeddable":true,"href":"https:\/\/uchitomishop.ch\/de\/wp-json\/wp\/v2\/product_tag?post=204301"}],"curies":[{"name":"wp","href":"https:\/\/api.w.org\/{rel}","templated":true}]}}