{"id":195051,"date":"2025-03-24T13:45:30","date_gmt":"2025-03-24T12:45:30","guid":{"rendered":"https:\/\/uchitomishop.ch\/produit\/cho-shogayaki-no-tare-kikkoman-320g\/"},"modified":"2026-02-02T21:42:16","modified_gmt":"2026-02-02T20:42:16","slug":"cho-shogayaki-no-tare-kikkoman-320g","status":"publish","type":"product","link":"https:\/\/uchitomishop.ch\/de\/produkt\/cho-shogayaki-no-tare-kikkoman-320g\/","title":{"rendered":"CHO SHOGAYAKI NO TARE &#171;KIKKOMAN&#187; 320G"},"content":{"rendered":"<p>Milde Ingwersauce f\u00fcr gebratenes Fleisch, reich an Gem\u00fcse und Fr\u00fcchten<\/p>\n","protected":false},"excerpt":{"rendered":"<p>Milde Ingwersauce f\u00fcr gebratenes Fleisch, reich an Gem\u00fcse und Fr\u00fcchten<\/p>\n","protected":false},"featured_media":197443,"comment_status":"open","ping_status":"closed","template":"","meta":{"_acf_changed":false},"product_brand":[],"product_cat":[444,466,454],"product_tag":[],"class_list":{"0":"post-195051","1":"product","2":"type-product","3":"status-publish","4":"has-post-thumbnail","6":"product_cat-lebensmittel","7":"product_cat-marinaden-grillsauce","8":"product_cat-sosen","10":"first","11":"outofstock","12":"taxable","13":"shipping-taxable","14":"purchasable","15":"product-type-simple"},"acf":[],"yoast_head":"<!-- This site is optimized with the Yoast SEO plugin v27.5 - https:\/\/yoast.com\/product\/yoast-seo-wordpress\/ -->\n<title>CHO SHOGAYAKI NO TARE &quot;KIKKOMAN&quot; 320G - Uchitomishop - Japanischer Online-Shop - Lieferung in die ganze Schweiz<\/title>\n<meta name=\"robots\" content=\"index, follow, max-snippet:-1, max-image-preview:large, max-video-preview:-1\" \/>\n<link rel=\"canonical\" href=\"https:\/\/uchitomishop.ch\/de\/produkt\/cho-shogayaki-no-tare-kikkoman-320g\/\" \/>\n<meta property=\"og:locale\" content=\"de_DE\" \/>\n<meta property=\"og:type\" content=\"article\" \/>\n<meta property=\"og:title\" content=\"CHO SHOGAYAKI NO TARE &quot;KIKKOMAN&quot; 320G - Uchitomishop - Japanischer Online-Shop - Lieferung in die ganze Schweiz\" \/>\n<meta property=\"og:description\" content=\"Milde Ingwersauce f\u00fcr gebratenes Fleisch, reich an Gem\u00fcse und Fr\u00fcchten\" \/>\n<meta property=\"og:url\" content=\"https:\/\/uchitomishop.ch\/de\/produkt\/cho-shogayaki-no-tare-kikkoman-320g\/\" \/>\n<meta property=\"og:site_name\" content=\"Uchitomishop - Japanischer Online-Shop - Lieferung in die ganze Schweiz\" \/>\n<meta property=\"article:modified_time\" content=\"2026-02-02T20:42:16+00:00\" \/>\n<meta property=\"og:image\" content=\"https:\/\/uchitomishop.ch\/wp-content\/uploads\/2025\/04\/4901515011382-1-3.jpg\" \/>\n\t<meta property=\"og:image:width\" content=\"435\" \/>\n\t<meta property=\"og:image:height\" content=\"432\" \/>\n\t<meta property=\"og:image:type\" content=\"image\/jpeg\" \/>\n<meta name=\"twitter:card\" content=\"summary_large_image\" \/>\n<script type=\"application\/ld+json\" class=\"yoast-schema-graph\">{\"@context\":\"https:\\\/\\\/schema.org\",\"@graph\":[{\"@type\":\"WebPage\",\"@id\":\"https:\\\/\\\/uchitomishop.ch\\\/de\\\/produkt\\\/cho-shogayaki-no-tare-kikkoman-320g\\\/\",\"url\":\"https:\\\/\\\/uchitomishop.ch\\\/de\\\/produkt\\\/cho-shogayaki-no-tare-kikkoman-320g\\\/\",\"name\":\"CHO SHOGAYAKI NO TARE \\\"KIKKOMAN\\\" 320G - Uchitomishop - Japanischer Online-Shop - Lieferung in die ganze Schweiz\",\"isPartOf\":{\"@id\":\"https:\\\/\\\/uchitomishop.ch\\\/de\\\/#website\"},\"primaryImageOfPage\":{\"@id\":\"https:\\\/\\\/uchitomishop.ch\\\/de\\\/produkt\\\/cho-shogayaki-no-tare-kikkoman-320g\\\/#primaryimage\"},\"image\":{\"@id\":\"https:\\\/\\\/uchitomishop.ch\\\/de\\\/produkt\\\/cho-shogayaki-no-tare-kikkoman-320g\\\/#primaryimage\"},\"thumbnailUrl\":\"https:\\\/\\\/uchitomishop.ch\\\/wp-content\\\/uploads\\\/2025\\\/04\\\/4901515011382-1-3.jpg\",\"datePublished\":\"2025-03-24T12:45:30+00:00\",\"dateModified\":\"2026-02-02T20:42:16+00:00\",\"breadcrumb\":{\"@id\":\"https:\\\/\\\/uchitomishop.ch\\\/de\\\/produkt\\\/cho-shogayaki-no-tare-kikkoman-320g\\\/#breadcrumb\"},\"inLanguage\":\"de-CH\",\"potentialAction\":[{\"@type\":\"ReadAction\",\"target\":[\"https:\\\/\\\/uchitomishop.ch\\\/de\\\/produkt\\\/cho-shogayaki-no-tare-kikkoman-320g\\\/\"]}]},{\"@type\":\"ImageObject\",\"inLanguage\":\"de-CH\",\"@id\":\"https:\\\/\\\/uchitomishop.ch\\\/de\\\/produkt\\\/cho-shogayaki-no-tare-kikkoman-320g\\\/#primaryimage\",\"url\":\"https:\\\/\\\/uchitomishop.ch\\\/wp-content\\\/uploads\\\/2025\\\/04\\\/4901515011382-1-3.jpg\",\"contentUrl\":\"https:\\\/\\\/uchitomishop.ch\\\/wp-content\\\/uploads\\\/2025\\\/04\\\/4901515011382-1-3.jpg\",\"width\":435,\"height\":432},{\"@type\":\"BreadcrumbList\",\"@id\":\"https:\\\/\\\/uchitomishop.ch\\\/de\\\/produkt\\\/cho-shogayaki-no-tare-kikkoman-320g\\\/#breadcrumb\",\"itemListElement\":[{\"@type\":\"ListItem\",\"position\":1,\"name\":\"Accueil\",\"item\":\"https:\\\/\\\/uchitomishop.ch\\\/de\\\/homepage\\\/\"},{\"@type\":\"ListItem\",\"position\":2,\"name\":\"Shop\",\"item\":\"https:\\\/\\\/uchitomishop.ch\\\/de\\\/shop\\\/\"},{\"@type\":\"ListItem\",\"position\":3,\"name\":\"CHO SHOGAYAKI NO TARE \u00ab\u00a0KIKKOMAN\u00a0\u00bb 320G\"}]},{\"@type\":\"WebSite\",\"@id\":\"https:\\\/\\\/uchitomishop.ch\\\/de\\\/#website\",\"url\":\"https:\\\/\\\/uchitomishop.ch\\\/de\\\/\",\"name\":\"Uchitomishop - Magasin en ligne Japonais - Livraison dans toute la Suisse\",\"description\":\"Japanisches Online-Gesch\u00e4ft. Entdecken Sie alle unsere japanischen Produkte: Lebensmittel, K\u00fcche, B\u00fccher, Haushalt, Schreibwaren, Pflege, Textilien und Geschirr. Lieferung in der gesamten Schweiz.\",\"publisher\":{\"@id\":\"https:\\\/\\\/uchitomishop.ch\\\/de\\\/#organization\"},\"potentialAction\":[{\"@type\":\"SearchAction\",\"target\":{\"@type\":\"EntryPoint\",\"urlTemplate\":\"https:\\\/\\\/uchitomishop.ch\\\/de\\\/?s={search_term_string}\"},\"query-input\":{\"@type\":\"PropertyValueSpecification\",\"valueRequired\":true,\"valueName\":\"search_term_string\"}}],\"inLanguage\":\"de-CH\"},{\"@type\":\"Organization\",\"@id\":\"https:\\\/\\\/uchitomishop.ch\\\/de\\\/#organization\",\"name\":\"Uchitomishop - Japanischer Online-Shop - Lieferung in die ganze Schweiz\",\"url\":\"https:\\\/\\\/uchitomishop.ch\\\/de\\\/\",\"logo\":{\"@type\":\"ImageObject\",\"inLanguage\":\"de-CH\",\"@id\":\"https:\\\/\\\/uchitomishop.ch\\\/de\\\/#\\\/schema\\\/logo\\\/image\\\/\",\"url\":\"https:\\\/\\\/uchitomishop.ch\\\/wp-content\\\/uploads\\\/2024\\\/04\\\/logo.png\",\"contentUrl\":\"https:\\\/\\\/uchitomishop.ch\\\/wp-content\\\/uploads\\\/2024\\\/04\\\/logo.png\",\"width\":380,\"height\":162,\"caption\":\"Uchitomishop - Japanischer Online-Shop - Lieferung in die ganze Schweiz\"},\"image\":{\"@id\":\"https:\\\/\\\/uchitomishop.ch\\\/de\\\/#\\\/schema\\\/logo\\\/image\\\/\"}}]}<\/script>\n<!-- \/ Yoast SEO plugin. -->","yoast_head_json":{"title":"CHO SHOGAYAKI NO TARE \"KIKKOMAN\" 320G - Uchitomishop - Japanischer Online-Shop - Lieferung in die ganze Schweiz","robots":{"index":"index","follow":"follow","max-snippet":"max-snippet:-1","max-image-preview":"max-image-preview:large","max-video-preview":"max-video-preview:-1"},"canonical":"https:\/\/uchitomishop.ch\/de\/produkt\/cho-shogayaki-no-tare-kikkoman-320g\/","og_locale":"de_DE","og_type":"article","og_title":"CHO SHOGAYAKI NO TARE \"KIKKOMAN\" 320G - Uchitomishop - Japanischer Online-Shop - Lieferung in die ganze Schweiz","og_description":"Milde Ingwersauce f\u00fcr gebratenes Fleisch, reich an Gem\u00fcse und Fr\u00fcchten","og_url":"https:\/\/uchitomishop.ch\/de\/produkt\/cho-shogayaki-no-tare-kikkoman-320g\/","og_site_name":"Uchitomishop - Japanischer Online-Shop - Lieferung in die ganze Schweiz","article_modified_time":"2026-02-02T20:42:16+00:00","og_image":[{"width":435,"height":432,"url":"https:\/\/uchitomishop.ch\/wp-content\/uploads\/2025\/04\/4901515011382-1-3.jpg","type":"image\/jpeg"}],"twitter_card":"summary_large_image","schema":{"@context":"https:\/\/schema.org","@graph":[{"@type":"WebPage","@id":"https:\/\/uchitomishop.ch\/de\/produkt\/cho-shogayaki-no-tare-kikkoman-320g\/","url":"https:\/\/uchitomishop.ch\/de\/produkt\/cho-shogayaki-no-tare-kikkoman-320g\/","name":"CHO SHOGAYAKI NO TARE \"KIKKOMAN\" 320G - Uchitomishop - Japanischer Online-Shop - Lieferung in die ganze Schweiz","isPartOf":{"@id":"https:\/\/uchitomishop.ch\/de\/#website"},"primaryImageOfPage":{"@id":"https:\/\/uchitomishop.ch\/de\/produkt\/cho-shogayaki-no-tare-kikkoman-320g\/#primaryimage"},"image":{"@id":"https:\/\/uchitomishop.ch\/de\/produkt\/cho-shogayaki-no-tare-kikkoman-320g\/#primaryimage"},"thumbnailUrl":"https:\/\/uchitomishop.ch\/wp-content\/uploads\/2025\/04\/4901515011382-1-3.jpg","datePublished":"2025-03-24T12:45:30+00:00","dateModified":"2026-02-02T20:42:16+00:00","breadcrumb":{"@id":"https:\/\/uchitomishop.ch\/de\/produkt\/cho-shogayaki-no-tare-kikkoman-320g\/#breadcrumb"},"inLanguage":"de-CH","potentialAction":[{"@type":"ReadAction","target":["https:\/\/uchitomishop.ch\/de\/produkt\/cho-shogayaki-no-tare-kikkoman-320g\/"]}]},{"@type":"ImageObject","inLanguage":"de-CH","@id":"https:\/\/uchitomishop.ch\/de\/produkt\/cho-shogayaki-no-tare-kikkoman-320g\/#primaryimage","url":"https:\/\/uchitomishop.ch\/wp-content\/uploads\/2025\/04\/4901515011382-1-3.jpg","contentUrl":"https:\/\/uchitomishop.ch\/wp-content\/uploads\/2025\/04\/4901515011382-1-3.jpg","width":435,"height":432},{"@type":"BreadcrumbList","@id":"https:\/\/uchitomishop.ch\/de\/produkt\/cho-shogayaki-no-tare-kikkoman-320g\/#breadcrumb","itemListElement":[{"@type":"ListItem","position":1,"name":"Accueil","item":"https:\/\/uchitomishop.ch\/de\/homepage\/"},{"@type":"ListItem","position":2,"name":"Shop","item":"https:\/\/uchitomishop.ch\/de\/shop\/"},{"@type":"ListItem","position":3,"name":"CHO SHOGAYAKI NO TARE \u00ab\u00a0KIKKOMAN\u00a0\u00bb 320G"}]},{"@type":"WebSite","@id":"https:\/\/uchitomishop.ch\/de\/#website","url":"https:\/\/uchitomishop.ch\/de\/","name":"Uchitomishop - Magasin en ligne Japonais - Livraison dans toute la Suisse","description":"Japanisches Online-Gesch\u00e4ft. Entdecken Sie alle unsere japanischen Produkte: Lebensmittel, K\u00fcche, B\u00fccher, Haushalt, Schreibwaren, Pflege, Textilien und Geschirr. Lieferung in der gesamten Schweiz.","publisher":{"@id":"https:\/\/uchitomishop.ch\/de\/#organization"},"potentialAction":[{"@type":"SearchAction","target":{"@type":"EntryPoint","urlTemplate":"https:\/\/uchitomishop.ch\/de\/?s={search_term_string}"},"query-input":{"@type":"PropertyValueSpecification","valueRequired":true,"valueName":"search_term_string"}}],"inLanguage":"de-CH"},{"@type":"Organization","@id":"https:\/\/uchitomishop.ch\/de\/#organization","name":"Uchitomishop - Japanischer Online-Shop - Lieferung in die ganze Schweiz","url":"https:\/\/uchitomishop.ch\/de\/","logo":{"@type":"ImageObject","inLanguage":"de-CH","@id":"https:\/\/uchitomishop.ch\/de\/#\/schema\/logo\/image\/","url":"https:\/\/uchitomishop.ch\/wp-content\/uploads\/2024\/04\/logo.png","contentUrl":"https:\/\/uchitomishop.ch\/wp-content\/uploads\/2024\/04\/logo.png","width":380,"height":162,"caption":"Uchitomishop - Japanischer Online-Shop - Lieferung in die ganze Schweiz"},"image":{"@id":"https:\/\/uchitomishop.ch\/de\/#\/schema\/logo\/image\/"}}]}},"_links":{"self":[{"href":"https:\/\/uchitomishop.ch\/de\/wp-json\/wp\/v2\/product\/195051","targetHints":{"allow":["GET"]}}],"collection":[{"href":"https:\/\/uchitomishop.ch\/de\/wp-json\/wp\/v2\/product"}],"about":[{"href":"https:\/\/uchitomishop.ch\/de\/wp-json\/wp\/v2\/types\/product"}],"replies":[{"embeddable":true,"href":"https:\/\/uchitomishop.ch\/de\/wp-json\/wp\/v2\/comments?post=195051"}],"wp:featuredmedia":[{"embeddable":true,"href":"https:\/\/uchitomishop.ch\/de\/wp-json\/wp\/v2\/media\/197443"}],"wp:attachment":[{"href":"https:\/\/uchitomishop.ch\/de\/wp-json\/wp\/v2\/media?parent=195051"}],"wp:term":[{"taxonomy":"product_brand","embeddable":true,"href":"https:\/\/uchitomishop.ch\/de\/wp-json\/wp\/v2\/product_brand?post=195051"},{"taxonomy":"product_cat","embeddable":true,"href":"https:\/\/uchitomishop.ch\/de\/wp-json\/wp\/v2\/product_cat?post=195051"},{"taxonomy":"product_tag","embeddable":true,"href":"https:\/\/uchitomishop.ch\/de\/wp-json\/wp\/v2\/product_tag?post=195051"}],"curies":[{"name":"wp","href":"https:\/\/api.w.org\/{rel}","templated":true}]}}