{"id":187298,"date":"2024-12-18T23:25:25","date_gmt":"2024-12-18T22:25:25","guid":{"rendered":"https:\/\/uchitomishop.ch\/produit\/agezutsumi-ih-fukagata-tempura-nabe-freiz-ar-6290\/"},"modified":"2026-03-19T11:03:59","modified_gmt":"2026-03-19T10:03:59","slug":"agezutsumi-ih-fukagata-tempura-nabe-freiz-ar-6290","status":"publish","type":"product","link":"https:\/\/uchitomishop.ch\/de\/produkt\/agezutsumi-ih-fukagata-tempura-nabe-freiz-ar-6290\/","title":{"rendered":"AGEZUTSUMI IH FUKAGATA TEMPURA NABE &#171;FREIZ&#187; AR-6290"},"content":{"rendered":"<p>Schwarze Tempura-Kasserolle mit Gitter, um die frittierten Speisen darauf zu legen<\/p>\n","protected":false},"excerpt":{"rendered":"<p>Schwarze Tempura-Kasserolle mit Gitter, um die frittierten Speisen darauf zu legen<\/p>\n","protected":false},"featured_media":183166,"comment_status":"open","ping_status":"closed","template":"","meta":{"_acf_changed":false},"product_brand":[],"product_cat":[591,636,448],"product_tag":[],"class_list":{"0":"post-187298","1":"product","2":"type-product","3":"status-publish","4":"has-post-thumbnail","6":"product_cat-kochen","7":"product_cat-kochtopfe","8":"product_cat-kuche","10":"first","11":"outofstock","12":"taxable","13":"shipping-taxable","14":"purchasable","15":"product-type-simple"},"acf":[],"yoast_head":"<!-- This site is optimized with the Yoast SEO plugin v27.0 - https:\/\/yoast.com\/product\/yoast-seo-wordpress\/ -->\n<title>AGEZUTSUMI IH FUKAGATA TEMPURA NABE &quot;FREIZ&quot; AR-6290 - Uchitomishop - Japanischer Online-Shop - Lieferung in die ganze Schweiz<\/title>\n<meta name=\"robots\" content=\"index, follow, max-snippet:-1, max-image-preview:large, max-video-preview:-1\" \/>\n<link rel=\"canonical\" href=\"https:\/\/uchitomishop.ch\/de\/produkt\/agezutsumi-ih-fukagata-tempura-nabe-freiz-ar-6290\/\" \/>\n<meta property=\"og:locale\" content=\"de_DE\" \/>\n<meta property=\"og:type\" content=\"article\" \/>\n<meta property=\"og:title\" content=\"AGEZUTSUMI IH FUKAGATA TEMPURA NABE &quot;FREIZ&quot; AR-6290 - Uchitomishop - Japanischer Online-Shop - Lieferung in die ganze Schweiz\" \/>\n<meta property=\"og:description\" content=\"Schwarze Tempura-Kasserolle mit Gitter, um die frittierten Speisen darauf zu legen\" \/>\n<meta property=\"og:url\" content=\"https:\/\/uchitomishop.ch\/de\/produkt\/agezutsumi-ih-fukagata-tempura-nabe-freiz-ar-6290\/\" \/>\n<meta property=\"og:site_name\" content=\"Uchitomishop - Japanischer Online-Shop - Lieferung in die ganze Schweiz\" \/>\n<meta property=\"article:modified_time\" content=\"2026-03-19T10:03:59+00:00\" \/>\n<meta property=\"og:image\" content=\"https:\/\/uchitomishop.ch\/wp-content\/uploads\/2024\/12\/4903779073380.jpg\" \/>\n\t<meta property=\"og:image:width\" content=\"500\" \/>\n\t<meta property=\"og:image:height\" content=\"500\" \/>\n\t<meta property=\"og:image:type\" content=\"image\/jpeg\" \/>\n<meta name=\"twitter:card\" content=\"summary_large_image\" \/>\n<script type=\"application\/ld+json\" class=\"yoast-schema-graph\">{\"@context\":\"https:\/\/schema.org\",\"@graph\":[{\"@type\":\"WebPage\",\"@id\":\"https:\/\/uchitomishop.ch\/de\/produkt\/agezutsumi-ih-fukagata-tempura-nabe-freiz-ar-6290\/\",\"url\":\"https:\/\/uchitomishop.ch\/de\/produkt\/agezutsumi-ih-fukagata-tempura-nabe-freiz-ar-6290\/\",\"name\":\"AGEZUTSUMI IH FUKAGATA TEMPURA NABE \\\"FREIZ\\\" AR-6290 - Uchitomishop - Japanischer Online-Shop - Lieferung in die ganze Schweiz\",\"isPartOf\":{\"@id\":\"https:\/\/uchitomishop.ch\/de\/#website\"},\"primaryImageOfPage\":{\"@id\":\"https:\/\/uchitomishop.ch\/de\/produkt\/agezutsumi-ih-fukagata-tempura-nabe-freiz-ar-6290\/#primaryimage\"},\"image\":{\"@id\":\"https:\/\/uchitomishop.ch\/de\/produkt\/agezutsumi-ih-fukagata-tempura-nabe-freiz-ar-6290\/#primaryimage\"},\"thumbnailUrl\":\"https:\/\/uchitomishop.ch\/wp-content\/uploads\/2024\/12\/4903779073380.jpg\",\"datePublished\":\"2024-12-18T22:25:25+00:00\",\"dateModified\":\"2026-03-19T10:03:59+00:00\",\"breadcrumb\":{\"@id\":\"https:\/\/uchitomishop.ch\/de\/produkt\/agezutsumi-ih-fukagata-tempura-nabe-freiz-ar-6290\/#breadcrumb\"},\"inLanguage\":\"de-CH\",\"potentialAction\":[{\"@type\":\"ReadAction\",\"target\":[\"https:\/\/uchitomishop.ch\/de\/produkt\/agezutsumi-ih-fukagata-tempura-nabe-freiz-ar-6290\/\"]}]},{\"@type\":\"ImageObject\",\"inLanguage\":\"de-CH\",\"@id\":\"https:\/\/uchitomishop.ch\/de\/produkt\/agezutsumi-ih-fukagata-tempura-nabe-freiz-ar-6290\/#primaryimage\",\"url\":\"https:\/\/uchitomishop.ch\/wp-content\/uploads\/2024\/12\/4903779073380.jpg\",\"contentUrl\":\"https:\/\/uchitomishop.ch\/wp-content\/uploads\/2024\/12\/4903779073380.jpg\",\"width\":500,\"height\":500},{\"@type\":\"BreadcrumbList\",\"@id\":\"https:\/\/uchitomishop.ch\/de\/produkt\/agezutsumi-ih-fukagata-tempura-nabe-freiz-ar-6290\/#breadcrumb\",\"itemListElement\":[{\"@type\":\"ListItem\",\"position\":1,\"name\":\"Accueil\",\"item\":\"https:\/\/uchitomishop.ch\/de\/homepage\/\"},{\"@type\":\"ListItem\",\"position\":2,\"name\":\"Shop\",\"item\":\"https:\/\/uchitomishop.ch\/de\/shop\/\"},{\"@type\":\"ListItem\",\"position\":3,\"name\":\"AGEZUTSUMI IH FUKAGATA TEMPURA NABE \u00ab\u00a0FREIZ\u00a0\u00bb AR-6290\"}]},{\"@type\":\"WebSite\",\"@id\":\"https:\/\/uchitomishop.ch\/de\/#website\",\"url\":\"https:\/\/uchitomishop.ch\/de\/\",\"name\":\"Uchitomishop - Magasin en ligne Japonais - Livraison dans toute la Suisse\",\"description\":\"Japanisches Online-Gesch\u00e4ft. Entdecken Sie alle unsere japanischen Produkte: Lebensmittel, K\u00fcche, B\u00fccher, Haushalt, Schreibwaren, Pflege, Textilien und Geschirr. Lieferung in der gesamten Schweiz.\",\"publisher\":{\"@id\":\"https:\/\/uchitomishop.ch\/de\/#organization\"},\"potentialAction\":[{\"@type\":\"SearchAction\",\"target\":{\"@type\":\"EntryPoint\",\"urlTemplate\":\"https:\/\/uchitomishop.ch\/de\/?s={search_term_string}\"},\"query-input\":{\"@type\":\"PropertyValueSpecification\",\"valueRequired\":true,\"valueName\":\"search_term_string\"}}],\"inLanguage\":\"de-CH\"},{\"@type\":\"Organization\",\"@id\":\"https:\/\/uchitomishop.ch\/de\/#organization\",\"name\":\"Uchitomishop - Japanischer Online-Shop - Lieferung in die ganze Schweiz\",\"url\":\"https:\/\/uchitomishop.ch\/de\/\",\"logo\":{\"@type\":\"ImageObject\",\"inLanguage\":\"de-CH\",\"@id\":\"https:\/\/uchitomishop.ch\/de\/#\/schema\/logo\/image\/\",\"url\":\"https:\/\/uchitomishop.ch\/wp-content\/uploads\/2024\/04\/logo.png\",\"contentUrl\":\"https:\/\/uchitomishop.ch\/wp-content\/uploads\/2024\/04\/logo.png\",\"width\":380,\"height\":162,\"caption\":\"Uchitomishop - Japanischer Online-Shop - Lieferung in die ganze Schweiz\"},\"image\":{\"@id\":\"https:\/\/uchitomishop.ch\/de\/#\/schema\/logo\/image\/\"}}]}<\/script>\n<!-- \/ Yoast SEO plugin. -->","yoast_head_json":{"title":"AGEZUTSUMI IH FUKAGATA TEMPURA NABE \"FREIZ\" AR-6290 - Uchitomishop - Japanischer Online-Shop - Lieferung in die ganze Schweiz","robots":{"index":"index","follow":"follow","max-snippet":"max-snippet:-1","max-image-preview":"max-image-preview:large","max-video-preview":"max-video-preview:-1"},"canonical":"https:\/\/uchitomishop.ch\/de\/produkt\/agezutsumi-ih-fukagata-tempura-nabe-freiz-ar-6290\/","og_locale":"de_DE","og_type":"article","og_title":"AGEZUTSUMI IH FUKAGATA TEMPURA NABE \"FREIZ\" AR-6290 - Uchitomishop - Japanischer Online-Shop - Lieferung in die ganze Schweiz","og_description":"Schwarze Tempura-Kasserolle mit Gitter, um die frittierten Speisen darauf zu legen","og_url":"https:\/\/uchitomishop.ch\/de\/produkt\/agezutsumi-ih-fukagata-tempura-nabe-freiz-ar-6290\/","og_site_name":"Uchitomishop - Japanischer Online-Shop - Lieferung in die ganze Schweiz","article_modified_time":"2026-03-19T10:03:59+00:00","og_image":[{"width":500,"height":500,"url":"https:\/\/uchitomishop.ch\/wp-content\/uploads\/2024\/12\/4903779073380.jpg","type":"image\/jpeg"}],"twitter_card":"summary_large_image","schema":{"@context":"https:\/\/schema.org","@graph":[{"@type":"WebPage","@id":"https:\/\/uchitomishop.ch\/de\/produkt\/agezutsumi-ih-fukagata-tempura-nabe-freiz-ar-6290\/","url":"https:\/\/uchitomishop.ch\/de\/produkt\/agezutsumi-ih-fukagata-tempura-nabe-freiz-ar-6290\/","name":"AGEZUTSUMI IH FUKAGATA TEMPURA NABE \"FREIZ\" AR-6290 - Uchitomishop - Japanischer Online-Shop - Lieferung in die ganze Schweiz","isPartOf":{"@id":"https:\/\/uchitomishop.ch\/de\/#website"},"primaryImageOfPage":{"@id":"https:\/\/uchitomishop.ch\/de\/produkt\/agezutsumi-ih-fukagata-tempura-nabe-freiz-ar-6290\/#primaryimage"},"image":{"@id":"https:\/\/uchitomishop.ch\/de\/produkt\/agezutsumi-ih-fukagata-tempura-nabe-freiz-ar-6290\/#primaryimage"},"thumbnailUrl":"https:\/\/uchitomishop.ch\/wp-content\/uploads\/2024\/12\/4903779073380.jpg","datePublished":"2024-12-18T22:25:25+00:00","dateModified":"2026-03-19T10:03:59+00:00","breadcrumb":{"@id":"https:\/\/uchitomishop.ch\/de\/produkt\/agezutsumi-ih-fukagata-tempura-nabe-freiz-ar-6290\/#breadcrumb"},"inLanguage":"de-CH","potentialAction":[{"@type":"ReadAction","target":["https:\/\/uchitomishop.ch\/de\/produkt\/agezutsumi-ih-fukagata-tempura-nabe-freiz-ar-6290\/"]}]},{"@type":"ImageObject","inLanguage":"de-CH","@id":"https:\/\/uchitomishop.ch\/de\/produkt\/agezutsumi-ih-fukagata-tempura-nabe-freiz-ar-6290\/#primaryimage","url":"https:\/\/uchitomishop.ch\/wp-content\/uploads\/2024\/12\/4903779073380.jpg","contentUrl":"https:\/\/uchitomishop.ch\/wp-content\/uploads\/2024\/12\/4903779073380.jpg","width":500,"height":500},{"@type":"BreadcrumbList","@id":"https:\/\/uchitomishop.ch\/de\/produkt\/agezutsumi-ih-fukagata-tempura-nabe-freiz-ar-6290\/#breadcrumb","itemListElement":[{"@type":"ListItem","position":1,"name":"Accueil","item":"https:\/\/uchitomishop.ch\/de\/homepage\/"},{"@type":"ListItem","position":2,"name":"Shop","item":"https:\/\/uchitomishop.ch\/de\/shop\/"},{"@type":"ListItem","position":3,"name":"AGEZUTSUMI IH FUKAGATA TEMPURA NABE \u00ab\u00a0FREIZ\u00a0\u00bb AR-6290"}]},{"@type":"WebSite","@id":"https:\/\/uchitomishop.ch\/de\/#website","url":"https:\/\/uchitomishop.ch\/de\/","name":"Uchitomishop - Magasin en ligne Japonais - Livraison dans toute la Suisse","description":"Japanisches Online-Gesch\u00e4ft. Entdecken Sie alle unsere japanischen Produkte: Lebensmittel, K\u00fcche, B\u00fccher, Haushalt, Schreibwaren, Pflege, Textilien und Geschirr. Lieferung in der gesamten Schweiz.","publisher":{"@id":"https:\/\/uchitomishop.ch\/de\/#organization"},"potentialAction":[{"@type":"SearchAction","target":{"@type":"EntryPoint","urlTemplate":"https:\/\/uchitomishop.ch\/de\/?s={search_term_string}"},"query-input":{"@type":"PropertyValueSpecification","valueRequired":true,"valueName":"search_term_string"}}],"inLanguage":"de-CH"},{"@type":"Organization","@id":"https:\/\/uchitomishop.ch\/de\/#organization","name":"Uchitomishop - Japanischer Online-Shop - Lieferung in die ganze Schweiz","url":"https:\/\/uchitomishop.ch\/de\/","logo":{"@type":"ImageObject","inLanguage":"de-CH","@id":"https:\/\/uchitomishop.ch\/de\/#\/schema\/logo\/image\/","url":"https:\/\/uchitomishop.ch\/wp-content\/uploads\/2024\/04\/logo.png","contentUrl":"https:\/\/uchitomishop.ch\/wp-content\/uploads\/2024\/04\/logo.png","width":380,"height":162,"caption":"Uchitomishop - Japanischer Online-Shop - Lieferung in die ganze Schweiz"},"image":{"@id":"https:\/\/uchitomishop.ch\/de\/#\/schema\/logo\/image\/"}}]}},"_links":{"self":[{"href":"https:\/\/uchitomishop.ch\/de\/wp-json\/wp\/v2\/product\/187298","targetHints":{"allow":["GET"]}}],"collection":[{"href":"https:\/\/uchitomishop.ch\/de\/wp-json\/wp\/v2\/product"}],"about":[{"href":"https:\/\/uchitomishop.ch\/de\/wp-json\/wp\/v2\/types\/product"}],"replies":[{"embeddable":true,"href":"https:\/\/uchitomishop.ch\/de\/wp-json\/wp\/v2\/comments?post=187298"}],"wp:featuredmedia":[{"embeddable":true,"href":"https:\/\/uchitomishop.ch\/de\/wp-json\/wp\/v2\/media\/183166"}],"wp:attachment":[{"href":"https:\/\/uchitomishop.ch\/de\/wp-json\/wp\/v2\/media?parent=187298"}],"wp:term":[{"taxonomy":"product_brand","embeddable":true,"href":"https:\/\/uchitomishop.ch\/de\/wp-json\/wp\/v2\/product_brand?post=187298"},{"taxonomy":"product_cat","embeddable":true,"href":"https:\/\/uchitomishop.ch\/de\/wp-json\/wp\/v2\/product_cat?post=187298"},{"taxonomy":"product_tag","embeddable":true,"href":"https:\/\/uchitomishop.ch\/de\/wp-json\/wp\/v2\/product_tag?post=187298"}],"curies":[{"name":"wp","href":"https:\/\/api.w.org\/{rel}","templated":true}]}}