{"id":161593,"date":"2024-07-29T19:14:48","date_gmt":"2024-07-29T17:14:48","guid":{"rendered":"https:\/\/uchitomishop.ch\/produit\/hinoki-genroku-hashi-pink-10p-daiwa-21cm\/"},"modified":"2026-01-30T12:45:52","modified_gmt":"2026-01-30T11:45:52","slug":"hinoki-genroku-hashi-pink-10p-daiwa-21cm","status":"publish","type":"product","link":"https:\/\/uchitomishop.ch\/de\/produkt\/hinoki-genroku-hashi-pink-10p-daiwa-21cm\/","title":{"rendered":"HINOKI GENROKU HASHI PINK 10P &#171;DAIWA&#187; 21CM"},"content":{"rendered":"<p>Einwegst\u00e4be aus japanischem Zypressenholz mit rosa und gr\u00fcnem Etui, diese St\u00e4be wurden aus Holzabf\u00e4llen hergestellt.<\/p>\n","protected":false},"excerpt":{"rendered":"<p>Einwegst\u00e4be aus japanischem Zypressenholz mit rosa und gr\u00fcnem Etui, diese St\u00e4be wurden aus Holzabf\u00e4llen hergestellt.<\/p>\n","protected":false},"featured_media":178032,"comment_status":"open","ping_status":"closed","template":"","meta":{"_acf_changed":false},"product_brand":[],"product_cat":[587,713],"product_tag":[],"class_list":{"0":"post-161593","1":"product","2":"type-product","3":"status-publish","4":"has-post-thumbnail","6":"product_cat-bento-einwegartikel","7":"product_cat-wegwerfbare-essstabchen","9":"first","10":"instock","11":"taxable","12":"shipping-taxable","13":"purchasable","14":"product-type-simple"},"acf":[],"yoast_head":"<!-- This site is optimized with the Yoast SEO plugin v27.0 - https:\/\/yoast.com\/product\/yoast-seo-wordpress\/ -->\n<title>HINOKI GENROKU HASHI PINK 10P &quot;DAIWA&quot; 21CM - Uchitomishop - Japanischer Online-Shop - Lieferung in die ganze Schweiz<\/title>\n<meta name=\"robots\" content=\"index, follow, max-snippet:-1, max-image-preview:large, max-video-preview:-1\" \/>\n<link rel=\"canonical\" href=\"https:\/\/uchitomishop.ch\/de\/produkt\/hinoki-genroku-hashi-pink-10p-daiwa-21cm\/\" \/>\n<meta property=\"og:locale\" content=\"de_DE\" \/>\n<meta property=\"og:type\" content=\"article\" \/>\n<meta property=\"og:title\" content=\"HINOKI GENROKU HASHI PINK 10P &quot;DAIWA&quot; 21CM - Uchitomishop - Japanischer Online-Shop - Lieferung in die ganze Schweiz\" \/>\n<meta property=\"og:description\" content=\"Einwegst\u00e4be aus japanischem Zypressenholz mit rosa und gr\u00fcnem Etui, diese St\u00e4be wurden aus Holzabf\u00e4llen hergestellt.\" \/>\n<meta property=\"og:url\" content=\"https:\/\/uchitomishop.ch\/de\/produkt\/hinoki-genroku-hashi-pink-10p-daiwa-21cm\/\" \/>\n<meta property=\"og:site_name\" content=\"Uchitomishop - Japanischer Online-Shop - Lieferung in die ganze Schweiz\" \/>\n<meta property=\"article:modified_time\" content=\"2026-01-30T11:45:52+00:00\" \/>\n<meta property=\"og:image\" content=\"https:\/\/uchitomishop.ch\/wp-content\/uploads\/2024\/11\/4904681200697-1.jpg\" \/>\n\t<meta property=\"og:image:width\" content=\"422\" \/>\n\t<meta property=\"og:image:height\" content=\"546\" \/>\n\t<meta property=\"og:image:type\" content=\"image\/jpeg\" \/>\n<meta name=\"twitter:card\" content=\"summary_large_image\" \/>\n<script type=\"application\/ld+json\" class=\"yoast-schema-graph\">{\"@context\":\"https:\/\/schema.org\",\"@graph\":[{\"@type\":\"WebPage\",\"@id\":\"https:\/\/uchitomishop.ch\/de\/produkt\/hinoki-genroku-hashi-pink-10p-daiwa-21cm\/\",\"url\":\"https:\/\/uchitomishop.ch\/de\/produkt\/hinoki-genroku-hashi-pink-10p-daiwa-21cm\/\",\"name\":\"HINOKI GENROKU HASHI PINK 10P \\\"DAIWA\\\" 21CM - Uchitomishop - Japanischer Online-Shop - Lieferung in die ganze Schweiz\",\"isPartOf\":{\"@id\":\"https:\/\/uchitomishop.ch\/de\/#website\"},\"primaryImageOfPage\":{\"@id\":\"https:\/\/uchitomishop.ch\/de\/produkt\/hinoki-genroku-hashi-pink-10p-daiwa-21cm\/#primaryimage\"},\"image\":{\"@id\":\"https:\/\/uchitomishop.ch\/de\/produkt\/hinoki-genroku-hashi-pink-10p-daiwa-21cm\/#primaryimage\"},\"thumbnailUrl\":\"https:\/\/uchitomishop.ch\/wp-content\/uploads\/2024\/11\/4904681200697-1.jpg\",\"datePublished\":\"2024-07-29T17:14:48+00:00\",\"dateModified\":\"2026-01-30T11:45:52+00:00\",\"breadcrumb\":{\"@id\":\"https:\/\/uchitomishop.ch\/de\/produkt\/hinoki-genroku-hashi-pink-10p-daiwa-21cm\/#breadcrumb\"},\"inLanguage\":\"de-CH\",\"potentialAction\":[{\"@type\":\"ReadAction\",\"target\":[\"https:\/\/uchitomishop.ch\/de\/produkt\/hinoki-genroku-hashi-pink-10p-daiwa-21cm\/\"]}]},{\"@type\":\"ImageObject\",\"inLanguage\":\"de-CH\",\"@id\":\"https:\/\/uchitomishop.ch\/de\/produkt\/hinoki-genroku-hashi-pink-10p-daiwa-21cm\/#primaryimage\",\"url\":\"https:\/\/uchitomishop.ch\/wp-content\/uploads\/2024\/11\/4904681200697-1.jpg\",\"contentUrl\":\"https:\/\/uchitomishop.ch\/wp-content\/uploads\/2024\/11\/4904681200697-1.jpg\",\"width\":422,\"height\":546},{\"@type\":\"BreadcrumbList\",\"@id\":\"https:\/\/uchitomishop.ch\/de\/produkt\/hinoki-genroku-hashi-pink-10p-daiwa-21cm\/#breadcrumb\",\"itemListElement\":[{\"@type\":\"ListItem\",\"position\":1,\"name\":\"Accueil\",\"item\":\"https:\/\/uchitomishop.ch\/de\/homepage\/\"},{\"@type\":\"ListItem\",\"position\":2,\"name\":\"Shop\",\"item\":\"https:\/\/uchitomishop.ch\/de\/shop\/\"},{\"@type\":\"ListItem\",\"position\":3,\"name\":\"HINOKI GENROKU HASHI PINK 10P \u00ab\u00a0DAIWA\u00a0\u00bb 21CM\"}]},{\"@type\":\"WebSite\",\"@id\":\"https:\/\/uchitomishop.ch\/de\/#website\",\"url\":\"https:\/\/uchitomishop.ch\/de\/\",\"name\":\"Uchitomishop - Magasin en ligne Japonais - Livraison dans toute la Suisse\",\"description\":\"Japanisches Online-Gesch\u00e4ft. Entdecken Sie alle unsere japanischen Produkte: Lebensmittel, K\u00fcche, B\u00fccher, Haushalt, Schreibwaren, Pflege, Textilien und Geschirr. Lieferung in der gesamten Schweiz.\",\"publisher\":{\"@id\":\"https:\/\/uchitomishop.ch\/de\/#organization\"},\"potentialAction\":[{\"@type\":\"SearchAction\",\"target\":{\"@type\":\"EntryPoint\",\"urlTemplate\":\"https:\/\/uchitomishop.ch\/de\/?s={search_term_string}\"},\"query-input\":{\"@type\":\"PropertyValueSpecification\",\"valueRequired\":true,\"valueName\":\"search_term_string\"}}],\"inLanguage\":\"de-CH\"},{\"@type\":\"Organization\",\"@id\":\"https:\/\/uchitomishop.ch\/de\/#organization\",\"name\":\"Uchitomishop - Japanischer Online-Shop - Lieferung in die ganze Schweiz\",\"url\":\"https:\/\/uchitomishop.ch\/de\/\",\"logo\":{\"@type\":\"ImageObject\",\"inLanguage\":\"de-CH\",\"@id\":\"https:\/\/uchitomishop.ch\/de\/#\/schema\/logo\/image\/\",\"url\":\"https:\/\/uchitomishop.ch\/wp-content\/uploads\/2024\/04\/logo.png\",\"contentUrl\":\"https:\/\/uchitomishop.ch\/wp-content\/uploads\/2024\/04\/logo.png\",\"width\":380,\"height\":162,\"caption\":\"Uchitomishop - Japanischer Online-Shop - Lieferung in die ganze Schweiz\"},\"image\":{\"@id\":\"https:\/\/uchitomishop.ch\/de\/#\/schema\/logo\/image\/\"}}]}<\/script>\n<!-- \/ Yoast SEO plugin. -->","yoast_head_json":{"title":"HINOKI GENROKU HASHI PINK 10P \"DAIWA\" 21CM - Uchitomishop - Japanischer Online-Shop - Lieferung in die ganze Schweiz","robots":{"index":"index","follow":"follow","max-snippet":"max-snippet:-1","max-image-preview":"max-image-preview:large","max-video-preview":"max-video-preview:-1"},"canonical":"https:\/\/uchitomishop.ch\/de\/produkt\/hinoki-genroku-hashi-pink-10p-daiwa-21cm\/","og_locale":"de_DE","og_type":"article","og_title":"HINOKI GENROKU HASHI PINK 10P \"DAIWA\" 21CM - Uchitomishop - Japanischer Online-Shop - Lieferung in die ganze Schweiz","og_description":"Einwegst\u00e4be aus japanischem Zypressenholz mit rosa und gr\u00fcnem Etui, diese St\u00e4be wurden aus Holzabf\u00e4llen hergestellt.","og_url":"https:\/\/uchitomishop.ch\/de\/produkt\/hinoki-genroku-hashi-pink-10p-daiwa-21cm\/","og_site_name":"Uchitomishop - Japanischer Online-Shop - Lieferung in die ganze Schweiz","article_modified_time":"2026-01-30T11:45:52+00:00","og_image":[{"width":422,"height":546,"url":"https:\/\/uchitomishop.ch\/wp-content\/uploads\/2024\/11\/4904681200697-1.jpg","type":"image\/jpeg"}],"twitter_card":"summary_large_image","schema":{"@context":"https:\/\/schema.org","@graph":[{"@type":"WebPage","@id":"https:\/\/uchitomishop.ch\/de\/produkt\/hinoki-genroku-hashi-pink-10p-daiwa-21cm\/","url":"https:\/\/uchitomishop.ch\/de\/produkt\/hinoki-genroku-hashi-pink-10p-daiwa-21cm\/","name":"HINOKI GENROKU HASHI PINK 10P \"DAIWA\" 21CM - Uchitomishop - Japanischer Online-Shop - Lieferung in die ganze Schweiz","isPartOf":{"@id":"https:\/\/uchitomishop.ch\/de\/#website"},"primaryImageOfPage":{"@id":"https:\/\/uchitomishop.ch\/de\/produkt\/hinoki-genroku-hashi-pink-10p-daiwa-21cm\/#primaryimage"},"image":{"@id":"https:\/\/uchitomishop.ch\/de\/produkt\/hinoki-genroku-hashi-pink-10p-daiwa-21cm\/#primaryimage"},"thumbnailUrl":"https:\/\/uchitomishop.ch\/wp-content\/uploads\/2024\/11\/4904681200697-1.jpg","datePublished":"2024-07-29T17:14:48+00:00","dateModified":"2026-01-30T11:45:52+00:00","breadcrumb":{"@id":"https:\/\/uchitomishop.ch\/de\/produkt\/hinoki-genroku-hashi-pink-10p-daiwa-21cm\/#breadcrumb"},"inLanguage":"de-CH","potentialAction":[{"@type":"ReadAction","target":["https:\/\/uchitomishop.ch\/de\/produkt\/hinoki-genroku-hashi-pink-10p-daiwa-21cm\/"]}]},{"@type":"ImageObject","inLanguage":"de-CH","@id":"https:\/\/uchitomishop.ch\/de\/produkt\/hinoki-genroku-hashi-pink-10p-daiwa-21cm\/#primaryimage","url":"https:\/\/uchitomishop.ch\/wp-content\/uploads\/2024\/11\/4904681200697-1.jpg","contentUrl":"https:\/\/uchitomishop.ch\/wp-content\/uploads\/2024\/11\/4904681200697-1.jpg","width":422,"height":546},{"@type":"BreadcrumbList","@id":"https:\/\/uchitomishop.ch\/de\/produkt\/hinoki-genroku-hashi-pink-10p-daiwa-21cm\/#breadcrumb","itemListElement":[{"@type":"ListItem","position":1,"name":"Accueil","item":"https:\/\/uchitomishop.ch\/de\/homepage\/"},{"@type":"ListItem","position":2,"name":"Shop","item":"https:\/\/uchitomishop.ch\/de\/shop\/"},{"@type":"ListItem","position":3,"name":"HINOKI GENROKU HASHI PINK 10P \u00ab\u00a0DAIWA\u00a0\u00bb 21CM"}]},{"@type":"WebSite","@id":"https:\/\/uchitomishop.ch\/de\/#website","url":"https:\/\/uchitomishop.ch\/de\/","name":"Uchitomishop - Magasin en ligne Japonais - Livraison dans toute la Suisse","description":"Japanisches Online-Gesch\u00e4ft. Entdecken Sie alle unsere japanischen Produkte: Lebensmittel, K\u00fcche, B\u00fccher, Haushalt, Schreibwaren, Pflege, Textilien und Geschirr. Lieferung in der gesamten Schweiz.","publisher":{"@id":"https:\/\/uchitomishop.ch\/de\/#organization"},"potentialAction":[{"@type":"SearchAction","target":{"@type":"EntryPoint","urlTemplate":"https:\/\/uchitomishop.ch\/de\/?s={search_term_string}"},"query-input":{"@type":"PropertyValueSpecification","valueRequired":true,"valueName":"search_term_string"}}],"inLanguage":"de-CH"},{"@type":"Organization","@id":"https:\/\/uchitomishop.ch\/de\/#organization","name":"Uchitomishop - Japanischer Online-Shop - Lieferung in die ganze Schweiz","url":"https:\/\/uchitomishop.ch\/de\/","logo":{"@type":"ImageObject","inLanguage":"de-CH","@id":"https:\/\/uchitomishop.ch\/de\/#\/schema\/logo\/image\/","url":"https:\/\/uchitomishop.ch\/wp-content\/uploads\/2024\/04\/logo.png","contentUrl":"https:\/\/uchitomishop.ch\/wp-content\/uploads\/2024\/04\/logo.png","width":380,"height":162,"caption":"Uchitomishop - Japanischer Online-Shop - Lieferung in die ganze Schweiz"},"image":{"@id":"https:\/\/uchitomishop.ch\/de\/#\/schema\/logo\/image\/"}}]}},"_links":{"self":[{"href":"https:\/\/uchitomishop.ch\/de\/wp-json\/wp\/v2\/product\/161593","targetHints":{"allow":["GET"]}}],"collection":[{"href":"https:\/\/uchitomishop.ch\/de\/wp-json\/wp\/v2\/product"}],"about":[{"href":"https:\/\/uchitomishop.ch\/de\/wp-json\/wp\/v2\/types\/product"}],"replies":[{"embeddable":true,"href":"https:\/\/uchitomishop.ch\/de\/wp-json\/wp\/v2\/comments?post=161593"}],"wp:featuredmedia":[{"embeddable":true,"href":"https:\/\/uchitomishop.ch\/de\/wp-json\/wp\/v2\/media\/178032"}],"wp:attachment":[{"href":"https:\/\/uchitomishop.ch\/de\/wp-json\/wp\/v2\/media?parent=161593"}],"wp:term":[{"taxonomy":"product_brand","embeddable":true,"href":"https:\/\/uchitomishop.ch\/de\/wp-json\/wp\/v2\/product_brand?post=161593"},{"taxonomy":"product_cat","embeddable":true,"href":"https:\/\/uchitomishop.ch\/de\/wp-json\/wp\/v2\/product_cat?post=161593"},{"taxonomy":"product_tag","embeddable":true,"href":"https:\/\/uchitomishop.ch\/de\/wp-json\/wp\/v2\/product_tag?post=161593"}],"curies":[{"name":"wp","href":"https:\/\/api.w.org\/{rel}","templated":true}]}}