{"id":148252,"date":"2021-07-03T16:15:55","date_gmt":"2021-07-03T14:15:55","guid":{"rendered":"https:\/\/uchitomishop.ch\/produit\/trockenes-miso-seasoning-nobu-80g\/"},"modified":"2026-04-16T09:40:05","modified_gmt":"2026-04-16T07:40:05","slug":"trockenes-miso-seasoning-nobu-80g","status":"publish","type":"product","link":"https:\/\/uchitomishop.ch\/de\/produkt\/trockenes-miso-seasoning-nobu-80g\/","title":{"rendered":"TROCKENES MISO SEASONING &#171;NOBU&#187; 80G"},"content":{"rendered":"<p>Miso-Signaturw\u00fcrze des ber\u00fchmten japanischen K\u00fcchenchefs Nobu, zum Bestreuen von Salat, Tofu, Fisch und verschiedenen Fleischsorten.<\/p>\n","protected":false},"excerpt":{"rendered":"<p>Miso-Signaturw\u00fcrze des ber\u00fchmten japanischen K\u00fcchenchefs Nobu, zum Bestreuen von Salat, Tofu, Fisch und verschiedenen Fleischsorten.<\/p>\n","protected":false},"featured_media":203731,"comment_status":"open","ping_status":"closed","template":"","meta":{"_acf_changed":false},"product_brand":[],"product_cat":[522,444,478],"product_tag":[],"class_list":{"0":"post-148252","1":"product","2":"type-product","3":"status-publish","4":"has-post-thumbnail","6":"product_cat-andere-wurzmittel","7":"product_cat-lebensmittel","8":"product_cat-wurzen-gewurze","10":"first","11":"outofstock","12":"taxable","13":"shipping-taxable","14":"purchasable","15":"product-type-simple"},"acf":[],"yoast_head":"<!-- This site is optimized with the Yoast SEO plugin v27.5 - https:\/\/yoast.com\/product\/yoast-seo-wordpress\/ -->\n<title>TROCKENES MISO SEASONING &quot;NOBU&quot; 80G - Uchitomishop - Japanischer Online-Shop - Lieferung in die ganze Schweiz<\/title>\n<meta name=\"robots\" content=\"index, follow, max-snippet:-1, max-image-preview:large, max-video-preview:-1\" \/>\n<link rel=\"canonical\" href=\"https:\/\/uchitomishop.ch\/de\/produkt\/trockenes-miso-seasoning-nobu-80g\/\" \/>\n<meta property=\"og:locale\" content=\"de_DE\" \/>\n<meta property=\"og:type\" content=\"article\" \/>\n<meta property=\"og:title\" content=\"TROCKENES MISO SEASONING &quot;NOBU&quot; 80G - Uchitomishop - Japanischer Online-Shop - Lieferung in die ganze Schweiz\" \/>\n<meta property=\"og:description\" content=\"Miso-Signaturw\u00fcrze des ber\u00fchmten japanischen K\u00fcchenchefs Nobu, zum Bestreuen von Salat, Tofu, Fisch und verschiedenen Fleischsorten.\" \/>\n<meta property=\"og:url\" content=\"https:\/\/uchitomishop.ch\/de\/produkt\/trockenes-miso-seasoning-nobu-80g\/\" \/>\n<meta property=\"og:site_name\" content=\"Uchitomishop - Japanischer Online-Shop - Lieferung in die ganze Schweiz\" \/>\n<meta property=\"article:modified_time\" content=\"2026-04-16T07:40:05+00:00\" \/>\n<meta property=\"og:image\" content=\"https:\/\/uchitomishop.ch\/wp-content\/uploads\/2025\/05\/4902663010128.jpg\" \/>\n\t<meta property=\"og:image:width\" content=\"500\" \/>\n\t<meta property=\"og:image:height\" content=\"500\" \/>\n\t<meta property=\"og:image:type\" content=\"image\/jpeg\" \/>\n<meta name=\"twitter:card\" content=\"summary_large_image\" \/>\n<script type=\"application\/ld+json\" class=\"yoast-schema-graph\">{\"@context\":\"https:\\\/\\\/schema.org\",\"@graph\":[{\"@type\":\"WebPage\",\"@id\":\"https:\\\/\\\/uchitomishop.ch\\\/de\\\/produkt\\\/trockenes-miso-seasoning-nobu-80g\\\/\",\"url\":\"https:\\\/\\\/uchitomishop.ch\\\/de\\\/produkt\\\/trockenes-miso-seasoning-nobu-80g\\\/\",\"name\":\"TROCKENES MISO SEASONING \\\"NOBU\\\" 80G - Uchitomishop - Japanischer Online-Shop - Lieferung in die ganze Schweiz\",\"isPartOf\":{\"@id\":\"https:\\\/\\\/uchitomishop.ch\\\/de\\\/#website\"},\"primaryImageOfPage\":{\"@id\":\"https:\\\/\\\/uchitomishop.ch\\\/de\\\/produkt\\\/trockenes-miso-seasoning-nobu-80g\\\/#primaryimage\"},\"image\":{\"@id\":\"https:\\\/\\\/uchitomishop.ch\\\/de\\\/produkt\\\/trockenes-miso-seasoning-nobu-80g\\\/#primaryimage\"},\"thumbnailUrl\":\"https:\\\/\\\/uchitomishop.ch\\\/wp-content\\\/uploads\\\/2025\\\/05\\\/4902663010128.jpg\",\"datePublished\":\"2021-07-03T14:15:55+00:00\",\"dateModified\":\"2026-04-16T07:40:05+00:00\",\"breadcrumb\":{\"@id\":\"https:\\\/\\\/uchitomishop.ch\\\/de\\\/produkt\\\/trockenes-miso-seasoning-nobu-80g\\\/#breadcrumb\"},\"inLanguage\":\"de-CH\",\"potentialAction\":[{\"@type\":\"ReadAction\",\"target\":[\"https:\\\/\\\/uchitomishop.ch\\\/de\\\/produkt\\\/trockenes-miso-seasoning-nobu-80g\\\/\"]}]},{\"@type\":\"ImageObject\",\"inLanguage\":\"de-CH\",\"@id\":\"https:\\\/\\\/uchitomishop.ch\\\/de\\\/produkt\\\/trockenes-miso-seasoning-nobu-80g\\\/#primaryimage\",\"url\":\"https:\\\/\\\/uchitomishop.ch\\\/wp-content\\\/uploads\\\/2025\\\/05\\\/4902663010128.jpg\",\"contentUrl\":\"https:\\\/\\\/uchitomishop.ch\\\/wp-content\\\/uploads\\\/2025\\\/05\\\/4902663010128.jpg\",\"width\":500,\"height\":500},{\"@type\":\"BreadcrumbList\",\"@id\":\"https:\\\/\\\/uchitomishop.ch\\\/de\\\/produkt\\\/trockenes-miso-seasoning-nobu-80g\\\/#breadcrumb\",\"itemListElement\":[{\"@type\":\"ListItem\",\"position\":1,\"name\":\"Accueil\",\"item\":\"https:\\\/\\\/uchitomishop.ch\\\/de\\\/homepage\\\/\"},{\"@type\":\"ListItem\",\"position\":2,\"name\":\"Shop\",\"item\":\"https:\\\/\\\/uchitomishop.ch\\\/de\\\/shop\\\/\"},{\"@type\":\"ListItem\",\"position\":3,\"name\":\"TROCKENES MISO SEASONING \u00ab\u00a0NOBU\u00a0\u00bb 80G\"}]},{\"@type\":\"WebSite\",\"@id\":\"https:\\\/\\\/uchitomishop.ch\\\/de\\\/#website\",\"url\":\"https:\\\/\\\/uchitomishop.ch\\\/de\\\/\",\"name\":\"Uchitomishop - Magasin en ligne Japonais - Livraison dans toute la Suisse\",\"description\":\"Japanisches Online-Gesch\u00e4ft. Entdecken Sie alle unsere japanischen Produkte: Lebensmittel, K\u00fcche, B\u00fccher, Haushalt, Schreibwaren, Pflege, Textilien und Geschirr. Lieferung in der gesamten Schweiz.\",\"publisher\":{\"@id\":\"https:\\\/\\\/uchitomishop.ch\\\/de\\\/#organization\"},\"potentialAction\":[{\"@type\":\"SearchAction\",\"target\":{\"@type\":\"EntryPoint\",\"urlTemplate\":\"https:\\\/\\\/uchitomishop.ch\\\/de\\\/?s={search_term_string}\"},\"query-input\":{\"@type\":\"PropertyValueSpecification\",\"valueRequired\":true,\"valueName\":\"search_term_string\"}}],\"inLanguage\":\"de-CH\"},{\"@type\":\"Organization\",\"@id\":\"https:\\\/\\\/uchitomishop.ch\\\/de\\\/#organization\",\"name\":\"Uchitomishop - Japanischer Online-Shop - Lieferung in die ganze Schweiz\",\"url\":\"https:\\\/\\\/uchitomishop.ch\\\/de\\\/\",\"logo\":{\"@type\":\"ImageObject\",\"inLanguage\":\"de-CH\",\"@id\":\"https:\\\/\\\/uchitomishop.ch\\\/de\\\/#\\\/schema\\\/logo\\\/image\\\/\",\"url\":\"https:\\\/\\\/uchitomishop.ch\\\/wp-content\\\/uploads\\\/2024\\\/04\\\/logo.png\",\"contentUrl\":\"https:\\\/\\\/uchitomishop.ch\\\/wp-content\\\/uploads\\\/2024\\\/04\\\/logo.png\",\"width\":380,\"height\":162,\"caption\":\"Uchitomishop - Japanischer Online-Shop - Lieferung in die ganze Schweiz\"},\"image\":{\"@id\":\"https:\\\/\\\/uchitomishop.ch\\\/de\\\/#\\\/schema\\\/logo\\\/image\\\/\"}}]}<\/script>\n<!-- \/ Yoast SEO plugin. -->","yoast_head_json":{"title":"TROCKENES MISO SEASONING \"NOBU\" 80G - Uchitomishop - Japanischer Online-Shop - Lieferung in die ganze Schweiz","robots":{"index":"index","follow":"follow","max-snippet":"max-snippet:-1","max-image-preview":"max-image-preview:large","max-video-preview":"max-video-preview:-1"},"canonical":"https:\/\/uchitomishop.ch\/de\/produkt\/trockenes-miso-seasoning-nobu-80g\/","og_locale":"de_DE","og_type":"article","og_title":"TROCKENES MISO SEASONING \"NOBU\" 80G - Uchitomishop - Japanischer Online-Shop - Lieferung in die ganze Schweiz","og_description":"Miso-Signaturw\u00fcrze des ber\u00fchmten japanischen K\u00fcchenchefs Nobu, zum Bestreuen von Salat, Tofu, Fisch und verschiedenen Fleischsorten.","og_url":"https:\/\/uchitomishop.ch\/de\/produkt\/trockenes-miso-seasoning-nobu-80g\/","og_site_name":"Uchitomishop - Japanischer Online-Shop - Lieferung in die ganze Schweiz","article_modified_time":"2026-04-16T07:40:05+00:00","og_image":[{"width":500,"height":500,"url":"https:\/\/uchitomishop.ch\/wp-content\/uploads\/2025\/05\/4902663010128.jpg","type":"image\/jpeg"}],"twitter_card":"summary_large_image","schema":{"@context":"https:\/\/schema.org","@graph":[{"@type":"WebPage","@id":"https:\/\/uchitomishop.ch\/de\/produkt\/trockenes-miso-seasoning-nobu-80g\/","url":"https:\/\/uchitomishop.ch\/de\/produkt\/trockenes-miso-seasoning-nobu-80g\/","name":"TROCKENES MISO SEASONING \"NOBU\" 80G - Uchitomishop - Japanischer Online-Shop - Lieferung in die ganze Schweiz","isPartOf":{"@id":"https:\/\/uchitomishop.ch\/de\/#website"},"primaryImageOfPage":{"@id":"https:\/\/uchitomishop.ch\/de\/produkt\/trockenes-miso-seasoning-nobu-80g\/#primaryimage"},"image":{"@id":"https:\/\/uchitomishop.ch\/de\/produkt\/trockenes-miso-seasoning-nobu-80g\/#primaryimage"},"thumbnailUrl":"https:\/\/uchitomishop.ch\/wp-content\/uploads\/2025\/05\/4902663010128.jpg","datePublished":"2021-07-03T14:15:55+00:00","dateModified":"2026-04-16T07:40:05+00:00","breadcrumb":{"@id":"https:\/\/uchitomishop.ch\/de\/produkt\/trockenes-miso-seasoning-nobu-80g\/#breadcrumb"},"inLanguage":"de-CH","potentialAction":[{"@type":"ReadAction","target":["https:\/\/uchitomishop.ch\/de\/produkt\/trockenes-miso-seasoning-nobu-80g\/"]}]},{"@type":"ImageObject","inLanguage":"de-CH","@id":"https:\/\/uchitomishop.ch\/de\/produkt\/trockenes-miso-seasoning-nobu-80g\/#primaryimage","url":"https:\/\/uchitomishop.ch\/wp-content\/uploads\/2025\/05\/4902663010128.jpg","contentUrl":"https:\/\/uchitomishop.ch\/wp-content\/uploads\/2025\/05\/4902663010128.jpg","width":500,"height":500},{"@type":"BreadcrumbList","@id":"https:\/\/uchitomishop.ch\/de\/produkt\/trockenes-miso-seasoning-nobu-80g\/#breadcrumb","itemListElement":[{"@type":"ListItem","position":1,"name":"Accueil","item":"https:\/\/uchitomishop.ch\/de\/homepage\/"},{"@type":"ListItem","position":2,"name":"Shop","item":"https:\/\/uchitomishop.ch\/de\/shop\/"},{"@type":"ListItem","position":3,"name":"TROCKENES MISO SEASONING \u00ab\u00a0NOBU\u00a0\u00bb 80G"}]},{"@type":"WebSite","@id":"https:\/\/uchitomishop.ch\/de\/#website","url":"https:\/\/uchitomishop.ch\/de\/","name":"Uchitomishop - Magasin en ligne Japonais - Livraison dans toute la Suisse","description":"Japanisches Online-Gesch\u00e4ft. Entdecken Sie alle unsere japanischen Produkte: Lebensmittel, K\u00fcche, B\u00fccher, Haushalt, Schreibwaren, Pflege, Textilien und Geschirr. Lieferung in der gesamten Schweiz.","publisher":{"@id":"https:\/\/uchitomishop.ch\/de\/#organization"},"potentialAction":[{"@type":"SearchAction","target":{"@type":"EntryPoint","urlTemplate":"https:\/\/uchitomishop.ch\/de\/?s={search_term_string}"},"query-input":{"@type":"PropertyValueSpecification","valueRequired":true,"valueName":"search_term_string"}}],"inLanguage":"de-CH"},{"@type":"Organization","@id":"https:\/\/uchitomishop.ch\/de\/#organization","name":"Uchitomishop - Japanischer Online-Shop - Lieferung in die ganze Schweiz","url":"https:\/\/uchitomishop.ch\/de\/","logo":{"@type":"ImageObject","inLanguage":"de-CH","@id":"https:\/\/uchitomishop.ch\/de\/#\/schema\/logo\/image\/","url":"https:\/\/uchitomishop.ch\/wp-content\/uploads\/2024\/04\/logo.png","contentUrl":"https:\/\/uchitomishop.ch\/wp-content\/uploads\/2024\/04\/logo.png","width":380,"height":162,"caption":"Uchitomishop - Japanischer Online-Shop - Lieferung in die ganze Schweiz"},"image":{"@id":"https:\/\/uchitomishop.ch\/de\/#\/schema\/logo\/image\/"}}]}},"_links":{"self":[{"href":"https:\/\/uchitomishop.ch\/de\/wp-json\/wp\/v2\/product\/148252","targetHints":{"allow":["GET"]}}],"collection":[{"href":"https:\/\/uchitomishop.ch\/de\/wp-json\/wp\/v2\/product"}],"about":[{"href":"https:\/\/uchitomishop.ch\/de\/wp-json\/wp\/v2\/types\/product"}],"replies":[{"embeddable":true,"href":"https:\/\/uchitomishop.ch\/de\/wp-json\/wp\/v2\/comments?post=148252"}],"wp:featuredmedia":[{"embeddable":true,"href":"https:\/\/uchitomishop.ch\/de\/wp-json\/wp\/v2\/media\/203731"}],"wp:attachment":[{"href":"https:\/\/uchitomishop.ch\/de\/wp-json\/wp\/v2\/media?parent=148252"}],"wp:term":[{"taxonomy":"product_brand","embeddable":true,"href":"https:\/\/uchitomishop.ch\/de\/wp-json\/wp\/v2\/product_brand?post=148252"},{"taxonomy":"product_cat","embeddable":true,"href":"https:\/\/uchitomishop.ch\/de\/wp-json\/wp\/v2\/product_cat?post=148252"},{"taxonomy":"product_tag","embeddable":true,"href":"https:\/\/uchitomishop.ch\/de\/wp-json\/wp\/v2\/product_tag?post=148252"}],"curies":[{"name":"wp","href":"https:\/\/api.w.org\/{rel}","templated":true}]}}