{"id":148076,"date":"2021-11-03T06:58:23","date_gmt":"2021-11-03T05:58:23","guid":{"rendered":"https:\/\/uchitomishop.ch\/produit\/banno-tsuyu-eu-morita-340ml\/"},"modified":"2026-05-10T19:48:53","modified_gmt":"2026-05-10T17:48:53","slug":"banno-tsuyu-eu-morita-340ml","status":"publish","type":"product","link":"https:\/\/uchitomishop.ch\/de\/produkt\/banno-tsuyu-eu-morita-340ml\/","title":{"rendered":"BANNO TSUYU EU &#171;MORITA&#187; 340ML"},"content":{"rendered":"<p>Konzentrierte Suppenbasis mit Shiitake und Konbu, kann auch als Sauce f\u00fcr Sukiyaki verwendet werden.<\/p>\n","protected":false},"excerpt":{"rendered":"<p>Konzentrierte Suppenbasis mit Shiitake und Konbu, kann auch als Sauce f\u00fcr Sukiyaki verwendet werden.<\/p>\n","protected":false},"featured_media":213995,"comment_status":"open","ping_status":"closed","template":"","meta":{"_acf_changed":false},"product_brand":[],"product_cat":[444,454,586],"product_tag":[],"class_list":{"0":"post-148076","1":"product","2":"type-product","3":"status-publish","4":"has-post-thumbnail","6":"product_cat-lebensmittel","7":"product_cat-sosen","8":"product_cat-tsuyu-und-dashi-flussigkeit","10":"first","11":"instock","12":"taxable","13":"shipping-taxable","14":"purchasable","15":"product-type-simple"},"acf":[],"yoast_head":"<!-- This site is optimized with the Yoast SEO plugin v27.5 - https:\/\/yoast.com\/product\/yoast-seo-wordpress\/ -->\n<title>BANNO TSUYU EU &quot;MORITA&quot; 340ML - Uchitomishop - Japanischer Online-Shop - Lieferung in die ganze Schweiz<\/title>\n<meta name=\"robots\" content=\"index, follow, max-snippet:-1, max-image-preview:large, max-video-preview:-1\" \/>\n<link rel=\"canonical\" href=\"https:\/\/uchitomishop.ch\/de\/produkt\/banno-tsuyu-eu-morita-340ml\/\" \/>\n<meta property=\"og:locale\" content=\"de_DE\" \/>\n<meta property=\"og:type\" content=\"article\" \/>\n<meta property=\"og:title\" content=\"BANNO TSUYU EU &quot;MORITA&quot; 340ML - Uchitomishop - Japanischer Online-Shop - Lieferung in die ganze Schweiz\" \/>\n<meta property=\"og:description\" content=\"Konzentrierte Suppenbasis mit Shiitake und Konbu, kann auch als Sauce f\u00fcr Sukiyaki verwendet werden.\" \/>\n<meta property=\"og:url\" content=\"https:\/\/uchitomishop.ch\/de\/produkt\/banno-tsuyu-eu-morita-340ml\/\" \/>\n<meta property=\"og:site_name\" content=\"Uchitomishop - Japanischer Online-Shop - Lieferung in die ganze Schweiz\" \/>\n<meta property=\"article:modified_time\" content=\"2026-05-10T17:48:53+00:00\" \/>\n<meta property=\"og:image\" content=\"https:\/\/uchitomishop.ch\/wp-content\/uploads\/2026\/04\/49028564070561.jpg\" \/>\n\t<meta property=\"og:image:width\" content=\"975\" \/>\n\t<meta property=\"og:image:height\" content=\"975\" \/>\n\t<meta property=\"og:image:type\" content=\"image\/jpeg\" \/>\n<meta name=\"twitter:card\" content=\"summary_large_image\" \/>\n<script type=\"application\/ld+json\" class=\"yoast-schema-graph\">{\"@context\":\"https:\\\/\\\/schema.org\",\"@graph\":[{\"@type\":\"WebPage\",\"@id\":\"https:\\\/\\\/uchitomishop.ch\\\/de\\\/produkt\\\/banno-tsuyu-eu-morita-340ml\\\/\",\"url\":\"https:\\\/\\\/uchitomishop.ch\\\/de\\\/produkt\\\/banno-tsuyu-eu-morita-340ml\\\/\",\"name\":\"BANNO TSUYU EU \\\"MORITA\\\" 340ML - Uchitomishop - Japanischer Online-Shop - Lieferung in die ganze Schweiz\",\"isPartOf\":{\"@id\":\"https:\\\/\\\/uchitomishop.ch\\\/de\\\/#website\"},\"primaryImageOfPage\":{\"@id\":\"https:\\\/\\\/uchitomishop.ch\\\/de\\\/produkt\\\/banno-tsuyu-eu-morita-340ml\\\/#primaryimage\"},\"image\":{\"@id\":\"https:\\\/\\\/uchitomishop.ch\\\/de\\\/produkt\\\/banno-tsuyu-eu-morita-340ml\\\/#primaryimage\"},\"thumbnailUrl\":\"https:\\\/\\\/uchitomishop.ch\\\/wp-content\\\/uploads\\\/2026\\\/04\\\/49028564070561.jpg\",\"datePublished\":\"2021-11-03T05:58:23+00:00\",\"dateModified\":\"2026-05-10T17:48:53+00:00\",\"breadcrumb\":{\"@id\":\"https:\\\/\\\/uchitomishop.ch\\\/de\\\/produkt\\\/banno-tsuyu-eu-morita-340ml\\\/#breadcrumb\"},\"inLanguage\":\"de-CH\",\"potentialAction\":[{\"@type\":\"ReadAction\",\"target\":[\"https:\\\/\\\/uchitomishop.ch\\\/de\\\/produkt\\\/banno-tsuyu-eu-morita-340ml\\\/\"]}]},{\"@type\":\"ImageObject\",\"inLanguage\":\"de-CH\",\"@id\":\"https:\\\/\\\/uchitomishop.ch\\\/de\\\/produkt\\\/banno-tsuyu-eu-morita-340ml\\\/#primaryimage\",\"url\":\"https:\\\/\\\/uchitomishop.ch\\\/wp-content\\\/uploads\\\/2026\\\/04\\\/49028564070561.jpg\",\"contentUrl\":\"https:\\\/\\\/uchitomishop.ch\\\/wp-content\\\/uploads\\\/2026\\\/04\\\/49028564070561.jpg\",\"width\":975,\"height\":975},{\"@type\":\"BreadcrumbList\",\"@id\":\"https:\\\/\\\/uchitomishop.ch\\\/de\\\/produkt\\\/banno-tsuyu-eu-morita-340ml\\\/#breadcrumb\",\"itemListElement\":[{\"@type\":\"ListItem\",\"position\":1,\"name\":\"Accueil\",\"item\":\"https:\\\/\\\/uchitomishop.ch\\\/de\\\/homepage\\\/\"},{\"@type\":\"ListItem\",\"position\":2,\"name\":\"Shop\",\"item\":\"https:\\\/\\\/uchitomishop.ch\\\/de\\\/shop\\\/\"},{\"@type\":\"ListItem\",\"position\":3,\"name\":\"BANNO TSUYU EU \u00ab\u00a0MORITA\u00a0\u00bb 340ML\"}]},{\"@type\":\"WebSite\",\"@id\":\"https:\\\/\\\/uchitomishop.ch\\\/de\\\/#website\",\"url\":\"https:\\\/\\\/uchitomishop.ch\\\/de\\\/\",\"name\":\"Uchitomishop - Magasin en ligne Japonais - Livraison dans toute la Suisse\",\"description\":\"Japanisches Online-Gesch\u00e4ft. Entdecken Sie alle unsere japanischen Produkte: Lebensmittel, K\u00fcche, B\u00fccher, Haushalt, Schreibwaren, Pflege, Textilien und Geschirr. Lieferung in der gesamten Schweiz.\",\"publisher\":{\"@id\":\"https:\\\/\\\/uchitomishop.ch\\\/de\\\/#organization\"},\"potentialAction\":[{\"@type\":\"SearchAction\",\"target\":{\"@type\":\"EntryPoint\",\"urlTemplate\":\"https:\\\/\\\/uchitomishop.ch\\\/de\\\/?s={search_term_string}\"},\"query-input\":{\"@type\":\"PropertyValueSpecification\",\"valueRequired\":true,\"valueName\":\"search_term_string\"}}],\"inLanguage\":\"de-CH\"},{\"@type\":\"Organization\",\"@id\":\"https:\\\/\\\/uchitomishop.ch\\\/de\\\/#organization\",\"name\":\"Uchitomishop - Japanischer Online-Shop - Lieferung in die ganze Schweiz\",\"url\":\"https:\\\/\\\/uchitomishop.ch\\\/de\\\/\",\"logo\":{\"@type\":\"ImageObject\",\"inLanguage\":\"de-CH\",\"@id\":\"https:\\\/\\\/uchitomishop.ch\\\/de\\\/#\\\/schema\\\/logo\\\/image\\\/\",\"url\":\"https:\\\/\\\/uchitomishop.ch\\\/wp-content\\\/uploads\\\/2024\\\/04\\\/logo.png\",\"contentUrl\":\"https:\\\/\\\/uchitomishop.ch\\\/wp-content\\\/uploads\\\/2024\\\/04\\\/logo.png\",\"width\":380,\"height\":162,\"caption\":\"Uchitomishop - Japanischer Online-Shop - Lieferung in die ganze Schweiz\"},\"image\":{\"@id\":\"https:\\\/\\\/uchitomishop.ch\\\/de\\\/#\\\/schema\\\/logo\\\/image\\\/\"}}]}<\/script>\n<!-- \/ Yoast SEO plugin. -->","yoast_head_json":{"title":"BANNO TSUYU EU \"MORITA\" 340ML - Uchitomishop - Japanischer Online-Shop - Lieferung in die ganze Schweiz","robots":{"index":"index","follow":"follow","max-snippet":"max-snippet:-1","max-image-preview":"max-image-preview:large","max-video-preview":"max-video-preview:-1"},"canonical":"https:\/\/uchitomishop.ch\/de\/produkt\/banno-tsuyu-eu-morita-340ml\/","og_locale":"de_DE","og_type":"article","og_title":"BANNO TSUYU EU \"MORITA\" 340ML - Uchitomishop - Japanischer Online-Shop - Lieferung in die ganze Schweiz","og_description":"Konzentrierte Suppenbasis mit Shiitake und Konbu, kann auch als Sauce f\u00fcr Sukiyaki verwendet werden.","og_url":"https:\/\/uchitomishop.ch\/de\/produkt\/banno-tsuyu-eu-morita-340ml\/","og_site_name":"Uchitomishop - Japanischer Online-Shop - Lieferung in die ganze Schweiz","article_modified_time":"2026-05-10T17:48:53+00:00","og_image":[{"width":975,"height":975,"url":"https:\/\/uchitomishop.ch\/wp-content\/uploads\/2026\/04\/49028564070561.jpg","type":"image\/jpeg"}],"twitter_card":"summary_large_image","schema":{"@context":"https:\/\/schema.org","@graph":[{"@type":"WebPage","@id":"https:\/\/uchitomishop.ch\/de\/produkt\/banno-tsuyu-eu-morita-340ml\/","url":"https:\/\/uchitomishop.ch\/de\/produkt\/banno-tsuyu-eu-morita-340ml\/","name":"BANNO TSUYU EU \"MORITA\" 340ML - Uchitomishop - Japanischer Online-Shop - Lieferung in die ganze Schweiz","isPartOf":{"@id":"https:\/\/uchitomishop.ch\/de\/#website"},"primaryImageOfPage":{"@id":"https:\/\/uchitomishop.ch\/de\/produkt\/banno-tsuyu-eu-morita-340ml\/#primaryimage"},"image":{"@id":"https:\/\/uchitomishop.ch\/de\/produkt\/banno-tsuyu-eu-morita-340ml\/#primaryimage"},"thumbnailUrl":"https:\/\/uchitomishop.ch\/wp-content\/uploads\/2026\/04\/49028564070561.jpg","datePublished":"2021-11-03T05:58:23+00:00","dateModified":"2026-05-10T17:48:53+00:00","breadcrumb":{"@id":"https:\/\/uchitomishop.ch\/de\/produkt\/banno-tsuyu-eu-morita-340ml\/#breadcrumb"},"inLanguage":"de-CH","potentialAction":[{"@type":"ReadAction","target":["https:\/\/uchitomishop.ch\/de\/produkt\/banno-tsuyu-eu-morita-340ml\/"]}]},{"@type":"ImageObject","inLanguage":"de-CH","@id":"https:\/\/uchitomishop.ch\/de\/produkt\/banno-tsuyu-eu-morita-340ml\/#primaryimage","url":"https:\/\/uchitomishop.ch\/wp-content\/uploads\/2026\/04\/49028564070561.jpg","contentUrl":"https:\/\/uchitomishop.ch\/wp-content\/uploads\/2026\/04\/49028564070561.jpg","width":975,"height":975},{"@type":"BreadcrumbList","@id":"https:\/\/uchitomishop.ch\/de\/produkt\/banno-tsuyu-eu-morita-340ml\/#breadcrumb","itemListElement":[{"@type":"ListItem","position":1,"name":"Accueil","item":"https:\/\/uchitomishop.ch\/de\/homepage\/"},{"@type":"ListItem","position":2,"name":"Shop","item":"https:\/\/uchitomishop.ch\/de\/shop\/"},{"@type":"ListItem","position":3,"name":"BANNO TSUYU EU \u00ab\u00a0MORITA\u00a0\u00bb 340ML"}]},{"@type":"WebSite","@id":"https:\/\/uchitomishop.ch\/de\/#website","url":"https:\/\/uchitomishop.ch\/de\/","name":"Uchitomishop - Magasin en ligne Japonais - Livraison dans toute la Suisse","description":"Japanisches Online-Gesch\u00e4ft. Entdecken Sie alle unsere japanischen Produkte: Lebensmittel, K\u00fcche, B\u00fccher, Haushalt, Schreibwaren, Pflege, Textilien und Geschirr. Lieferung in der gesamten Schweiz.","publisher":{"@id":"https:\/\/uchitomishop.ch\/de\/#organization"},"potentialAction":[{"@type":"SearchAction","target":{"@type":"EntryPoint","urlTemplate":"https:\/\/uchitomishop.ch\/de\/?s={search_term_string}"},"query-input":{"@type":"PropertyValueSpecification","valueRequired":true,"valueName":"search_term_string"}}],"inLanguage":"de-CH"},{"@type":"Organization","@id":"https:\/\/uchitomishop.ch\/de\/#organization","name":"Uchitomishop - Japanischer Online-Shop - Lieferung in die ganze Schweiz","url":"https:\/\/uchitomishop.ch\/de\/","logo":{"@type":"ImageObject","inLanguage":"de-CH","@id":"https:\/\/uchitomishop.ch\/de\/#\/schema\/logo\/image\/","url":"https:\/\/uchitomishop.ch\/wp-content\/uploads\/2024\/04\/logo.png","contentUrl":"https:\/\/uchitomishop.ch\/wp-content\/uploads\/2024\/04\/logo.png","width":380,"height":162,"caption":"Uchitomishop - Japanischer Online-Shop - Lieferung in die ganze Schweiz"},"image":{"@id":"https:\/\/uchitomishop.ch\/de\/#\/schema\/logo\/image\/"}}]}},"_links":{"self":[{"href":"https:\/\/uchitomishop.ch\/de\/wp-json\/wp\/v2\/product\/148076","targetHints":{"allow":["GET"]}}],"collection":[{"href":"https:\/\/uchitomishop.ch\/de\/wp-json\/wp\/v2\/product"}],"about":[{"href":"https:\/\/uchitomishop.ch\/de\/wp-json\/wp\/v2\/types\/product"}],"replies":[{"embeddable":true,"href":"https:\/\/uchitomishop.ch\/de\/wp-json\/wp\/v2\/comments?post=148076"}],"wp:featuredmedia":[{"embeddable":true,"href":"https:\/\/uchitomishop.ch\/de\/wp-json\/wp\/v2\/media\/213995"}],"wp:attachment":[{"href":"https:\/\/uchitomishop.ch\/de\/wp-json\/wp\/v2\/media?parent=148076"}],"wp:term":[{"taxonomy":"product_brand","embeddable":true,"href":"https:\/\/uchitomishop.ch\/de\/wp-json\/wp\/v2\/product_brand?post=148076"},{"taxonomy":"product_cat","embeddable":true,"href":"https:\/\/uchitomishop.ch\/de\/wp-json\/wp\/v2\/product_cat?post=148076"},{"taxonomy":"product_tag","embeddable":true,"href":"https:\/\/uchitomishop.ch\/de\/wp-json\/wp\/v2\/product_tag?post=148076"}],"curies":[{"name":"wp","href":"https:\/\/api.w.org\/{rel}","templated":true}]}}