{"id":147483,"date":"2021-09-03T16:11:18","date_gmt":"2021-09-03T14:11:18","guid":{"rendered":"https:\/\/uchitomishop.ch\/produit\/nikka-single-malt-yoichi-nikka-45-700ml\/"},"modified":"2026-03-28T13:21:30","modified_gmt":"2026-03-28T12:21:30","slug":"nikka-single-malt-yoichi-nikka-45-700ml","status":"publish","type":"product","link":"https:\/\/uchitomishop.ch\/de\/produkt\/nikka-single-malt-yoichi-nikka-45-700ml\/","title":{"rendered":"NIKKA SINGLE MALT YOICHI &#171;NIKKA&#187; 45% 700ML"},"content":{"rendered":"<p>Japanischer Single Malt Whisky, Noten von Fass, Malz und Fr\u00fcchten, Geschmack in Harmonie mit der S\u00fc\u00dfe von Eiche, Torf und Orange<\/p>\n","protected":false},"excerpt":{"rendered":"<p>Japanischer Single Malt Whisky, Noten von Fass, Malz und Fr\u00fcchten, Geschmack in Harmonie mit der S\u00fc\u00dfe von Eiche, Torf und Orange<\/p>\n","protected":false},"featured_media":202588,"comment_status":"open","ping_status":"closed","template":"","meta":{"_acf_changed":false},"product_brand":[],"product_cat":[537,534,559],"product_tag":[],"class_list":{"0":"post-147483","1":"product","2":"type-product","3":"status-publish","4":"has-post-thumbnail","6":"product_cat-alkohole","7":"product_cat-getranke","8":"product_cat-whisky-de","10":"first","11":"instock","12":"taxable","13":"shipping-taxable","14":"purchasable","15":"product-type-simple"},"acf":[],"yoast_head":"<!-- This site is optimized with the Yoast SEO plugin v27.5 - https:\/\/yoast.com\/product\/yoast-seo-wordpress\/ -->\n<title>NIKKA SINGLE MALT YOICHI &quot;NIKKA&quot; 45% 700ML - Uchitomishop - Japanischer Online-Shop - Lieferung in die ganze Schweiz<\/title>\n<meta name=\"robots\" content=\"index, follow, max-snippet:-1, max-image-preview:large, max-video-preview:-1\" \/>\n<link rel=\"canonical\" href=\"https:\/\/uchitomishop.ch\/de\/produkt\/nikka-single-malt-yoichi-nikka-45-700ml\/\" \/>\n<meta property=\"og:locale\" content=\"de_DE\" \/>\n<meta property=\"og:type\" content=\"article\" \/>\n<meta property=\"og:title\" content=\"NIKKA SINGLE MALT YOICHI &quot;NIKKA&quot; 45% 700ML - Uchitomishop - Japanischer Online-Shop - Lieferung in die ganze Schweiz\" \/>\n<meta property=\"og:description\" content=\"Japanischer Single Malt Whisky, Noten von Fass, Malz und Fr\u00fcchten, Geschmack in Harmonie mit der S\u00fc\u00dfe von Eiche, Torf und Orange\" \/>\n<meta property=\"og:url\" content=\"https:\/\/uchitomishop.ch\/de\/produkt\/nikka-single-malt-yoichi-nikka-45-700ml\/\" \/>\n<meta property=\"og:site_name\" content=\"Uchitomishop - Japanischer Online-Shop - Lieferung in die ganze Schweiz\" \/>\n<meta property=\"article:modified_time\" content=\"2026-03-28T12:21:30+00:00\" \/>\n<meta property=\"og:image\" content=\"https:\/\/uchitomishop.ch\/wp-content\/uploads\/2025\/05\/49042300422042.jpg\" \/>\n\t<meta property=\"og:image:width\" content=\"572\" \/>\n\t<meta property=\"og:image:height\" content=\"808\" \/>\n\t<meta property=\"og:image:type\" content=\"image\/jpeg\" \/>\n<meta name=\"twitter:card\" content=\"summary_large_image\" \/>\n<script type=\"application\/ld+json\" class=\"yoast-schema-graph\">{\"@context\":\"https:\\\/\\\/schema.org\",\"@graph\":[{\"@type\":\"WebPage\",\"@id\":\"https:\\\/\\\/uchitomishop.ch\\\/de\\\/produkt\\\/nikka-single-malt-yoichi-nikka-45-700ml\\\/\",\"url\":\"https:\\\/\\\/uchitomishop.ch\\\/de\\\/produkt\\\/nikka-single-malt-yoichi-nikka-45-700ml\\\/\",\"name\":\"NIKKA SINGLE MALT YOICHI \\\"NIKKA\\\" 45% 700ML - Uchitomishop - Japanischer Online-Shop - Lieferung in die ganze Schweiz\",\"isPartOf\":{\"@id\":\"https:\\\/\\\/uchitomishop.ch\\\/de\\\/#website\"},\"primaryImageOfPage\":{\"@id\":\"https:\\\/\\\/uchitomishop.ch\\\/de\\\/produkt\\\/nikka-single-malt-yoichi-nikka-45-700ml\\\/#primaryimage\"},\"image\":{\"@id\":\"https:\\\/\\\/uchitomishop.ch\\\/de\\\/produkt\\\/nikka-single-malt-yoichi-nikka-45-700ml\\\/#primaryimage\"},\"thumbnailUrl\":\"https:\\\/\\\/uchitomishop.ch\\\/wp-content\\\/uploads\\\/2025\\\/05\\\/49042300422042.jpg\",\"datePublished\":\"2021-09-03T14:11:18+00:00\",\"dateModified\":\"2026-03-28T12:21:30+00:00\",\"breadcrumb\":{\"@id\":\"https:\\\/\\\/uchitomishop.ch\\\/de\\\/produkt\\\/nikka-single-malt-yoichi-nikka-45-700ml\\\/#breadcrumb\"},\"inLanguage\":\"de-CH\",\"potentialAction\":[{\"@type\":\"ReadAction\",\"target\":[\"https:\\\/\\\/uchitomishop.ch\\\/de\\\/produkt\\\/nikka-single-malt-yoichi-nikka-45-700ml\\\/\"]}]},{\"@type\":\"ImageObject\",\"inLanguage\":\"de-CH\",\"@id\":\"https:\\\/\\\/uchitomishop.ch\\\/de\\\/produkt\\\/nikka-single-malt-yoichi-nikka-45-700ml\\\/#primaryimage\",\"url\":\"https:\\\/\\\/uchitomishop.ch\\\/wp-content\\\/uploads\\\/2025\\\/05\\\/49042300422042.jpg\",\"contentUrl\":\"https:\\\/\\\/uchitomishop.ch\\\/wp-content\\\/uploads\\\/2025\\\/05\\\/49042300422042.jpg\",\"width\":572,\"height\":808},{\"@type\":\"BreadcrumbList\",\"@id\":\"https:\\\/\\\/uchitomishop.ch\\\/de\\\/produkt\\\/nikka-single-malt-yoichi-nikka-45-700ml\\\/#breadcrumb\",\"itemListElement\":[{\"@type\":\"ListItem\",\"position\":1,\"name\":\"Accueil\",\"item\":\"https:\\\/\\\/uchitomishop.ch\\\/de\\\/homepage\\\/\"},{\"@type\":\"ListItem\",\"position\":2,\"name\":\"Shop\",\"item\":\"https:\\\/\\\/uchitomishop.ch\\\/de\\\/shop\\\/\"},{\"@type\":\"ListItem\",\"position\":3,\"name\":\"NIKKA SINGLE MALT YOICHI &#171;NIKKA&#187; 45% 700ML\"}]},{\"@type\":\"WebSite\",\"@id\":\"https:\\\/\\\/uchitomishop.ch\\\/de\\\/#website\",\"url\":\"https:\\\/\\\/uchitomishop.ch\\\/de\\\/\",\"name\":\"Uchitomishop - Magasin en ligne Japonais - Livraison dans toute la Suisse\",\"description\":\"Japanisches Online-Gesch\u00e4ft. Entdecken Sie alle unsere japanischen Produkte: Lebensmittel, K\u00fcche, B\u00fccher, Haushalt, Schreibwaren, Pflege, Textilien und Geschirr. Lieferung in der gesamten Schweiz.\",\"publisher\":{\"@id\":\"https:\\\/\\\/uchitomishop.ch\\\/de\\\/#organization\"},\"potentialAction\":[{\"@type\":\"SearchAction\",\"target\":{\"@type\":\"EntryPoint\",\"urlTemplate\":\"https:\\\/\\\/uchitomishop.ch\\\/de\\\/?s={search_term_string}\"},\"query-input\":{\"@type\":\"PropertyValueSpecification\",\"valueRequired\":true,\"valueName\":\"search_term_string\"}}],\"inLanguage\":\"de-CH\"},{\"@type\":\"Organization\",\"@id\":\"https:\\\/\\\/uchitomishop.ch\\\/de\\\/#organization\",\"name\":\"Uchitomishop - Japanischer Online-Shop - Lieferung in die ganze Schweiz\",\"url\":\"https:\\\/\\\/uchitomishop.ch\\\/de\\\/\",\"logo\":{\"@type\":\"ImageObject\",\"inLanguage\":\"de-CH\",\"@id\":\"https:\\\/\\\/uchitomishop.ch\\\/de\\\/#\\\/schema\\\/logo\\\/image\\\/\",\"url\":\"https:\\\/\\\/uchitomishop.ch\\\/wp-content\\\/uploads\\\/2024\\\/04\\\/logo.png\",\"contentUrl\":\"https:\\\/\\\/uchitomishop.ch\\\/wp-content\\\/uploads\\\/2024\\\/04\\\/logo.png\",\"width\":380,\"height\":162,\"caption\":\"Uchitomishop - Japanischer Online-Shop - Lieferung in die ganze Schweiz\"},\"image\":{\"@id\":\"https:\\\/\\\/uchitomishop.ch\\\/de\\\/#\\\/schema\\\/logo\\\/image\\\/\"}}]}<\/script>\n<!-- \/ Yoast SEO plugin. -->","yoast_head_json":{"title":"NIKKA SINGLE MALT YOICHI \"NIKKA\" 45% 700ML - Uchitomishop - Japanischer Online-Shop - Lieferung in die ganze Schweiz","robots":{"index":"index","follow":"follow","max-snippet":"max-snippet:-1","max-image-preview":"max-image-preview:large","max-video-preview":"max-video-preview:-1"},"canonical":"https:\/\/uchitomishop.ch\/de\/produkt\/nikka-single-malt-yoichi-nikka-45-700ml\/","og_locale":"de_DE","og_type":"article","og_title":"NIKKA SINGLE MALT YOICHI \"NIKKA\" 45% 700ML - Uchitomishop - Japanischer Online-Shop - Lieferung in die ganze Schweiz","og_description":"Japanischer Single Malt Whisky, Noten von Fass, Malz und Fr\u00fcchten, Geschmack in Harmonie mit der S\u00fc\u00dfe von Eiche, Torf und Orange","og_url":"https:\/\/uchitomishop.ch\/de\/produkt\/nikka-single-malt-yoichi-nikka-45-700ml\/","og_site_name":"Uchitomishop - Japanischer Online-Shop - Lieferung in die ganze Schweiz","article_modified_time":"2026-03-28T12:21:30+00:00","og_image":[{"width":572,"height":808,"url":"https:\/\/uchitomishop.ch\/wp-content\/uploads\/2025\/05\/49042300422042.jpg","type":"image\/jpeg"}],"twitter_card":"summary_large_image","schema":{"@context":"https:\/\/schema.org","@graph":[{"@type":"WebPage","@id":"https:\/\/uchitomishop.ch\/de\/produkt\/nikka-single-malt-yoichi-nikka-45-700ml\/","url":"https:\/\/uchitomishop.ch\/de\/produkt\/nikka-single-malt-yoichi-nikka-45-700ml\/","name":"NIKKA SINGLE MALT YOICHI \"NIKKA\" 45% 700ML - Uchitomishop - Japanischer Online-Shop - Lieferung in die ganze Schweiz","isPartOf":{"@id":"https:\/\/uchitomishop.ch\/de\/#website"},"primaryImageOfPage":{"@id":"https:\/\/uchitomishop.ch\/de\/produkt\/nikka-single-malt-yoichi-nikka-45-700ml\/#primaryimage"},"image":{"@id":"https:\/\/uchitomishop.ch\/de\/produkt\/nikka-single-malt-yoichi-nikka-45-700ml\/#primaryimage"},"thumbnailUrl":"https:\/\/uchitomishop.ch\/wp-content\/uploads\/2025\/05\/49042300422042.jpg","datePublished":"2021-09-03T14:11:18+00:00","dateModified":"2026-03-28T12:21:30+00:00","breadcrumb":{"@id":"https:\/\/uchitomishop.ch\/de\/produkt\/nikka-single-malt-yoichi-nikka-45-700ml\/#breadcrumb"},"inLanguage":"de-CH","potentialAction":[{"@type":"ReadAction","target":["https:\/\/uchitomishop.ch\/de\/produkt\/nikka-single-malt-yoichi-nikka-45-700ml\/"]}]},{"@type":"ImageObject","inLanguage":"de-CH","@id":"https:\/\/uchitomishop.ch\/de\/produkt\/nikka-single-malt-yoichi-nikka-45-700ml\/#primaryimage","url":"https:\/\/uchitomishop.ch\/wp-content\/uploads\/2025\/05\/49042300422042.jpg","contentUrl":"https:\/\/uchitomishop.ch\/wp-content\/uploads\/2025\/05\/49042300422042.jpg","width":572,"height":808},{"@type":"BreadcrumbList","@id":"https:\/\/uchitomishop.ch\/de\/produkt\/nikka-single-malt-yoichi-nikka-45-700ml\/#breadcrumb","itemListElement":[{"@type":"ListItem","position":1,"name":"Accueil","item":"https:\/\/uchitomishop.ch\/de\/homepage\/"},{"@type":"ListItem","position":2,"name":"Shop","item":"https:\/\/uchitomishop.ch\/de\/shop\/"},{"@type":"ListItem","position":3,"name":"NIKKA SINGLE MALT YOICHI &#171;NIKKA&#187; 45% 700ML"}]},{"@type":"WebSite","@id":"https:\/\/uchitomishop.ch\/de\/#website","url":"https:\/\/uchitomishop.ch\/de\/","name":"Uchitomishop - Magasin en ligne Japonais - Livraison dans toute la Suisse","description":"Japanisches Online-Gesch\u00e4ft. Entdecken Sie alle unsere japanischen Produkte: Lebensmittel, K\u00fcche, B\u00fccher, Haushalt, Schreibwaren, Pflege, Textilien und Geschirr. Lieferung in der gesamten Schweiz.","publisher":{"@id":"https:\/\/uchitomishop.ch\/de\/#organization"},"potentialAction":[{"@type":"SearchAction","target":{"@type":"EntryPoint","urlTemplate":"https:\/\/uchitomishop.ch\/de\/?s={search_term_string}"},"query-input":{"@type":"PropertyValueSpecification","valueRequired":true,"valueName":"search_term_string"}}],"inLanguage":"de-CH"},{"@type":"Organization","@id":"https:\/\/uchitomishop.ch\/de\/#organization","name":"Uchitomishop - Japanischer Online-Shop - Lieferung in die ganze Schweiz","url":"https:\/\/uchitomishop.ch\/de\/","logo":{"@type":"ImageObject","inLanguage":"de-CH","@id":"https:\/\/uchitomishop.ch\/de\/#\/schema\/logo\/image\/","url":"https:\/\/uchitomishop.ch\/wp-content\/uploads\/2024\/04\/logo.png","contentUrl":"https:\/\/uchitomishop.ch\/wp-content\/uploads\/2024\/04\/logo.png","width":380,"height":162,"caption":"Uchitomishop - Japanischer Online-Shop - Lieferung in die ganze Schweiz"},"image":{"@id":"https:\/\/uchitomishop.ch\/de\/#\/schema\/logo\/image\/"}}]}},"_links":{"self":[{"href":"https:\/\/uchitomishop.ch\/de\/wp-json\/wp\/v2\/product\/147483","targetHints":{"allow":["GET"]}}],"collection":[{"href":"https:\/\/uchitomishop.ch\/de\/wp-json\/wp\/v2\/product"}],"about":[{"href":"https:\/\/uchitomishop.ch\/de\/wp-json\/wp\/v2\/types\/product"}],"replies":[{"embeddable":true,"href":"https:\/\/uchitomishop.ch\/de\/wp-json\/wp\/v2\/comments?post=147483"}],"wp:featuredmedia":[{"embeddable":true,"href":"https:\/\/uchitomishop.ch\/de\/wp-json\/wp\/v2\/media\/202588"}],"wp:attachment":[{"href":"https:\/\/uchitomishop.ch\/de\/wp-json\/wp\/v2\/media?parent=147483"}],"wp:term":[{"taxonomy":"product_brand","embeddable":true,"href":"https:\/\/uchitomishop.ch\/de\/wp-json\/wp\/v2\/product_brand?post=147483"},{"taxonomy":"product_cat","embeddable":true,"href":"https:\/\/uchitomishop.ch\/de\/wp-json\/wp\/v2\/product_cat?post=147483"},{"taxonomy":"product_tag","embeddable":true,"href":"https:\/\/uchitomishop.ch\/de\/wp-json\/wp\/v2\/product_tag?post=147483"}],"curies":[{"name":"wp","href":"https:\/\/api.w.org\/{rel}","templated":true}]}}