{"id":147275,"date":"2024-03-01T15:04:57","date_gmt":"2024-03-01T14:04:57","guid":{"rendered":"https:\/\/uchitomishop.ch\/produit\/yamazaki-chozo-umeshu-blend-smoky-16-suntory-750ml\/"},"modified":"2026-02-26T15:37:37","modified_gmt":"2026-02-26T14:37:37","slug":"yamazaki-chozo-umeshu-blend-smoky-16-suntory-750ml","status":"publish","type":"product","link":"https:\/\/uchitomishop.ch\/de\/produkt\/yamazaki-chozo-umeshu-blend-smoky-16-suntory-750ml\/","title":{"rendered":"YAMAZAKI CHOZO UMESHU BLEND SMOKY 16% &#171;SUNTORY&#187; 750ML"},"content":{"rendered":"<p>Pflaumenlik\u00f6r mit Whisky Surchoix, gereift in F\u00e4ssern mit getorftem Yamazaki Whisky, mit Eis oder Soda zu trinken<\/p>\n","protected":false},"excerpt":{"rendered":"<p>Pflaumenlik\u00f6r mit Whisky Surchoix, gereift in F\u00e4ssern mit getorftem Yamazaki Whisky, mit Eis oder Soda zu trinken<\/p>\n","protected":false},"featured_media":173813,"comment_status":"open","ping_status":"closed","template":"","meta":{"_acf_changed":false},"product_brand":[],"product_cat":[537,534,549],"product_tag":[],"class_list":{"0":"post-147275","1":"product","2":"type-product","3":"status-publish","4":"has-post-thumbnail","6":"product_cat-alkohole","7":"product_cat-getranke","8":"product_cat-umeshu-likor","10":"first","11":"instock","12":"taxable","13":"shipping-taxable","14":"purchasable","15":"product-type-simple"},"acf":[],"yoast_head":"<!-- This site is optimized with the Yoast SEO plugin v27.0 - https:\/\/yoast.com\/product\/yoast-seo-wordpress\/ -->\n<title>YAMAZAKI CHOZO UMESHU BLEND SMOKY 16% &quot;SUNTORY&quot; 750ML - Uchitomishop - Japanischer Online-Shop - Lieferung in die ganze Schweiz<\/title>\n<meta name=\"robots\" content=\"index, follow, max-snippet:-1, max-image-preview:large, max-video-preview:-1\" \/>\n<link rel=\"canonical\" href=\"https:\/\/uchitomishop.ch\/de\/produkt\/yamazaki-chozo-umeshu-blend-smoky-16-suntory-750ml\/\" \/>\n<meta property=\"og:locale\" content=\"de_DE\" \/>\n<meta property=\"og:type\" content=\"article\" \/>\n<meta property=\"og:title\" content=\"YAMAZAKI CHOZO UMESHU BLEND SMOKY 16% &quot;SUNTORY&quot; 750ML - Uchitomishop - Japanischer Online-Shop - Lieferung in die ganze Schweiz\" \/>\n<meta property=\"og:description\" content=\"Pflaumenlik\u00f6r mit Whisky Surchoix, gereift in F\u00e4ssern mit getorftem Yamazaki Whisky, mit Eis oder Soda zu trinken\" \/>\n<meta property=\"og:url\" content=\"https:\/\/uchitomishop.ch\/de\/produkt\/yamazaki-chozo-umeshu-blend-smoky-16-suntory-750ml\/\" \/>\n<meta property=\"og:site_name\" content=\"Uchitomishop - Japanischer Online-Shop - Lieferung in die ganze Schweiz\" \/>\n<meta property=\"article:modified_time\" content=\"2026-02-26T14:37:37+00:00\" \/>\n<meta property=\"og:image\" content=\"https:\/\/uchitomishop.ch\/wp-content\/uploads\/2024\/10\/4901777406667.jpg\" \/>\n\t<meta property=\"og:image:width\" content=\"329\" \/>\n\t<meta property=\"og:image:height\" content=\"377\" \/>\n\t<meta property=\"og:image:type\" content=\"image\/jpeg\" \/>\n<meta name=\"twitter:card\" content=\"summary_large_image\" \/>\n<script type=\"application\/ld+json\" class=\"yoast-schema-graph\">{\"@context\":\"https:\/\/schema.org\",\"@graph\":[{\"@type\":\"WebPage\",\"@id\":\"https:\/\/uchitomishop.ch\/de\/produkt\/yamazaki-chozo-umeshu-blend-smoky-16-suntory-750ml\/\",\"url\":\"https:\/\/uchitomishop.ch\/de\/produkt\/yamazaki-chozo-umeshu-blend-smoky-16-suntory-750ml\/\",\"name\":\"YAMAZAKI CHOZO UMESHU BLEND SMOKY 16% \\\"SUNTORY\\\" 750ML - Uchitomishop - Japanischer Online-Shop - Lieferung in die ganze Schweiz\",\"isPartOf\":{\"@id\":\"https:\/\/uchitomishop.ch\/de\/#website\"},\"primaryImageOfPage\":{\"@id\":\"https:\/\/uchitomishop.ch\/de\/produkt\/yamazaki-chozo-umeshu-blend-smoky-16-suntory-750ml\/#primaryimage\"},\"image\":{\"@id\":\"https:\/\/uchitomishop.ch\/de\/produkt\/yamazaki-chozo-umeshu-blend-smoky-16-suntory-750ml\/#primaryimage\"},\"thumbnailUrl\":\"https:\/\/uchitomishop.ch\/wp-content\/uploads\/2024\/10\/4901777406667.jpg\",\"datePublished\":\"2024-03-01T14:04:57+00:00\",\"dateModified\":\"2026-02-26T14:37:37+00:00\",\"breadcrumb\":{\"@id\":\"https:\/\/uchitomishop.ch\/de\/produkt\/yamazaki-chozo-umeshu-blend-smoky-16-suntory-750ml\/#breadcrumb\"},\"inLanguage\":\"de-CH\",\"potentialAction\":[{\"@type\":\"ReadAction\",\"target\":[\"https:\/\/uchitomishop.ch\/de\/produkt\/yamazaki-chozo-umeshu-blend-smoky-16-suntory-750ml\/\"]}]},{\"@type\":\"ImageObject\",\"inLanguage\":\"de-CH\",\"@id\":\"https:\/\/uchitomishop.ch\/de\/produkt\/yamazaki-chozo-umeshu-blend-smoky-16-suntory-750ml\/#primaryimage\",\"url\":\"https:\/\/uchitomishop.ch\/wp-content\/uploads\/2024\/10\/4901777406667.jpg\",\"contentUrl\":\"https:\/\/uchitomishop.ch\/wp-content\/uploads\/2024\/10\/4901777406667.jpg\",\"width\":329,\"height\":377},{\"@type\":\"BreadcrumbList\",\"@id\":\"https:\/\/uchitomishop.ch\/de\/produkt\/yamazaki-chozo-umeshu-blend-smoky-16-suntory-750ml\/#breadcrumb\",\"itemListElement\":[{\"@type\":\"ListItem\",\"position\":1,\"name\":\"Accueil\",\"item\":\"https:\/\/uchitomishop.ch\/de\/homepage\/\"},{\"@type\":\"ListItem\",\"position\":2,\"name\":\"Shop\",\"item\":\"https:\/\/uchitomishop.ch\/de\/shop\/\"},{\"@type\":\"ListItem\",\"position\":3,\"name\":\"YAMAZAKI CHOZO UMESHU BLEND SMOKY 16% \u00ab\u00a0SUNTORY\u00a0\u00bb 750ML\"}]},{\"@type\":\"WebSite\",\"@id\":\"https:\/\/uchitomishop.ch\/de\/#website\",\"url\":\"https:\/\/uchitomishop.ch\/de\/\",\"name\":\"Uchitomishop - Magasin en ligne Japonais - Livraison dans toute la Suisse\",\"description\":\"Japanisches Online-Gesch\u00e4ft. Entdecken Sie alle unsere japanischen Produkte: Lebensmittel, K\u00fcche, B\u00fccher, Haushalt, Schreibwaren, Pflege, Textilien und Geschirr. Lieferung in der gesamten Schweiz.\",\"publisher\":{\"@id\":\"https:\/\/uchitomishop.ch\/de\/#organization\"},\"potentialAction\":[{\"@type\":\"SearchAction\",\"target\":{\"@type\":\"EntryPoint\",\"urlTemplate\":\"https:\/\/uchitomishop.ch\/de\/?s={search_term_string}\"},\"query-input\":{\"@type\":\"PropertyValueSpecification\",\"valueRequired\":true,\"valueName\":\"search_term_string\"}}],\"inLanguage\":\"de-CH\"},{\"@type\":\"Organization\",\"@id\":\"https:\/\/uchitomishop.ch\/de\/#organization\",\"name\":\"Uchitomishop - Japanischer Online-Shop - Lieferung in die ganze Schweiz\",\"url\":\"https:\/\/uchitomishop.ch\/de\/\",\"logo\":{\"@type\":\"ImageObject\",\"inLanguage\":\"de-CH\",\"@id\":\"https:\/\/uchitomishop.ch\/de\/#\/schema\/logo\/image\/\",\"url\":\"https:\/\/uchitomishop.ch\/wp-content\/uploads\/2024\/04\/logo.png\",\"contentUrl\":\"https:\/\/uchitomishop.ch\/wp-content\/uploads\/2024\/04\/logo.png\",\"width\":380,\"height\":162,\"caption\":\"Uchitomishop - Japanischer Online-Shop - Lieferung in die ganze Schweiz\"},\"image\":{\"@id\":\"https:\/\/uchitomishop.ch\/de\/#\/schema\/logo\/image\/\"}}]}<\/script>\n<!-- \/ Yoast SEO plugin. -->","yoast_head_json":{"title":"YAMAZAKI CHOZO UMESHU BLEND SMOKY 16% \"SUNTORY\" 750ML - Uchitomishop - Japanischer Online-Shop - Lieferung in die ganze Schweiz","robots":{"index":"index","follow":"follow","max-snippet":"max-snippet:-1","max-image-preview":"max-image-preview:large","max-video-preview":"max-video-preview:-1"},"canonical":"https:\/\/uchitomishop.ch\/de\/produkt\/yamazaki-chozo-umeshu-blend-smoky-16-suntory-750ml\/","og_locale":"de_DE","og_type":"article","og_title":"YAMAZAKI CHOZO UMESHU BLEND SMOKY 16% \"SUNTORY\" 750ML - Uchitomishop - Japanischer Online-Shop - Lieferung in die ganze Schweiz","og_description":"Pflaumenlik\u00f6r mit Whisky Surchoix, gereift in F\u00e4ssern mit getorftem Yamazaki Whisky, mit Eis oder Soda zu trinken","og_url":"https:\/\/uchitomishop.ch\/de\/produkt\/yamazaki-chozo-umeshu-blend-smoky-16-suntory-750ml\/","og_site_name":"Uchitomishop - Japanischer Online-Shop - Lieferung in die ganze Schweiz","article_modified_time":"2026-02-26T14:37:37+00:00","og_image":[{"width":329,"height":377,"url":"https:\/\/uchitomishop.ch\/wp-content\/uploads\/2024\/10\/4901777406667.jpg","type":"image\/jpeg"}],"twitter_card":"summary_large_image","schema":{"@context":"https:\/\/schema.org","@graph":[{"@type":"WebPage","@id":"https:\/\/uchitomishop.ch\/de\/produkt\/yamazaki-chozo-umeshu-blend-smoky-16-suntory-750ml\/","url":"https:\/\/uchitomishop.ch\/de\/produkt\/yamazaki-chozo-umeshu-blend-smoky-16-suntory-750ml\/","name":"YAMAZAKI CHOZO UMESHU BLEND SMOKY 16% \"SUNTORY\" 750ML - Uchitomishop - Japanischer Online-Shop - Lieferung in die ganze Schweiz","isPartOf":{"@id":"https:\/\/uchitomishop.ch\/de\/#website"},"primaryImageOfPage":{"@id":"https:\/\/uchitomishop.ch\/de\/produkt\/yamazaki-chozo-umeshu-blend-smoky-16-suntory-750ml\/#primaryimage"},"image":{"@id":"https:\/\/uchitomishop.ch\/de\/produkt\/yamazaki-chozo-umeshu-blend-smoky-16-suntory-750ml\/#primaryimage"},"thumbnailUrl":"https:\/\/uchitomishop.ch\/wp-content\/uploads\/2024\/10\/4901777406667.jpg","datePublished":"2024-03-01T14:04:57+00:00","dateModified":"2026-02-26T14:37:37+00:00","breadcrumb":{"@id":"https:\/\/uchitomishop.ch\/de\/produkt\/yamazaki-chozo-umeshu-blend-smoky-16-suntory-750ml\/#breadcrumb"},"inLanguage":"de-CH","potentialAction":[{"@type":"ReadAction","target":["https:\/\/uchitomishop.ch\/de\/produkt\/yamazaki-chozo-umeshu-blend-smoky-16-suntory-750ml\/"]}]},{"@type":"ImageObject","inLanguage":"de-CH","@id":"https:\/\/uchitomishop.ch\/de\/produkt\/yamazaki-chozo-umeshu-blend-smoky-16-suntory-750ml\/#primaryimage","url":"https:\/\/uchitomishop.ch\/wp-content\/uploads\/2024\/10\/4901777406667.jpg","contentUrl":"https:\/\/uchitomishop.ch\/wp-content\/uploads\/2024\/10\/4901777406667.jpg","width":329,"height":377},{"@type":"BreadcrumbList","@id":"https:\/\/uchitomishop.ch\/de\/produkt\/yamazaki-chozo-umeshu-blend-smoky-16-suntory-750ml\/#breadcrumb","itemListElement":[{"@type":"ListItem","position":1,"name":"Accueil","item":"https:\/\/uchitomishop.ch\/de\/homepage\/"},{"@type":"ListItem","position":2,"name":"Shop","item":"https:\/\/uchitomishop.ch\/de\/shop\/"},{"@type":"ListItem","position":3,"name":"YAMAZAKI CHOZO UMESHU BLEND SMOKY 16% \u00ab\u00a0SUNTORY\u00a0\u00bb 750ML"}]},{"@type":"WebSite","@id":"https:\/\/uchitomishop.ch\/de\/#website","url":"https:\/\/uchitomishop.ch\/de\/","name":"Uchitomishop - Magasin en ligne Japonais - Livraison dans toute la Suisse","description":"Japanisches Online-Gesch\u00e4ft. Entdecken Sie alle unsere japanischen Produkte: Lebensmittel, K\u00fcche, B\u00fccher, Haushalt, Schreibwaren, Pflege, Textilien und Geschirr. Lieferung in der gesamten Schweiz.","publisher":{"@id":"https:\/\/uchitomishop.ch\/de\/#organization"},"potentialAction":[{"@type":"SearchAction","target":{"@type":"EntryPoint","urlTemplate":"https:\/\/uchitomishop.ch\/de\/?s={search_term_string}"},"query-input":{"@type":"PropertyValueSpecification","valueRequired":true,"valueName":"search_term_string"}}],"inLanguage":"de-CH"},{"@type":"Organization","@id":"https:\/\/uchitomishop.ch\/de\/#organization","name":"Uchitomishop - Japanischer Online-Shop - Lieferung in die ganze Schweiz","url":"https:\/\/uchitomishop.ch\/de\/","logo":{"@type":"ImageObject","inLanguage":"de-CH","@id":"https:\/\/uchitomishop.ch\/de\/#\/schema\/logo\/image\/","url":"https:\/\/uchitomishop.ch\/wp-content\/uploads\/2024\/04\/logo.png","contentUrl":"https:\/\/uchitomishop.ch\/wp-content\/uploads\/2024\/04\/logo.png","width":380,"height":162,"caption":"Uchitomishop - Japanischer Online-Shop - Lieferung in die ganze Schweiz"},"image":{"@id":"https:\/\/uchitomishop.ch\/de\/#\/schema\/logo\/image\/"}}]}},"_links":{"self":[{"href":"https:\/\/uchitomishop.ch\/de\/wp-json\/wp\/v2\/product\/147275","targetHints":{"allow":["GET"]}}],"collection":[{"href":"https:\/\/uchitomishop.ch\/de\/wp-json\/wp\/v2\/product"}],"about":[{"href":"https:\/\/uchitomishop.ch\/de\/wp-json\/wp\/v2\/types\/product"}],"replies":[{"embeddable":true,"href":"https:\/\/uchitomishop.ch\/de\/wp-json\/wp\/v2\/comments?post=147275"}],"wp:featuredmedia":[{"embeddable":true,"href":"https:\/\/uchitomishop.ch\/de\/wp-json\/wp\/v2\/media\/173813"}],"wp:attachment":[{"href":"https:\/\/uchitomishop.ch\/de\/wp-json\/wp\/v2\/media?parent=147275"}],"wp:term":[{"taxonomy":"product_brand","embeddable":true,"href":"https:\/\/uchitomishop.ch\/de\/wp-json\/wp\/v2\/product_brand?post=147275"},{"taxonomy":"product_cat","embeddable":true,"href":"https:\/\/uchitomishop.ch\/de\/wp-json\/wp\/v2\/product_cat?post=147275"},{"taxonomy":"product_tag","embeddable":true,"href":"https:\/\/uchitomishop.ch\/de\/wp-json\/wp\/v2\/product_tag?post=147275"}],"curies":[{"name":"wp","href":"https:\/\/api.w.org\/{rel}","templated":true}]}}