{"id":147225,"date":"2023-12-14T12:24:46","date_gmt":"2023-12-14T11:24:46","guid":{"rendered":"https:\/\/uchitomishop.ch\/produit\/fudepen-bimoji-cambio-futoji-cartridge-kuretake\/"},"modified":"2026-02-10T10:41:55","modified_gmt":"2026-02-10T09:41:55","slug":"fudepen-bimoji-cambio-futoji-cartridge-kuretake","status":"publish","type":"product","link":"https:\/\/uchitomishop.ch\/de\/produkt\/fudepen-bimoji-cambio-futoji-cartridge-kuretake\/","title":{"rendered":"FUDEPEN BIMOJI CAMBIO FUTOJI CARTRIDGE &#171;KURETAKE&#187;."},"content":{"rendered":"<p>Nachf\u00fclltinte schwarz f\u00fcr Stiftpinsel XO100-10S<\/p>\n","protected":false},"excerpt":{"rendered":"<p>Nachf\u00fclltinte schwarz f\u00fcr Stiftpinsel XO100-10S<\/p>\n","protected":false},"featured_media":135103,"comment_status":"open","ping_status":"closed","template":"","meta":{"_acf_changed":false},"product_brand":[],"product_cat":[696,697,575],"product_tag":[],"class_list":{"0":"post-147225","1":"product","2":"type-product","3":"status-publish","4":"has-post-thumbnail","6":"product_cat-kugelschreiber-bleistifte","7":"product_cat-kugelschreiber-kugelschreiberminen","8":"product_cat-papierwaren-buro","10":"first","11":"outofstock","12":"taxable","13":"shipping-taxable","14":"purchasable","15":"product-type-simple"},"acf":[],"yoast_head":"<!-- This site is optimized with the Yoast SEO plugin v27.0 - https:\/\/yoast.com\/product\/yoast-seo-wordpress\/ -->\n<title>FUDEPEN BIMOJI CAMBIO FUTOJI CARTRIDGE &quot;KURETAKE&quot;. - Uchitomishop - Japanischer Online-Shop - Lieferung in die ganze Schweiz<\/title>\n<meta name=\"robots\" content=\"index, follow, max-snippet:-1, max-image-preview:large, max-video-preview:-1\" \/>\n<link rel=\"canonical\" href=\"https:\/\/uchitomishop.ch\/de\/produkt\/fudepen-bimoji-cambio-futoji-cartridge-kuretake\/\" \/>\n<meta property=\"og:locale\" content=\"de_DE\" \/>\n<meta property=\"og:type\" content=\"article\" \/>\n<meta property=\"og:title\" content=\"FUDEPEN BIMOJI CAMBIO FUTOJI CARTRIDGE &quot;KURETAKE&quot;. - Uchitomishop - Japanischer Online-Shop - Lieferung in die ganze Schweiz\" \/>\n<meta property=\"og:description\" content=\"Nachf\u00fclltinte schwarz f\u00fcr Stiftpinsel XO100-10S\" \/>\n<meta property=\"og:url\" content=\"https:\/\/uchitomishop.ch\/de\/produkt\/fudepen-bimoji-cambio-futoji-cartridge-kuretake\/\" \/>\n<meta property=\"og:site_name\" content=\"Uchitomishop - Japanischer Online-Shop - Lieferung in die ganze Schweiz\" \/>\n<meta property=\"article:modified_time\" content=\"2026-02-10T09:41:55+00:00\" \/>\n<meta property=\"og:image\" content=\"https:\/\/uchitomishop.ch\/wp-content\/uploads\/2023\/12\/4901427315578-3.jpg\" \/>\n\t<meta property=\"og:image:width\" content=\"634\" \/>\n\t<meta property=\"og:image:height\" content=\"599\" \/>\n\t<meta property=\"og:image:type\" content=\"image\/jpeg\" \/>\n<meta name=\"twitter:card\" content=\"summary_large_image\" \/>\n<script type=\"application\/ld+json\" class=\"yoast-schema-graph\">{\"@context\":\"https:\/\/schema.org\",\"@graph\":[{\"@type\":\"WebPage\",\"@id\":\"https:\/\/uchitomishop.ch\/de\/produkt\/fudepen-bimoji-cambio-futoji-cartridge-kuretake\/\",\"url\":\"https:\/\/uchitomishop.ch\/de\/produkt\/fudepen-bimoji-cambio-futoji-cartridge-kuretake\/\",\"name\":\"FUDEPEN BIMOJI CAMBIO FUTOJI CARTRIDGE \\\"KURETAKE\\\". - Uchitomishop - Japanischer Online-Shop - Lieferung in die ganze Schweiz\",\"isPartOf\":{\"@id\":\"https:\/\/uchitomishop.ch\/de\/#website\"},\"primaryImageOfPage\":{\"@id\":\"https:\/\/uchitomishop.ch\/de\/produkt\/fudepen-bimoji-cambio-futoji-cartridge-kuretake\/#primaryimage\"},\"image\":{\"@id\":\"https:\/\/uchitomishop.ch\/de\/produkt\/fudepen-bimoji-cambio-futoji-cartridge-kuretake\/#primaryimage\"},\"thumbnailUrl\":\"https:\/\/uchitomishop.ch\/wp-content\/uploads\/2023\/12\/4901427315578-3.jpg\",\"datePublished\":\"2023-12-14T11:24:46+00:00\",\"dateModified\":\"2026-02-10T09:41:55+00:00\",\"breadcrumb\":{\"@id\":\"https:\/\/uchitomishop.ch\/de\/produkt\/fudepen-bimoji-cambio-futoji-cartridge-kuretake\/#breadcrumb\"},\"inLanguage\":\"de-CH\",\"potentialAction\":[{\"@type\":\"ReadAction\",\"target\":[\"https:\/\/uchitomishop.ch\/de\/produkt\/fudepen-bimoji-cambio-futoji-cartridge-kuretake\/\"]}]},{\"@type\":\"ImageObject\",\"inLanguage\":\"de-CH\",\"@id\":\"https:\/\/uchitomishop.ch\/de\/produkt\/fudepen-bimoji-cambio-futoji-cartridge-kuretake\/#primaryimage\",\"url\":\"https:\/\/uchitomishop.ch\/wp-content\/uploads\/2023\/12\/4901427315578-3.jpg\",\"contentUrl\":\"https:\/\/uchitomishop.ch\/wp-content\/uploads\/2023\/12\/4901427315578-3.jpg\",\"width\":634,\"height\":599},{\"@type\":\"BreadcrumbList\",\"@id\":\"https:\/\/uchitomishop.ch\/de\/produkt\/fudepen-bimoji-cambio-futoji-cartridge-kuretake\/#breadcrumb\",\"itemListElement\":[{\"@type\":\"ListItem\",\"position\":1,\"name\":\"Accueil\",\"item\":\"https:\/\/uchitomishop.ch\/de\/homepage\/\"},{\"@type\":\"ListItem\",\"position\":2,\"name\":\"Shop\",\"item\":\"https:\/\/uchitomishop.ch\/de\/shop\/\"},{\"@type\":\"ListItem\",\"position\":3,\"name\":\"FUDEPEN BIMOJI CAMBIO FUTOJI CARTRIDGE \u00ab\u00a0KURETAKE\u00a0\u00bb.\"}]},{\"@type\":\"WebSite\",\"@id\":\"https:\/\/uchitomishop.ch\/de\/#website\",\"url\":\"https:\/\/uchitomishop.ch\/de\/\",\"name\":\"Uchitomishop - Magasin en ligne Japonais - Livraison dans toute la Suisse\",\"description\":\"Japanisches Online-Gesch\u00e4ft. Entdecken Sie alle unsere japanischen Produkte: Lebensmittel, K\u00fcche, B\u00fccher, Haushalt, Schreibwaren, Pflege, Textilien und Geschirr. Lieferung in der gesamten Schweiz.\",\"publisher\":{\"@id\":\"https:\/\/uchitomishop.ch\/de\/#organization\"},\"potentialAction\":[{\"@type\":\"SearchAction\",\"target\":{\"@type\":\"EntryPoint\",\"urlTemplate\":\"https:\/\/uchitomishop.ch\/de\/?s={search_term_string}\"},\"query-input\":{\"@type\":\"PropertyValueSpecification\",\"valueRequired\":true,\"valueName\":\"search_term_string\"}}],\"inLanguage\":\"de-CH\"},{\"@type\":\"Organization\",\"@id\":\"https:\/\/uchitomishop.ch\/de\/#organization\",\"name\":\"Uchitomishop - Japanischer Online-Shop - Lieferung in die ganze Schweiz\",\"url\":\"https:\/\/uchitomishop.ch\/de\/\",\"logo\":{\"@type\":\"ImageObject\",\"inLanguage\":\"de-CH\",\"@id\":\"https:\/\/uchitomishop.ch\/de\/#\/schema\/logo\/image\/\",\"url\":\"https:\/\/uchitomishop.ch\/wp-content\/uploads\/2024\/04\/logo.png\",\"contentUrl\":\"https:\/\/uchitomishop.ch\/wp-content\/uploads\/2024\/04\/logo.png\",\"width\":380,\"height\":162,\"caption\":\"Uchitomishop - Japanischer Online-Shop - Lieferung in die ganze Schweiz\"},\"image\":{\"@id\":\"https:\/\/uchitomishop.ch\/de\/#\/schema\/logo\/image\/\"}}]}<\/script>\n<!-- \/ Yoast SEO plugin. -->","yoast_head_json":{"title":"FUDEPEN BIMOJI CAMBIO FUTOJI CARTRIDGE \"KURETAKE\". - Uchitomishop - Japanischer Online-Shop - Lieferung in die ganze Schweiz","robots":{"index":"index","follow":"follow","max-snippet":"max-snippet:-1","max-image-preview":"max-image-preview:large","max-video-preview":"max-video-preview:-1"},"canonical":"https:\/\/uchitomishop.ch\/de\/produkt\/fudepen-bimoji-cambio-futoji-cartridge-kuretake\/","og_locale":"de_DE","og_type":"article","og_title":"FUDEPEN BIMOJI CAMBIO FUTOJI CARTRIDGE \"KURETAKE\". - Uchitomishop - Japanischer Online-Shop - Lieferung in die ganze Schweiz","og_description":"Nachf\u00fclltinte schwarz f\u00fcr Stiftpinsel XO100-10S","og_url":"https:\/\/uchitomishop.ch\/de\/produkt\/fudepen-bimoji-cambio-futoji-cartridge-kuretake\/","og_site_name":"Uchitomishop - Japanischer Online-Shop - Lieferung in die ganze Schweiz","article_modified_time":"2026-02-10T09:41:55+00:00","og_image":[{"width":634,"height":599,"url":"https:\/\/uchitomishop.ch\/wp-content\/uploads\/2023\/12\/4901427315578-3.jpg","type":"image\/jpeg"}],"twitter_card":"summary_large_image","schema":{"@context":"https:\/\/schema.org","@graph":[{"@type":"WebPage","@id":"https:\/\/uchitomishop.ch\/de\/produkt\/fudepen-bimoji-cambio-futoji-cartridge-kuretake\/","url":"https:\/\/uchitomishop.ch\/de\/produkt\/fudepen-bimoji-cambio-futoji-cartridge-kuretake\/","name":"FUDEPEN BIMOJI CAMBIO FUTOJI CARTRIDGE \"KURETAKE\". - Uchitomishop - Japanischer Online-Shop - Lieferung in die ganze Schweiz","isPartOf":{"@id":"https:\/\/uchitomishop.ch\/de\/#website"},"primaryImageOfPage":{"@id":"https:\/\/uchitomishop.ch\/de\/produkt\/fudepen-bimoji-cambio-futoji-cartridge-kuretake\/#primaryimage"},"image":{"@id":"https:\/\/uchitomishop.ch\/de\/produkt\/fudepen-bimoji-cambio-futoji-cartridge-kuretake\/#primaryimage"},"thumbnailUrl":"https:\/\/uchitomishop.ch\/wp-content\/uploads\/2023\/12\/4901427315578-3.jpg","datePublished":"2023-12-14T11:24:46+00:00","dateModified":"2026-02-10T09:41:55+00:00","breadcrumb":{"@id":"https:\/\/uchitomishop.ch\/de\/produkt\/fudepen-bimoji-cambio-futoji-cartridge-kuretake\/#breadcrumb"},"inLanguage":"de-CH","potentialAction":[{"@type":"ReadAction","target":["https:\/\/uchitomishop.ch\/de\/produkt\/fudepen-bimoji-cambio-futoji-cartridge-kuretake\/"]}]},{"@type":"ImageObject","inLanguage":"de-CH","@id":"https:\/\/uchitomishop.ch\/de\/produkt\/fudepen-bimoji-cambio-futoji-cartridge-kuretake\/#primaryimage","url":"https:\/\/uchitomishop.ch\/wp-content\/uploads\/2023\/12\/4901427315578-3.jpg","contentUrl":"https:\/\/uchitomishop.ch\/wp-content\/uploads\/2023\/12\/4901427315578-3.jpg","width":634,"height":599},{"@type":"BreadcrumbList","@id":"https:\/\/uchitomishop.ch\/de\/produkt\/fudepen-bimoji-cambio-futoji-cartridge-kuretake\/#breadcrumb","itemListElement":[{"@type":"ListItem","position":1,"name":"Accueil","item":"https:\/\/uchitomishop.ch\/de\/homepage\/"},{"@type":"ListItem","position":2,"name":"Shop","item":"https:\/\/uchitomishop.ch\/de\/shop\/"},{"@type":"ListItem","position":3,"name":"FUDEPEN BIMOJI CAMBIO FUTOJI CARTRIDGE \u00ab\u00a0KURETAKE\u00a0\u00bb."}]},{"@type":"WebSite","@id":"https:\/\/uchitomishop.ch\/de\/#website","url":"https:\/\/uchitomishop.ch\/de\/","name":"Uchitomishop - Magasin en ligne Japonais - Livraison dans toute la Suisse","description":"Japanisches Online-Gesch\u00e4ft. Entdecken Sie alle unsere japanischen Produkte: Lebensmittel, K\u00fcche, B\u00fccher, Haushalt, Schreibwaren, Pflege, Textilien und Geschirr. Lieferung in der gesamten Schweiz.","publisher":{"@id":"https:\/\/uchitomishop.ch\/de\/#organization"},"potentialAction":[{"@type":"SearchAction","target":{"@type":"EntryPoint","urlTemplate":"https:\/\/uchitomishop.ch\/de\/?s={search_term_string}"},"query-input":{"@type":"PropertyValueSpecification","valueRequired":true,"valueName":"search_term_string"}}],"inLanguage":"de-CH"},{"@type":"Organization","@id":"https:\/\/uchitomishop.ch\/de\/#organization","name":"Uchitomishop - Japanischer Online-Shop - Lieferung in die ganze Schweiz","url":"https:\/\/uchitomishop.ch\/de\/","logo":{"@type":"ImageObject","inLanguage":"de-CH","@id":"https:\/\/uchitomishop.ch\/de\/#\/schema\/logo\/image\/","url":"https:\/\/uchitomishop.ch\/wp-content\/uploads\/2024\/04\/logo.png","contentUrl":"https:\/\/uchitomishop.ch\/wp-content\/uploads\/2024\/04\/logo.png","width":380,"height":162,"caption":"Uchitomishop - Japanischer Online-Shop - Lieferung in die ganze Schweiz"},"image":{"@id":"https:\/\/uchitomishop.ch\/de\/#\/schema\/logo\/image\/"}}]}},"_links":{"self":[{"href":"https:\/\/uchitomishop.ch\/de\/wp-json\/wp\/v2\/product\/147225","targetHints":{"allow":["GET"]}}],"collection":[{"href":"https:\/\/uchitomishop.ch\/de\/wp-json\/wp\/v2\/product"}],"about":[{"href":"https:\/\/uchitomishop.ch\/de\/wp-json\/wp\/v2\/types\/product"}],"replies":[{"embeddable":true,"href":"https:\/\/uchitomishop.ch\/de\/wp-json\/wp\/v2\/comments?post=147225"}],"wp:featuredmedia":[{"embeddable":true,"href":"https:\/\/uchitomishop.ch\/de\/wp-json\/wp\/v2\/media\/135103"}],"wp:attachment":[{"href":"https:\/\/uchitomishop.ch\/de\/wp-json\/wp\/v2\/media?parent=147225"}],"wp:term":[{"taxonomy":"product_brand","embeddable":true,"href":"https:\/\/uchitomishop.ch\/de\/wp-json\/wp\/v2\/product_brand?post=147225"},{"taxonomy":"product_cat","embeddable":true,"href":"https:\/\/uchitomishop.ch\/de\/wp-json\/wp\/v2\/product_cat?post=147225"},{"taxonomy":"product_tag","embeddable":true,"href":"https:\/\/uchitomishop.ch\/de\/wp-json\/wp\/v2\/product_tag?post=147225"}],"curies":[{"name":"wp","href":"https:\/\/api.w.org\/{rel}","templated":true}]}}