{"id":146559,"date":"2022-12-14T15:46:06","date_gmt":"2022-12-14T14:46:06","guid":{"rendered":"https:\/\/uchitomishop.ch\/produit\/cleanse-kokin-obentobukuro-muji-gray-hakoya-33706\/"},"modified":"2024-07-01T15:11:57","modified_gmt":"2024-07-01T13:11:57","slug":"cleanse-kokin-obentobukuro-muji-gray-hakoya-33706","status":"publish","type":"product","link":"https:\/\/uchitomishop.ch\/de\/produkt\/cleanse-kokin-obentobukuro-muji-gray-hakoya-33706\/","title":{"rendered":"CLEANSE KOKIN OBENTOBUKURO MUJI GRAY &#171;HAKOYA&#187; 33706"},"content":{"rendered":"<p>Dunkelgraue Tasche aus Baumwolle und antibakteriellem Polyester f\u00fcr den Transport von Bento-Boxen (L25xT8xH32cm)<\/p>\n","protected":false},"excerpt":{"rendered":"<p>Dunkelgraue Tasche aus Baumwolle und antibakteriellem Polyester f\u00fcr den Transport von Bento-Boxen (L25xT8xH32cm)<\/p>\n","protected":false},"featured_media":138263,"comment_status":"open","ping_status":"closed","template":"","meta":{"_acf_changed":false},"product_brand":[],"product_cat":[469,528,526],"product_tag":[],"class_list":{"0":"post-146559","1":"product","2":"type-product","3":"status-publish","4":"has-post-thumbnail","6":"product_cat-haus-sonstiges","7":"product_cat-stofftaschen-furoshiki","8":"product_cat-taschen","10":"first","11":"outofstock","12":"taxable","13":"shipping-taxable","14":"purchasable","15":"product-type-simple"},"acf":[],"yoast_head":"<!-- This site is optimized with the Yoast SEO plugin v27.5 - https:\/\/yoast.com\/product\/yoast-seo-wordpress\/ -->\n<title>CLEANSE KOKIN OBENTOBUKURO MUJI GRAY &quot;HAKOYA&quot; 33706 - Uchitomishop - Japanischer Online-Shop - Lieferung in die ganze Schweiz<\/title>\n<meta name=\"robots\" content=\"index, follow, max-snippet:-1, max-image-preview:large, max-video-preview:-1\" \/>\n<link rel=\"canonical\" href=\"https:\/\/uchitomishop.ch\/de\/produkt\/cleanse-kokin-obentobukuro-muji-gray-hakoya-33706\/\" \/>\n<meta property=\"og:locale\" content=\"de_DE\" \/>\n<meta property=\"og:type\" content=\"article\" \/>\n<meta property=\"og:title\" content=\"CLEANSE KOKIN OBENTOBUKURO MUJI GRAY &quot;HAKOYA&quot; 33706 - Uchitomishop - Japanischer Online-Shop - Lieferung in die ganze Schweiz\" \/>\n<meta property=\"og:description\" content=\"Dunkelgraue Tasche aus Baumwolle und antibakteriellem Polyester f\u00fcr den Transport von Bento-Boxen (L25xT8xH32cm)\" \/>\n<meta property=\"og:url\" content=\"https:\/\/uchitomishop.ch\/de\/produkt\/cleanse-kokin-obentobukuro-muji-gray-hakoya-33706\/\" \/>\n<meta property=\"og:site_name\" content=\"Uchitomishop - Japanischer Online-Shop - Lieferung in die ganze Schweiz\" \/>\n<meta property=\"article:modified_time\" content=\"2024-07-01T13:11:57+00:00\" \/>\n<meta property=\"og:image\" content=\"https:\/\/uchitomishop.ch\/wp-content\/uploads\/2024\/02\/4964026337068.jpg\" \/>\n\t<meta property=\"og:image:width\" content=\"478\" \/>\n\t<meta property=\"og:image:height\" content=\"281\" \/>\n\t<meta property=\"og:image:type\" content=\"image\/jpeg\" \/>\n<meta name=\"twitter:card\" content=\"summary_large_image\" \/>\n<script type=\"application\/ld+json\" class=\"yoast-schema-graph\">{\"@context\":\"https:\\\/\\\/schema.org\",\"@graph\":[{\"@type\":\"WebPage\",\"@id\":\"https:\\\/\\\/uchitomishop.ch\\\/de\\\/produkt\\\/cleanse-kokin-obentobukuro-muji-gray-hakoya-33706\\\/\",\"url\":\"https:\\\/\\\/uchitomishop.ch\\\/de\\\/produkt\\\/cleanse-kokin-obentobukuro-muji-gray-hakoya-33706\\\/\",\"name\":\"CLEANSE KOKIN OBENTOBUKURO MUJI GRAY \\\"HAKOYA\\\" 33706 - Uchitomishop - Japanischer Online-Shop - Lieferung in die ganze Schweiz\",\"isPartOf\":{\"@id\":\"https:\\\/\\\/uchitomishop.ch\\\/de\\\/#website\"},\"primaryImageOfPage\":{\"@id\":\"https:\\\/\\\/uchitomishop.ch\\\/de\\\/produkt\\\/cleanse-kokin-obentobukuro-muji-gray-hakoya-33706\\\/#primaryimage\"},\"image\":{\"@id\":\"https:\\\/\\\/uchitomishop.ch\\\/de\\\/produkt\\\/cleanse-kokin-obentobukuro-muji-gray-hakoya-33706\\\/#primaryimage\"},\"thumbnailUrl\":\"https:\\\/\\\/uchitomishop.ch\\\/wp-content\\\/uploads\\\/2024\\\/02\\\/4964026337068.jpg\",\"datePublished\":\"2022-12-14T14:46:06+00:00\",\"dateModified\":\"2024-07-01T13:11:57+00:00\",\"breadcrumb\":{\"@id\":\"https:\\\/\\\/uchitomishop.ch\\\/de\\\/produkt\\\/cleanse-kokin-obentobukuro-muji-gray-hakoya-33706\\\/#breadcrumb\"},\"inLanguage\":\"de-CH\",\"potentialAction\":[{\"@type\":\"ReadAction\",\"target\":[\"https:\\\/\\\/uchitomishop.ch\\\/de\\\/produkt\\\/cleanse-kokin-obentobukuro-muji-gray-hakoya-33706\\\/\"]}]},{\"@type\":\"ImageObject\",\"inLanguage\":\"de-CH\",\"@id\":\"https:\\\/\\\/uchitomishop.ch\\\/de\\\/produkt\\\/cleanse-kokin-obentobukuro-muji-gray-hakoya-33706\\\/#primaryimage\",\"url\":\"https:\\\/\\\/uchitomishop.ch\\\/wp-content\\\/uploads\\\/2024\\\/02\\\/4964026337068.jpg\",\"contentUrl\":\"https:\\\/\\\/uchitomishop.ch\\\/wp-content\\\/uploads\\\/2024\\\/02\\\/4964026337068.jpg\",\"width\":478,\"height\":281},{\"@type\":\"BreadcrumbList\",\"@id\":\"https:\\\/\\\/uchitomishop.ch\\\/de\\\/produkt\\\/cleanse-kokin-obentobukuro-muji-gray-hakoya-33706\\\/#breadcrumb\",\"itemListElement\":[{\"@type\":\"ListItem\",\"position\":1,\"name\":\"Accueil\",\"item\":\"https:\\\/\\\/uchitomishop.ch\\\/de\\\/homepage\\\/\"},{\"@type\":\"ListItem\",\"position\":2,\"name\":\"Shop\",\"item\":\"https:\\\/\\\/uchitomishop.ch\\\/de\\\/shop\\\/\"},{\"@type\":\"ListItem\",\"position\":3,\"name\":\"CLEANSE KOKIN OBENTOBUKURO MUJI GRAY \u00ab\u00a0HAKOYA\u00a0\u00bb 33706\"}]},{\"@type\":\"WebSite\",\"@id\":\"https:\\\/\\\/uchitomishop.ch\\\/de\\\/#website\",\"url\":\"https:\\\/\\\/uchitomishop.ch\\\/de\\\/\",\"name\":\"Uchitomishop - Magasin en ligne Japonais - Livraison dans toute la Suisse\",\"description\":\"Japanisches Online-Gesch\u00e4ft. Entdecken Sie alle unsere japanischen Produkte: Lebensmittel, K\u00fcche, B\u00fccher, Haushalt, Schreibwaren, Pflege, Textilien und Geschirr. Lieferung in der gesamten Schweiz.\",\"publisher\":{\"@id\":\"https:\\\/\\\/uchitomishop.ch\\\/de\\\/#organization\"},\"potentialAction\":[{\"@type\":\"SearchAction\",\"target\":{\"@type\":\"EntryPoint\",\"urlTemplate\":\"https:\\\/\\\/uchitomishop.ch\\\/de\\\/?s={search_term_string}\"},\"query-input\":{\"@type\":\"PropertyValueSpecification\",\"valueRequired\":true,\"valueName\":\"search_term_string\"}}],\"inLanguage\":\"de-CH\"},{\"@type\":\"Organization\",\"@id\":\"https:\\\/\\\/uchitomishop.ch\\\/de\\\/#organization\",\"name\":\"Uchitomishop - Japanischer Online-Shop - Lieferung in die ganze Schweiz\",\"url\":\"https:\\\/\\\/uchitomishop.ch\\\/de\\\/\",\"logo\":{\"@type\":\"ImageObject\",\"inLanguage\":\"de-CH\",\"@id\":\"https:\\\/\\\/uchitomishop.ch\\\/de\\\/#\\\/schema\\\/logo\\\/image\\\/\",\"url\":\"https:\\\/\\\/uchitomishop.ch\\\/wp-content\\\/uploads\\\/2024\\\/04\\\/logo.png\",\"contentUrl\":\"https:\\\/\\\/uchitomishop.ch\\\/wp-content\\\/uploads\\\/2024\\\/04\\\/logo.png\",\"width\":380,\"height\":162,\"caption\":\"Uchitomishop - Japanischer Online-Shop - Lieferung in die ganze Schweiz\"},\"image\":{\"@id\":\"https:\\\/\\\/uchitomishop.ch\\\/de\\\/#\\\/schema\\\/logo\\\/image\\\/\"}}]}<\/script>\n<!-- \/ Yoast SEO plugin. -->","yoast_head_json":{"title":"CLEANSE KOKIN OBENTOBUKURO MUJI GRAY \"HAKOYA\" 33706 - Uchitomishop - Japanischer Online-Shop - Lieferung in die ganze Schweiz","robots":{"index":"index","follow":"follow","max-snippet":"max-snippet:-1","max-image-preview":"max-image-preview:large","max-video-preview":"max-video-preview:-1"},"canonical":"https:\/\/uchitomishop.ch\/de\/produkt\/cleanse-kokin-obentobukuro-muji-gray-hakoya-33706\/","og_locale":"de_DE","og_type":"article","og_title":"CLEANSE KOKIN OBENTOBUKURO MUJI GRAY \"HAKOYA\" 33706 - Uchitomishop - Japanischer Online-Shop - Lieferung in die ganze Schweiz","og_description":"Dunkelgraue Tasche aus Baumwolle und antibakteriellem Polyester f\u00fcr den Transport von Bento-Boxen (L25xT8xH32cm)","og_url":"https:\/\/uchitomishop.ch\/de\/produkt\/cleanse-kokin-obentobukuro-muji-gray-hakoya-33706\/","og_site_name":"Uchitomishop - Japanischer Online-Shop - Lieferung in die ganze Schweiz","article_modified_time":"2024-07-01T13:11:57+00:00","og_image":[{"width":478,"height":281,"url":"https:\/\/uchitomishop.ch\/wp-content\/uploads\/2024\/02\/4964026337068.jpg","type":"image\/jpeg"}],"twitter_card":"summary_large_image","schema":{"@context":"https:\/\/schema.org","@graph":[{"@type":"WebPage","@id":"https:\/\/uchitomishop.ch\/de\/produkt\/cleanse-kokin-obentobukuro-muji-gray-hakoya-33706\/","url":"https:\/\/uchitomishop.ch\/de\/produkt\/cleanse-kokin-obentobukuro-muji-gray-hakoya-33706\/","name":"CLEANSE KOKIN OBENTOBUKURO MUJI GRAY \"HAKOYA\" 33706 - Uchitomishop - Japanischer Online-Shop - Lieferung in die ganze Schweiz","isPartOf":{"@id":"https:\/\/uchitomishop.ch\/de\/#website"},"primaryImageOfPage":{"@id":"https:\/\/uchitomishop.ch\/de\/produkt\/cleanse-kokin-obentobukuro-muji-gray-hakoya-33706\/#primaryimage"},"image":{"@id":"https:\/\/uchitomishop.ch\/de\/produkt\/cleanse-kokin-obentobukuro-muji-gray-hakoya-33706\/#primaryimage"},"thumbnailUrl":"https:\/\/uchitomishop.ch\/wp-content\/uploads\/2024\/02\/4964026337068.jpg","datePublished":"2022-12-14T14:46:06+00:00","dateModified":"2024-07-01T13:11:57+00:00","breadcrumb":{"@id":"https:\/\/uchitomishop.ch\/de\/produkt\/cleanse-kokin-obentobukuro-muji-gray-hakoya-33706\/#breadcrumb"},"inLanguage":"de-CH","potentialAction":[{"@type":"ReadAction","target":["https:\/\/uchitomishop.ch\/de\/produkt\/cleanse-kokin-obentobukuro-muji-gray-hakoya-33706\/"]}]},{"@type":"ImageObject","inLanguage":"de-CH","@id":"https:\/\/uchitomishop.ch\/de\/produkt\/cleanse-kokin-obentobukuro-muji-gray-hakoya-33706\/#primaryimage","url":"https:\/\/uchitomishop.ch\/wp-content\/uploads\/2024\/02\/4964026337068.jpg","contentUrl":"https:\/\/uchitomishop.ch\/wp-content\/uploads\/2024\/02\/4964026337068.jpg","width":478,"height":281},{"@type":"BreadcrumbList","@id":"https:\/\/uchitomishop.ch\/de\/produkt\/cleanse-kokin-obentobukuro-muji-gray-hakoya-33706\/#breadcrumb","itemListElement":[{"@type":"ListItem","position":1,"name":"Accueil","item":"https:\/\/uchitomishop.ch\/de\/homepage\/"},{"@type":"ListItem","position":2,"name":"Shop","item":"https:\/\/uchitomishop.ch\/de\/shop\/"},{"@type":"ListItem","position":3,"name":"CLEANSE KOKIN OBENTOBUKURO MUJI GRAY \u00ab\u00a0HAKOYA\u00a0\u00bb 33706"}]},{"@type":"WebSite","@id":"https:\/\/uchitomishop.ch\/de\/#website","url":"https:\/\/uchitomishop.ch\/de\/","name":"Uchitomishop - Magasin en ligne Japonais - Livraison dans toute la Suisse","description":"Japanisches Online-Gesch\u00e4ft. Entdecken Sie alle unsere japanischen Produkte: Lebensmittel, K\u00fcche, B\u00fccher, Haushalt, Schreibwaren, Pflege, Textilien und Geschirr. Lieferung in der gesamten Schweiz.","publisher":{"@id":"https:\/\/uchitomishop.ch\/de\/#organization"},"potentialAction":[{"@type":"SearchAction","target":{"@type":"EntryPoint","urlTemplate":"https:\/\/uchitomishop.ch\/de\/?s={search_term_string}"},"query-input":{"@type":"PropertyValueSpecification","valueRequired":true,"valueName":"search_term_string"}}],"inLanguage":"de-CH"},{"@type":"Organization","@id":"https:\/\/uchitomishop.ch\/de\/#organization","name":"Uchitomishop - Japanischer Online-Shop - Lieferung in die ganze Schweiz","url":"https:\/\/uchitomishop.ch\/de\/","logo":{"@type":"ImageObject","inLanguage":"de-CH","@id":"https:\/\/uchitomishop.ch\/de\/#\/schema\/logo\/image\/","url":"https:\/\/uchitomishop.ch\/wp-content\/uploads\/2024\/04\/logo.png","contentUrl":"https:\/\/uchitomishop.ch\/wp-content\/uploads\/2024\/04\/logo.png","width":380,"height":162,"caption":"Uchitomishop - Japanischer Online-Shop - Lieferung in die ganze Schweiz"},"image":{"@id":"https:\/\/uchitomishop.ch\/de\/#\/schema\/logo\/image\/"}}]}},"_links":{"self":[{"href":"https:\/\/uchitomishop.ch\/de\/wp-json\/wp\/v2\/product\/146559","targetHints":{"allow":["GET"]}}],"collection":[{"href":"https:\/\/uchitomishop.ch\/de\/wp-json\/wp\/v2\/product"}],"about":[{"href":"https:\/\/uchitomishop.ch\/de\/wp-json\/wp\/v2\/types\/product"}],"replies":[{"embeddable":true,"href":"https:\/\/uchitomishop.ch\/de\/wp-json\/wp\/v2\/comments?post=146559"}],"wp:featuredmedia":[{"embeddable":true,"href":"https:\/\/uchitomishop.ch\/de\/wp-json\/wp\/v2\/media\/138263"}],"wp:attachment":[{"href":"https:\/\/uchitomishop.ch\/de\/wp-json\/wp\/v2\/media?parent=146559"}],"wp:term":[{"taxonomy":"product_brand","embeddable":true,"href":"https:\/\/uchitomishop.ch\/de\/wp-json\/wp\/v2\/product_brand?post=146559"},{"taxonomy":"product_cat","embeddable":true,"href":"https:\/\/uchitomishop.ch\/de\/wp-json\/wp\/v2\/product_cat?post=146559"},{"taxonomy":"product_tag","embeddable":true,"href":"https:\/\/uchitomishop.ch\/de\/wp-json\/wp\/v2\/product_tag?post=146559"}],"curies":[{"name":"wp","href":"https:\/\/api.w.org\/{rel}","templated":true}]}}