{"id":145819,"date":"2021-11-15T00:04:58","date_gmt":"2021-11-14T23:04:58","guid":{"rendered":"https:\/\/uchitomishop.ch\/produit\/rabbit-vp-chawan-11x5-5cm\/"},"modified":"2025-03-18T11:45:51","modified_gmt":"2025-03-18T10:45:51","slug":"rabbit-vp-chawan-11x5-5cm","status":"publish","type":"product","link":"https:\/\/uchitomishop.ch\/de\/produkt\/rabbit-vp-chawan-11x5-5cm\/","title":{"rendered":"RABBIT VP CHAWAN 11X5.5CM"},"content":{"rendered":"<p>Wei\u00dfe Porzellanschale mit Hasenmotiv, innen mit Relief, nicht klebend<\/p>\n","protected":false},"excerpt":{"rendered":"<p>Wei\u00dfe Porzellanschale mit Hasenmotiv, innen mit Relief, nicht klebend<\/p>\n","protected":false},"featured_media":122460,"comment_status":"open","ping_status":"closed","template":"","meta":{"_acf_changed":false},"product_brand":[],"product_cat":[482,491,483],"product_tag":[],"class_list":{"0":"post-145819","1":"product","2":"type-product","3":"status-publish","4":"has-post-thumbnail","6":"product_cat-geschirr-besteck","7":"product_cat-reisschussel","8":"product_cat-schalen","10":"first","11":"outofstock","12":"taxable","13":"shipping-taxable","14":"purchasable","15":"product-type-simple"},"acf":[],"yoast_head":"<!-- This site is optimized with the Yoast SEO plugin v27.0 - https:\/\/yoast.com\/product\/yoast-seo-wordpress\/ -->\n<title>RABBIT VP CHAWAN 11X5.5CM - Uchitomishop - Japanischer Online-Shop - Lieferung in die ganze Schweiz<\/title>\n<meta name=\"robots\" content=\"index, follow, max-snippet:-1, max-image-preview:large, max-video-preview:-1\" \/>\n<link rel=\"canonical\" href=\"https:\/\/uchitomishop.ch\/de\/produkt\/rabbit-vp-chawan-11x5-5cm\/\" \/>\n<meta property=\"og:locale\" content=\"de_DE\" \/>\n<meta property=\"og:type\" content=\"article\" \/>\n<meta property=\"og:title\" content=\"RABBIT VP CHAWAN 11X5.5CM - Uchitomishop - Japanischer Online-Shop - Lieferung in die ganze Schweiz\" \/>\n<meta property=\"og:description\" content=\"Wei\u00dfe Porzellanschale mit Hasenmotiv, innen mit Relief, nicht klebend\" \/>\n<meta property=\"og:url\" content=\"https:\/\/uchitomishop.ch\/de\/produkt\/rabbit-vp-chawan-11x5-5cm\/\" \/>\n<meta property=\"og:site_name\" content=\"Uchitomishop - Japanischer Online-Shop - Lieferung in die ganze Schweiz\" \/>\n<meta property=\"article:modified_time\" content=\"2025-03-18T10:45:51+00:00\" \/>\n<meta property=\"og:image\" content=\"https:\/\/uchitomishop.ch\/wp-content\/uploads\/2023\/04\/2500003500838.jpg\" \/>\n\t<meta property=\"og:image:width\" content=\"585\" \/>\n\t<meta property=\"og:image:height\" content=\"391\" \/>\n\t<meta property=\"og:image:type\" content=\"image\/jpeg\" \/>\n<meta name=\"twitter:card\" content=\"summary_large_image\" \/>\n<script type=\"application\/ld+json\" class=\"yoast-schema-graph\">{\"@context\":\"https:\/\/schema.org\",\"@graph\":[{\"@type\":\"WebPage\",\"@id\":\"https:\/\/uchitomishop.ch\/de\/produkt\/rabbit-vp-chawan-11x5-5cm\/\",\"url\":\"https:\/\/uchitomishop.ch\/de\/produkt\/rabbit-vp-chawan-11x5-5cm\/\",\"name\":\"RABBIT VP CHAWAN 11X5.5CM - Uchitomishop - Japanischer Online-Shop - Lieferung in die ganze Schweiz\",\"isPartOf\":{\"@id\":\"https:\/\/uchitomishop.ch\/de\/#website\"},\"primaryImageOfPage\":{\"@id\":\"https:\/\/uchitomishop.ch\/de\/produkt\/rabbit-vp-chawan-11x5-5cm\/#primaryimage\"},\"image\":{\"@id\":\"https:\/\/uchitomishop.ch\/de\/produkt\/rabbit-vp-chawan-11x5-5cm\/#primaryimage\"},\"thumbnailUrl\":\"https:\/\/uchitomishop.ch\/wp-content\/uploads\/2023\/04\/2500003500838.jpg\",\"datePublished\":\"2021-11-14T23:04:58+00:00\",\"dateModified\":\"2025-03-18T10:45:51+00:00\",\"breadcrumb\":{\"@id\":\"https:\/\/uchitomishop.ch\/de\/produkt\/rabbit-vp-chawan-11x5-5cm\/#breadcrumb\"},\"inLanguage\":\"de-CH\",\"potentialAction\":[{\"@type\":\"ReadAction\",\"target\":[\"https:\/\/uchitomishop.ch\/de\/produkt\/rabbit-vp-chawan-11x5-5cm\/\"]}]},{\"@type\":\"ImageObject\",\"inLanguage\":\"de-CH\",\"@id\":\"https:\/\/uchitomishop.ch\/de\/produkt\/rabbit-vp-chawan-11x5-5cm\/#primaryimage\",\"url\":\"https:\/\/uchitomishop.ch\/wp-content\/uploads\/2023\/04\/2500003500838.jpg\",\"contentUrl\":\"https:\/\/uchitomishop.ch\/wp-content\/uploads\/2023\/04\/2500003500838.jpg\",\"width\":585,\"height\":391},{\"@type\":\"BreadcrumbList\",\"@id\":\"https:\/\/uchitomishop.ch\/de\/produkt\/rabbit-vp-chawan-11x5-5cm\/#breadcrumb\",\"itemListElement\":[{\"@type\":\"ListItem\",\"position\":1,\"name\":\"Accueil\",\"item\":\"https:\/\/uchitomishop.ch\/de\/homepage\/\"},{\"@type\":\"ListItem\",\"position\":2,\"name\":\"Shop\",\"item\":\"https:\/\/uchitomishop.ch\/de\/shop\/\"},{\"@type\":\"ListItem\",\"position\":3,\"name\":\"RABBIT VP CHAWAN 11X5.5CM\"}]},{\"@type\":\"WebSite\",\"@id\":\"https:\/\/uchitomishop.ch\/de\/#website\",\"url\":\"https:\/\/uchitomishop.ch\/de\/\",\"name\":\"Uchitomishop - Magasin en ligne Japonais - Livraison dans toute la Suisse\",\"description\":\"Japanisches Online-Gesch\u00e4ft. Entdecken Sie alle unsere japanischen Produkte: Lebensmittel, K\u00fcche, B\u00fccher, Haushalt, Schreibwaren, Pflege, Textilien und Geschirr. Lieferung in der gesamten Schweiz.\",\"publisher\":{\"@id\":\"https:\/\/uchitomishop.ch\/de\/#organization\"},\"potentialAction\":[{\"@type\":\"SearchAction\",\"target\":{\"@type\":\"EntryPoint\",\"urlTemplate\":\"https:\/\/uchitomishop.ch\/de\/?s={search_term_string}\"},\"query-input\":{\"@type\":\"PropertyValueSpecification\",\"valueRequired\":true,\"valueName\":\"search_term_string\"}}],\"inLanguage\":\"de-CH\"},{\"@type\":\"Organization\",\"@id\":\"https:\/\/uchitomishop.ch\/de\/#organization\",\"name\":\"Uchitomishop - Japanischer Online-Shop - Lieferung in die ganze Schweiz\",\"url\":\"https:\/\/uchitomishop.ch\/de\/\",\"logo\":{\"@type\":\"ImageObject\",\"inLanguage\":\"de-CH\",\"@id\":\"https:\/\/uchitomishop.ch\/de\/#\/schema\/logo\/image\/\",\"url\":\"https:\/\/uchitomishop.ch\/wp-content\/uploads\/2024\/04\/logo.png\",\"contentUrl\":\"https:\/\/uchitomishop.ch\/wp-content\/uploads\/2024\/04\/logo.png\",\"width\":380,\"height\":162,\"caption\":\"Uchitomishop - Japanischer Online-Shop - Lieferung in die ganze Schweiz\"},\"image\":{\"@id\":\"https:\/\/uchitomishop.ch\/de\/#\/schema\/logo\/image\/\"}}]}<\/script>\n<!-- \/ Yoast SEO plugin. -->","yoast_head_json":{"title":"RABBIT VP CHAWAN 11X5.5CM - Uchitomishop - Japanischer Online-Shop - Lieferung in die ganze Schweiz","robots":{"index":"index","follow":"follow","max-snippet":"max-snippet:-1","max-image-preview":"max-image-preview:large","max-video-preview":"max-video-preview:-1"},"canonical":"https:\/\/uchitomishop.ch\/de\/produkt\/rabbit-vp-chawan-11x5-5cm\/","og_locale":"de_DE","og_type":"article","og_title":"RABBIT VP CHAWAN 11X5.5CM - Uchitomishop - Japanischer Online-Shop - Lieferung in die ganze Schweiz","og_description":"Wei\u00dfe Porzellanschale mit Hasenmotiv, innen mit Relief, nicht klebend","og_url":"https:\/\/uchitomishop.ch\/de\/produkt\/rabbit-vp-chawan-11x5-5cm\/","og_site_name":"Uchitomishop - Japanischer Online-Shop - Lieferung in die ganze Schweiz","article_modified_time":"2025-03-18T10:45:51+00:00","og_image":[{"width":585,"height":391,"url":"https:\/\/uchitomishop.ch\/wp-content\/uploads\/2023\/04\/2500003500838.jpg","type":"image\/jpeg"}],"twitter_card":"summary_large_image","schema":{"@context":"https:\/\/schema.org","@graph":[{"@type":"WebPage","@id":"https:\/\/uchitomishop.ch\/de\/produkt\/rabbit-vp-chawan-11x5-5cm\/","url":"https:\/\/uchitomishop.ch\/de\/produkt\/rabbit-vp-chawan-11x5-5cm\/","name":"RABBIT VP CHAWAN 11X5.5CM - Uchitomishop - Japanischer Online-Shop - Lieferung in die ganze Schweiz","isPartOf":{"@id":"https:\/\/uchitomishop.ch\/de\/#website"},"primaryImageOfPage":{"@id":"https:\/\/uchitomishop.ch\/de\/produkt\/rabbit-vp-chawan-11x5-5cm\/#primaryimage"},"image":{"@id":"https:\/\/uchitomishop.ch\/de\/produkt\/rabbit-vp-chawan-11x5-5cm\/#primaryimage"},"thumbnailUrl":"https:\/\/uchitomishop.ch\/wp-content\/uploads\/2023\/04\/2500003500838.jpg","datePublished":"2021-11-14T23:04:58+00:00","dateModified":"2025-03-18T10:45:51+00:00","breadcrumb":{"@id":"https:\/\/uchitomishop.ch\/de\/produkt\/rabbit-vp-chawan-11x5-5cm\/#breadcrumb"},"inLanguage":"de-CH","potentialAction":[{"@type":"ReadAction","target":["https:\/\/uchitomishop.ch\/de\/produkt\/rabbit-vp-chawan-11x5-5cm\/"]}]},{"@type":"ImageObject","inLanguage":"de-CH","@id":"https:\/\/uchitomishop.ch\/de\/produkt\/rabbit-vp-chawan-11x5-5cm\/#primaryimage","url":"https:\/\/uchitomishop.ch\/wp-content\/uploads\/2023\/04\/2500003500838.jpg","contentUrl":"https:\/\/uchitomishop.ch\/wp-content\/uploads\/2023\/04\/2500003500838.jpg","width":585,"height":391},{"@type":"BreadcrumbList","@id":"https:\/\/uchitomishop.ch\/de\/produkt\/rabbit-vp-chawan-11x5-5cm\/#breadcrumb","itemListElement":[{"@type":"ListItem","position":1,"name":"Accueil","item":"https:\/\/uchitomishop.ch\/de\/homepage\/"},{"@type":"ListItem","position":2,"name":"Shop","item":"https:\/\/uchitomishop.ch\/de\/shop\/"},{"@type":"ListItem","position":3,"name":"RABBIT VP CHAWAN 11X5.5CM"}]},{"@type":"WebSite","@id":"https:\/\/uchitomishop.ch\/de\/#website","url":"https:\/\/uchitomishop.ch\/de\/","name":"Uchitomishop - Magasin en ligne Japonais - Livraison dans toute la Suisse","description":"Japanisches Online-Gesch\u00e4ft. Entdecken Sie alle unsere japanischen Produkte: Lebensmittel, K\u00fcche, B\u00fccher, Haushalt, Schreibwaren, Pflege, Textilien und Geschirr. Lieferung in der gesamten Schweiz.","publisher":{"@id":"https:\/\/uchitomishop.ch\/de\/#organization"},"potentialAction":[{"@type":"SearchAction","target":{"@type":"EntryPoint","urlTemplate":"https:\/\/uchitomishop.ch\/de\/?s={search_term_string}"},"query-input":{"@type":"PropertyValueSpecification","valueRequired":true,"valueName":"search_term_string"}}],"inLanguage":"de-CH"},{"@type":"Organization","@id":"https:\/\/uchitomishop.ch\/de\/#organization","name":"Uchitomishop - Japanischer Online-Shop - Lieferung in die ganze Schweiz","url":"https:\/\/uchitomishop.ch\/de\/","logo":{"@type":"ImageObject","inLanguage":"de-CH","@id":"https:\/\/uchitomishop.ch\/de\/#\/schema\/logo\/image\/","url":"https:\/\/uchitomishop.ch\/wp-content\/uploads\/2024\/04\/logo.png","contentUrl":"https:\/\/uchitomishop.ch\/wp-content\/uploads\/2024\/04\/logo.png","width":380,"height":162,"caption":"Uchitomishop - Japanischer Online-Shop - Lieferung in die ganze Schweiz"},"image":{"@id":"https:\/\/uchitomishop.ch\/de\/#\/schema\/logo\/image\/"}}]}},"_links":{"self":[{"href":"https:\/\/uchitomishop.ch\/de\/wp-json\/wp\/v2\/product\/145819","targetHints":{"allow":["GET"]}}],"collection":[{"href":"https:\/\/uchitomishop.ch\/de\/wp-json\/wp\/v2\/product"}],"about":[{"href":"https:\/\/uchitomishop.ch\/de\/wp-json\/wp\/v2\/types\/product"}],"replies":[{"embeddable":true,"href":"https:\/\/uchitomishop.ch\/de\/wp-json\/wp\/v2\/comments?post=145819"}],"wp:featuredmedia":[{"embeddable":true,"href":"https:\/\/uchitomishop.ch\/de\/wp-json\/wp\/v2\/media\/122460"}],"wp:attachment":[{"href":"https:\/\/uchitomishop.ch\/de\/wp-json\/wp\/v2\/media?parent=145819"}],"wp:term":[{"taxonomy":"product_brand","embeddable":true,"href":"https:\/\/uchitomishop.ch\/de\/wp-json\/wp\/v2\/product_brand?post=145819"},{"taxonomy":"product_cat","embeddable":true,"href":"https:\/\/uchitomishop.ch\/de\/wp-json\/wp\/v2\/product_cat?post=145819"},{"taxonomy":"product_tag","embeddable":true,"href":"https:\/\/uchitomishop.ch\/de\/wp-json\/wp\/v2\/product_tag?post=145819"}],"curies":[{"name":"wp","href":"https:\/\/api.w.org\/{rel}","templated":true}]}}