{"id":145662,"date":"2021-08-11T15:23:56","date_gmt":"2021-08-11T13:23:56","guid":{"rendered":"https:\/\/uchitomishop.ch\/produit\/yunker-energie-drink-sato-100ml\/"},"modified":"2024-09-04T11:20:50","modified_gmt":"2024-09-04T09:20:50","slug":"yunker-energie-drink-sato-100ml","status":"publish","type":"product","link":"https:\/\/uchitomishop.ch\/de\/produkt\/yunker-energie-drink-sato-100ml\/","title":{"rendered":"YUNKER ENERGIE DRINK &#171;SATO&#187; 100ML"},"content":{"rendered":"<p>Energiereiches kohlens\u00e4urehaltiges Getr\u00e4nk<\/p>\n","protected":false},"excerpt":{"rendered":"<p>Energiereiches kohlens\u00e4urehaltiges Getr\u00e4nk<\/p>\n","protected":false},"featured_media":167558,"comment_status":"open","ping_status":"closed","template":"","meta":{"_acf_changed":false},"product_brand":[],"product_cat":[535,552,534],"product_tag":[],"class_list":{"0":"post-145662","1":"product","2":"type-product","3":"status-publish","4":"has-post-thumbnail","6":"product_cat-alkoholfreie-getranke","7":"product_cat-energy-drinks","8":"product_cat-getranke","10":"first","11":"outofstock","12":"taxable","13":"shipping-taxable","14":"purchasable","15":"product-type-simple"},"acf":[],"yoast_head":"<!-- This site is optimized with the Yoast SEO plugin v27.0 - https:\/\/yoast.com\/product\/yoast-seo-wordpress\/ -->\n<title>YUNKER ENERGIE DRINK &quot;SATO&quot; 100ML - Uchitomishop - Japanischer Online-Shop - Lieferung in die ganze Schweiz<\/title>\n<meta name=\"robots\" content=\"index, follow, max-snippet:-1, max-image-preview:large, max-video-preview:-1\" \/>\n<link rel=\"canonical\" href=\"https:\/\/uchitomishop.ch\/de\/produkt\/yunker-energie-drink-sato-100ml\/\" \/>\n<meta property=\"og:locale\" content=\"de_DE\" \/>\n<meta property=\"og:type\" content=\"article\" \/>\n<meta property=\"og:title\" content=\"YUNKER ENERGIE DRINK &quot;SATO&quot; 100ML - Uchitomishop - Japanischer Online-Shop - Lieferung in die ganze Schweiz\" \/>\n<meta property=\"og:description\" content=\"Energiereiches kohlens\u00e4urehaltiges Getr\u00e4nk\" \/>\n<meta property=\"og:url\" content=\"https:\/\/uchitomishop.ch\/de\/produkt\/yunker-energie-drink-sato-100ml\/\" \/>\n<meta property=\"og:site_name\" content=\"Uchitomishop - Japanischer Online-Shop - Lieferung in die ganze Schweiz\" \/>\n<meta property=\"article:modified_time\" content=\"2024-09-04T09:20:50+00:00\" \/>\n<meta property=\"og:image\" content=\"https:\/\/uchitomishop.ch\/wp-content\/uploads\/2024\/09\/4987316041186.jpg\" \/>\n\t<meta property=\"og:image:width\" content=\"1000\" \/>\n\t<meta property=\"og:image:height\" content=\"1000\" \/>\n\t<meta property=\"og:image:type\" content=\"image\/jpeg\" \/>\n<meta name=\"twitter:card\" content=\"summary_large_image\" \/>\n<script type=\"application\/ld+json\" class=\"yoast-schema-graph\">{\"@context\":\"https:\/\/schema.org\",\"@graph\":[{\"@type\":\"WebPage\",\"@id\":\"https:\/\/uchitomishop.ch\/de\/produkt\/yunker-energie-drink-sato-100ml\/\",\"url\":\"https:\/\/uchitomishop.ch\/de\/produkt\/yunker-energie-drink-sato-100ml\/\",\"name\":\"YUNKER ENERGIE DRINK \\\"SATO\\\" 100ML - Uchitomishop - Japanischer Online-Shop - Lieferung in die ganze Schweiz\",\"isPartOf\":{\"@id\":\"https:\/\/uchitomishop.ch\/de\/#website\"},\"primaryImageOfPage\":{\"@id\":\"https:\/\/uchitomishop.ch\/de\/produkt\/yunker-energie-drink-sato-100ml\/#primaryimage\"},\"image\":{\"@id\":\"https:\/\/uchitomishop.ch\/de\/produkt\/yunker-energie-drink-sato-100ml\/#primaryimage\"},\"thumbnailUrl\":\"https:\/\/uchitomishop.ch\/wp-content\/uploads\/2024\/09\/4987316041186.jpg\",\"datePublished\":\"2021-08-11T13:23:56+00:00\",\"dateModified\":\"2024-09-04T09:20:50+00:00\",\"breadcrumb\":{\"@id\":\"https:\/\/uchitomishop.ch\/de\/produkt\/yunker-energie-drink-sato-100ml\/#breadcrumb\"},\"inLanguage\":\"de-CH\",\"potentialAction\":[{\"@type\":\"ReadAction\",\"target\":[\"https:\/\/uchitomishop.ch\/de\/produkt\/yunker-energie-drink-sato-100ml\/\"]}]},{\"@type\":\"ImageObject\",\"inLanguage\":\"de-CH\",\"@id\":\"https:\/\/uchitomishop.ch\/de\/produkt\/yunker-energie-drink-sato-100ml\/#primaryimage\",\"url\":\"https:\/\/uchitomishop.ch\/wp-content\/uploads\/2024\/09\/4987316041186.jpg\",\"contentUrl\":\"https:\/\/uchitomishop.ch\/wp-content\/uploads\/2024\/09\/4987316041186.jpg\",\"width\":1000,\"height\":1000},{\"@type\":\"BreadcrumbList\",\"@id\":\"https:\/\/uchitomishop.ch\/de\/produkt\/yunker-energie-drink-sato-100ml\/#breadcrumb\",\"itemListElement\":[{\"@type\":\"ListItem\",\"position\":1,\"name\":\"Accueil\",\"item\":\"https:\/\/uchitomishop.ch\/de\/homepage\/\"},{\"@type\":\"ListItem\",\"position\":2,\"name\":\"Shop\",\"item\":\"https:\/\/uchitomishop.ch\/de\/shop\/\"},{\"@type\":\"ListItem\",\"position\":3,\"name\":\"YUNKER ENERGIE DRINK \u00ab\u00a0SATO\u00a0\u00bb 100ML\"}]},{\"@type\":\"WebSite\",\"@id\":\"https:\/\/uchitomishop.ch\/de\/#website\",\"url\":\"https:\/\/uchitomishop.ch\/de\/\",\"name\":\"Uchitomishop - Magasin en ligne Japonais - Livraison dans toute la Suisse\",\"description\":\"Japanisches Online-Gesch\u00e4ft. Entdecken Sie alle unsere japanischen Produkte: Lebensmittel, K\u00fcche, B\u00fccher, Haushalt, Schreibwaren, Pflege, Textilien und Geschirr. Lieferung in der gesamten Schweiz.\",\"publisher\":{\"@id\":\"https:\/\/uchitomishop.ch\/de\/#organization\"},\"potentialAction\":[{\"@type\":\"SearchAction\",\"target\":{\"@type\":\"EntryPoint\",\"urlTemplate\":\"https:\/\/uchitomishop.ch\/de\/?s={search_term_string}\"},\"query-input\":{\"@type\":\"PropertyValueSpecification\",\"valueRequired\":true,\"valueName\":\"search_term_string\"}}],\"inLanguage\":\"de-CH\"},{\"@type\":\"Organization\",\"@id\":\"https:\/\/uchitomishop.ch\/de\/#organization\",\"name\":\"Uchitomishop - Japanischer Online-Shop - Lieferung in die ganze Schweiz\",\"url\":\"https:\/\/uchitomishop.ch\/de\/\",\"logo\":{\"@type\":\"ImageObject\",\"inLanguage\":\"de-CH\",\"@id\":\"https:\/\/uchitomishop.ch\/de\/#\/schema\/logo\/image\/\",\"url\":\"https:\/\/uchitomishop.ch\/wp-content\/uploads\/2024\/04\/logo.png\",\"contentUrl\":\"https:\/\/uchitomishop.ch\/wp-content\/uploads\/2024\/04\/logo.png\",\"width\":380,\"height\":162,\"caption\":\"Uchitomishop - Japanischer Online-Shop - Lieferung in die ganze Schweiz\"},\"image\":{\"@id\":\"https:\/\/uchitomishop.ch\/de\/#\/schema\/logo\/image\/\"}}]}<\/script>\n<!-- \/ Yoast SEO plugin. -->","yoast_head_json":{"title":"YUNKER ENERGIE DRINK \"SATO\" 100ML - Uchitomishop - Japanischer Online-Shop - Lieferung in die ganze Schweiz","robots":{"index":"index","follow":"follow","max-snippet":"max-snippet:-1","max-image-preview":"max-image-preview:large","max-video-preview":"max-video-preview:-1"},"canonical":"https:\/\/uchitomishop.ch\/de\/produkt\/yunker-energie-drink-sato-100ml\/","og_locale":"de_DE","og_type":"article","og_title":"YUNKER ENERGIE DRINK \"SATO\" 100ML - Uchitomishop - Japanischer Online-Shop - Lieferung in die ganze Schweiz","og_description":"Energiereiches kohlens\u00e4urehaltiges Getr\u00e4nk","og_url":"https:\/\/uchitomishop.ch\/de\/produkt\/yunker-energie-drink-sato-100ml\/","og_site_name":"Uchitomishop - Japanischer Online-Shop - Lieferung in die ganze Schweiz","article_modified_time":"2024-09-04T09:20:50+00:00","og_image":[{"width":1000,"height":1000,"url":"https:\/\/uchitomishop.ch\/wp-content\/uploads\/2024\/09\/4987316041186.jpg","type":"image\/jpeg"}],"twitter_card":"summary_large_image","schema":{"@context":"https:\/\/schema.org","@graph":[{"@type":"WebPage","@id":"https:\/\/uchitomishop.ch\/de\/produkt\/yunker-energie-drink-sato-100ml\/","url":"https:\/\/uchitomishop.ch\/de\/produkt\/yunker-energie-drink-sato-100ml\/","name":"YUNKER ENERGIE DRINK \"SATO\" 100ML - Uchitomishop - Japanischer Online-Shop - Lieferung in die ganze Schweiz","isPartOf":{"@id":"https:\/\/uchitomishop.ch\/de\/#website"},"primaryImageOfPage":{"@id":"https:\/\/uchitomishop.ch\/de\/produkt\/yunker-energie-drink-sato-100ml\/#primaryimage"},"image":{"@id":"https:\/\/uchitomishop.ch\/de\/produkt\/yunker-energie-drink-sato-100ml\/#primaryimage"},"thumbnailUrl":"https:\/\/uchitomishop.ch\/wp-content\/uploads\/2024\/09\/4987316041186.jpg","datePublished":"2021-08-11T13:23:56+00:00","dateModified":"2024-09-04T09:20:50+00:00","breadcrumb":{"@id":"https:\/\/uchitomishop.ch\/de\/produkt\/yunker-energie-drink-sato-100ml\/#breadcrumb"},"inLanguage":"de-CH","potentialAction":[{"@type":"ReadAction","target":["https:\/\/uchitomishop.ch\/de\/produkt\/yunker-energie-drink-sato-100ml\/"]}]},{"@type":"ImageObject","inLanguage":"de-CH","@id":"https:\/\/uchitomishop.ch\/de\/produkt\/yunker-energie-drink-sato-100ml\/#primaryimage","url":"https:\/\/uchitomishop.ch\/wp-content\/uploads\/2024\/09\/4987316041186.jpg","contentUrl":"https:\/\/uchitomishop.ch\/wp-content\/uploads\/2024\/09\/4987316041186.jpg","width":1000,"height":1000},{"@type":"BreadcrumbList","@id":"https:\/\/uchitomishop.ch\/de\/produkt\/yunker-energie-drink-sato-100ml\/#breadcrumb","itemListElement":[{"@type":"ListItem","position":1,"name":"Accueil","item":"https:\/\/uchitomishop.ch\/de\/homepage\/"},{"@type":"ListItem","position":2,"name":"Shop","item":"https:\/\/uchitomishop.ch\/de\/shop\/"},{"@type":"ListItem","position":3,"name":"YUNKER ENERGIE DRINK \u00ab\u00a0SATO\u00a0\u00bb 100ML"}]},{"@type":"WebSite","@id":"https:\/\/uchitomishop.ch\/de\/#website","url":"https:\/\/uchitomishop.ch\/de\/","name":"Uchitomishop - Magasin en ligne Japonais - Livraison dans toute la Suisse","description":"Japanisches Online-Gesch\u00e4ft. Entdecken Sie alle unsere japanischen Produkte: Lebensmittel, K\u00fcche, B\u00fccher, Haushalt, Schreibwaren, Pflege, Textilien und Geschirr. Lieferung in der gesamten Schweiz.","publisher":{"@id":"https:\/\/uchitomishop.ch\/de\/#organization"},"potentialAction":[{"@type":"SearchAction","target":{"@type":"EntryPoint","urlTemplate":"https:\/\/uchitomishop.ch\/de\/?s={search_term_string}"},"query-input":{"@type":"PropertyValueSpecification","valueRequired":true,"valueName":"search_term_string"}}],"inLanguage":"de-CH"},{"@type":"Organization","@id":"https:\/\/uchitomishop.ch\/de\/#organization","name":"Uchitomishop - Japanischer Online-Shop - Lieferung in die ganze Schweiz","url":"https:\/\/uchitomishop.ch\/de\/","logo":{"@type":"ImageObject","inLanguage":"de-CH","@id":"https:\/\/uchitomishop.ch\/de\/#\/schema\/logo\/image\/","url":"https:\/\/uchitomishop.ch\/wp-content\/uploads\/2024\/04\/logo.png","contentUrl":"https:\/\/uchitomishop.ch\/wp-content\/uploads\/2024\/04\/logo.png","width":380,"height":162,"caption":"Uchitomishop - Japanischer Online-Shop - Lieferung in die ganze Schweiz"},"image":{"@id":"https:\/\/uchitomishop.ch\/de\/#\/schema\/logo\/image\/"}}]}},"_links":{"self":[{"href":"https:\/\/uchitomishop.ch\/de\/wp-json\/wp\/v2\/product\/145662","targetHints":{"allow":["GET"]}}],"collection":[{"href":"https:\/\/uchitomishop.ch\/de\/wp-json\/wp\/v2\/product"}],"about":[{"href":"https:\/\/uchitomishop.ch\/de\/wp-json\/wp\/v2\/types\/product"}],"replies":[{"embeddable":true,"href":"https:\/\/uchitomishop.ch\/de\/wp-json\/wp\/v2\/comments?post=145662"}],"wp:featuredmedia":[{"embeddable":true,"href":"https:\/\/uchitomishop.ch\/de\/wp-json\/wp\/v2\/media\/167558"}],"wp:attachment":[{"href":"https:\/\/uchitomishop.ch\/de\/wp-json\/wp\/v2\/media?parent=145662"}],"wp:term":[{"taxonomy":"product_brand","embeddable":true,"href":"https:\/\/uchitomishop.ch\/de\/wp-json\/wp\/v2\/product_brand?post=145662"},{"taxonomy":"product_cat","embeddable":true,"href":"https:\/\/uchitomishop.ch\/de\/wp-json\/wp\/v2\/product_cat?post=145662"},{"taxonomy":"product_tag","embeddable":true,"href":"https:\/\/uchitomishop.ch\/de\/wp-json\/wp\/v2\/product_tag?post=145662"}],"curies":[{"name":"wp","href":"https:\/\/api.w.org\/{rel}","templated":true}]}}