{"id":145583,"date":"2021-08-11T15:17:02","date_gmt":"2021-08-11T13:17:02","guid":{"rendered":"https:\/\/uchitomishop.ch\/produit\/yuki-hojicha-hoiroage-teabag-15p-jugetsudo-30g\/"},"modified":"2026-03-02T17:30:11","modified_gmt":"2026-03-02T16:30:11","slug":"yuki-hojicha-hoiroage-teabag-15p-jugetsudo-30g","status":"publish","type":"product","link":"https:\/\/uchitomishop.ch\/de\/produkt\/yuki-hojicha-hoiroage-teabag-15p-jugetsudo-30g\/","title":{"rendered":"YUKI HOJICHA HOIROAGE TEABAG 15P &#171;JUGETSUDO&#187; 30G"},"content":{"rendered":"<p>Organischer ger\u00f6steter gr\u00fcner Tee im Beutel mit \u00dcbergr\u00f6\u00dfe<\/p>\n","protected":false},"excerpt":{"rendered":"<p>Organischer ger\u00f6steter gr\u00fcner Tee im Beutel mit \u00dcbergr\u00f6\u00dfe<\/p>\n","protected":false},"featured_media":196347,"comment_status":"open","ping_status":"closed","template":"","meta":{"_acf_changed":false},"product_brand":[],"product_cat":[481,444,463],"product_tag":[],"class_list":{"0":"post-145583","1":"product","2":"type-product","3":"status-publish","4":"has-post-thumbnail","6":"product_cat-houjicha-de","7":"product_cat-lebensmittel","8":"product_cat-tee-kaffee","10":"first","11":"outofstock","12":"taxable","13":"shipping-taxable","14":"purchasable","15":"product-type-simple"},"acf":[],"yoast_head":"<!-- This site is optimized with the Yoast SEO plugin v27.0 - https:\/\/yoast.com\/product\/yoast-seo-wordpress\/ -->\n<title>YUKI HOJICHA HOIROAGE TEABAG 15P &quot;JUGETSUDO&quot; 30G - Uchitomishop - Japanischer Online-Shop - Lieferung in die ganze Schweiz<\/title>\n<meta name=\"robots\" content=\"index, follow, max-snippet:-1, max-image-preview:large, max-video-preview:-1\" \/>\n<link rel=\"canonical\" href=\"https:\/\/uchitomishop.ch\/de\/produkt\/yuki-hojicha-hoiroage-teabag-15p-jugetsudo-30g\/\" \/>\n<meta property=\"og:locale\" content=\"de_DE\" \/>\n<meta property=\"og:type\" content=\"article\" \/>\n<meta property=\"og:title\" content=\"YUKI HOJICHA HOIROAGE TEABAG 15P &quot;JUGETSUDO&quot; 30G - Uchitomishop - Japanischer Online-Shop - Lieferung in die ganze Schweiz\" \/>\n<meta property=\"og:description\" content=\"Organischer ger\u00f6steter gr\u00fcner Tee im Beutel mit \u00dcbergr\u00f6\u00dfe\" \/>\n<meta property=\"og:url\" content=\"https:\/\/uchitomishop.ch\/de\/produkt\/yuki-hojicha-hoiroage-teabag-15p-jugetsudo-30g\/\" \/>\n<meta property=\"og:site_name\" content=\"Uchitomishop - Japanischer Online-Shop - Lieferung in die ganze Schweiz\" \/>\n<meta property=\"article:modified_time\" content=\"2026-03-02T16:30:11+00:00\" \/>\n<meta property=\"og:image\" content=\"https:\/\/uchitomishop.ch\/wp-content\/uploads\/2025\/04\/4978784202346-1.jpg\" \/>\n\t<meta property=\"og:image:width\" content=\"382\" \/>\n\t<meta property=\"og:image:height\" content=\"546\" \/>\n\t<meta property=\"og:image:type\" content=\"image\/jpeg\" \/>\n<meta name=\"twitter:card\" content=\"summary_large_image\" \/>\n<script type=\"application\/ld+json\" class=\"yoast-schema-graph\">{\"@context\":\"https:\/\/schema.org\",\"@graph\":[{\"@type\":\"WebPage\",\"@id\":\"https:\/\/uchitomishop.ch\/de\/produkt\/yuki-hojicha-hoiroage-teabag-15p-jugetsudo-30g\/\",\"url\":\"https:\/\/uchitomishop.ch\/de\/produkt\/yuki-hojicha-hoiroage-teabag-15p-jugetsudo-30g\/\",\"name\":\"YUKI HOJICHA HOIROAGE TEABAG 15P \\\"JUGETSUDO\\\" 30G - Uchitomishop - Japanischer Online-Shop - Lieferung in die ganze Schweiz\",\"isPartOf\":{\"@id\":\"https:\/\/uchitomishop.ch\/de\/#website\"},\"primaryImageOfPage\":{\"@id\":\"https:\/\/uchitomishop.ch\/de\/produkt\/yuki-hojicha-hoiroage-teabag-15p-jugetsudo-30g\/#primaryimage\"},\"image\":{\"@id\":\"https:\/\/uchitomishop.ch\/de\/produkt\/yuki-hojicha-hoiroage-teabag-15p-jugetsudo-30g\/#primaryimage\"},\"thumbnailUrl\":\"https:\/\/uchitomishop.ch\/wp-content\/uploads\/2025\/04\/4978784202346-1.jpg\",\"datePublished\":\"2021-08-11T13:17:02+00:00\",\"dateModified\":\"2026-03-02T16:30:11+00:00\",\"breadcrumb\":{\"@id\":\"https:\/\/uchitomishop.ch\/de\/produkt\/yuki-hojicha-hoiroage-teabag-15p-jugetsudo-30g\/#breadcrumb\"},\"inLanguage\":\"de-CH\",\"potentialAction\":[{\"@type\":\"ReadAction\",\"target\":[\"https:\/\/uchitomishop.ch\/de\/produkt\/yuki-hojicha-hoiroage-teabag-15p-jugetsudo-30g\/\"]}]},{\"@type\":\"ImageObject\",\"inLanguage\":\"de-CH\",\"@id\":\"https:\/\/uchitomishop.ch\/de\/produkt\/yuki-hojicha-hoiroage-teabag-15p-jugetsudo-30g\/#primaryimage\",\"url\":\"https:\/\/uchitomishop.ch\/wp-content\/uploads\/2025\/04\/4978784202346-1.jpg\",\"contentUrl\":\"https:\/\/uchitomishop.ch\/wp-content\/uploads\/2025\/04\/4978784202346-1.jpg\",\"width\":382,\"height\":546},{\"@type\":\"BreadcrumbList\",\"@id\":\"https:\/\/uchitomishop.ch\/de\/produkt\/yuki-hojicha-hoiroage-teabag-15p-jugetsudo-30g\/#breadcrumb\",\"itemListElement\":[{\"@type\":\"ListItem\",\"position\":1,\"name\":\"Accueil\",\"item\":\"https:\/\/uchitomishop.ch\/de\/homepage\/\"},{\"@type\":\"ListItem\",\"position\":2,\"name\":\"Shop\",\"item\":\"https:\/\/uchitomishop.ch\/de\/shop\/\"},{\"@type\":\"ListItem\",\"position\":3,\"name\":\"YUKI HOJICHA HOIROAGE TEABAG 15P \u00ab\u00a0JUGETSUDO\u00a0\u00bb 30G\"}]},{\"@type\":\"WebSite\",\"@id\":\"https:\/\/uchitomishop.ch\/de\/#website\",\"url\":\"https:\/\/uchitomishop.ch\/de\/\",\"name\":\"Uchitomishop - Magasin en ligne Japonais - Livraison dans toute la Suisse\",\"description\":\"Japanisches Online-Gesch\u00e4ft. Entdecken Sie alle unsere japanischen Produkte: Lebensmittel, K\u00fcche, B\u00fccher, Haushalt, Schreibwaren, Pflege, Textilien und Geschirr. Lieferung in der gesamten Schweiz.\",\"publisher\":{\"@id\":\"https:\/\/uchitomishop.ch\/de\/#organization\"},\"potentialAction\":[{\"@type\":\"SearchAction\",\"target\":{\"@type\":\"EntryPoint\",\"urlTemplate\":\"https:\/\/uchitomishop.ch\/de\/?s={search_term_string}\"},\"query-input\":{\"@type\":\"PropertyValueSpecification\",\"valueRequired\":true,\"valueName\":\"search_term_string\"}}],\"inLanguage\":\"de-CH\"},{\"@type\":\"Organization\",\"@id\":\"https:\/\/uchitomishop.ch\/de\/#organization\",\"name\":\"Uchitomishop - Japanischer Online-Shop - Lieferung in die ganze Schweiz\",\"url\":\"https:\/\/uchitomishop.ch\/de\/\",\"logo\":{\"@type\":\"ImageObject\",\"inLanguage\":\"de-CH\",\"@id\":\"https:\/\/uchitomishop.ch\/de\/#\/schema\/logo\/image\/\",\"url\":\"https:\/\/uchitomishop.ch\/wp-content\/uploads\/2024\/04\/logo.png\",\"contentUrl\":\"https:\/\/uchitomishop.ch\/wp-content\/uploads\/2024\/04\/logo.png\",\"width\":380,\"height\":162,\"caption\":\"Uchitomishop - Japanischer Online-Shop - Lieferung in die ganze Schweiz\"},\"image\":{\"@id\":\"https:\/\/uchitomishop.ch\/de\/#\/schema\/logo\/image\/\"}}]}<\/script>\n<!-- \/ Yoast SEO plugin. -->","yoast_head_json":{"title":"YUKI HOJICHA HOIROAGE TEABAG 15P \"JUGETSUDO\" 30G - Uchitomishop - Japanischer Online-Shop - Lieferung in die ganze Schweiz","robots":{"index":"index","follow":"follow","max-snippet":"max-snippet:-1","max-image-preview":"max-image-preview:large","max-video-preview":"max-video-preview:-1"},"canonical":"https:\/\/uchitomishop.ch\/de\/produkt\/yuki-hojicha-hoiroage-teabag-15p-jugetsudo-30g\/","og_locale":"de_DE","og_type":"article","og_title":"YUKI HOJICHA HOIROAGE TEABAG 15P \"JUGETSUDO\" 30G - Uchitomishop - Japanischer Online-Shop - Lieferung in die ganze Schweiz","og_description":"Organischer ger\u00f6steter gr\u00fcner Tee im Beutel mit \u00dcbergr\u00f6\u00dfe","og_url":"https:\/\/uchitomishop.ch\/de\/produkt\/yuki-hojicha-hoiroage-teabag-15p-jugetsudo-30g\/","og_site_name":"Uchitomishop - Japanischer Online-Shop - Lieferung in die ganze Schweiz","article_modified_time":"2026-03-02T16:30:11+00:00","og_image":[{"width":382,"height":546,"url":"https:\/\/uchitomishop.ch\/wp-content\/uploads\/2025\/04\/4978784202346-1.jpg","type":"image\/jpeg"}],"twitter_card":"summary_large_image","schema":{"@context":"https:\/\/schema.org","@graph":[{"@type":"WebPage","@id":"https:\/\/uchitomishop.ch\/de\/produkt\/yuki-hojicha-hoiroage-teabag-15p-jugetsudo-30g\/","url":"https:\/\/uchitomishop.ch\/de\/produkt\/yuki-hojicha-hoiroage-teabag-15p-jugetsudo-30g\/","name":"YUKI HOJICHA HOIROAGE TEABAG 15P \"JUGETSUDO\" 30G - Uchitomishop - Japanischer Online-Shop - Lieferung in die ganze Schweiz","isPartOf":{"@id":"https:\/\/uchitomishop.ch\/de\/#website"},"primaryImageOfPage":{"@id":"https:\/\/uchitomishop.ch\/de\/produkt\/yuki-hojicha-hoiroage-teabag-15p-jugetsudo-30g\/#primaryimage"},"image":{"@id":"https:\/\/uchitomishop.ch\/de\/produkt\/yuki-hojicha-hoiroage-teabag-15p-jugetsudo-30g\/#primaryimage"},"thumbnailUrl":"https:\/\/uchitomishop.ch\/wp-content\/uploads\/2025\/04\/4978784202346-1.jpg","datePublished":"2021-08-11T13:17:02+00:00","dateModified":"2026-03-02T16:30:11+00:00","breadcrumb":{"@id":"https:\/\/uchitomishop.ch\/de\/produkt\/yuki-hojicha-hoiroage-teabag-15p-jugetsudo-30g\/#breadcrumb"},"inLanguage":"de-CH","potentialAction":[{"@type":"ReadAction","target":["https:\/\/uchitomishop.ch\/de\/produkt\/yuki-hojicha-hoiroage-teabag-15p-jugetsudo-30g\/"]}]},{"@type":"ImageObject","inLanguage":"de-CH","@id":"https:\/\/uchitomishop.ch\/de\/produkt\/yuki-hojicha-hoiroage-teabag-15p-jugetsudo-30g\/#primaryimage","url":"https:\/\/uchitomishop.ch\/wp-content\/uploads\/2025\/04\/4978784202346-1.jpg","contentUrl":"https:\/\/uchitomishop.ch\/wp-content\/uploads\/2025\/04\/4978784202346-1.jpg","width":382,"height":546},{"@type":"BreadcrumbList","@id":"https:\/\/uchitomishop.ch\/de\/produkt\/yuki-hojicha-hoiroage-teabag-15p-jugetsudo-30g\/#breadcrumb","itemListElement":[{"@type":"ListItem","position":1,"name":"Accueil","item":"https:\/\/uchitomishop.ch\/de\/homepage\/"},{"@type":"ListItem","position":2,"name":"Shop","item":"https:\/\/uchitomishop.ch\/de\/shop\/"},{"@type":"ListItem","position":3,"name":"YUKI HOJICHA HOIROAGE TEABAG 15P \u00ab\u00a0JUGETSUDO\u00a0\u00bb 30G"}]},{"@type":"WebSite","@id":"https:\/\/uchitomishop.ch\/de\/#website","url":"https:\/\/uchitomishop.ch\/de\/","name":"Uchitomishop - Magasin en ligne Japonais - Livraison dans toute la Suisse","description":"Japanisches Online-Gesch\u00e4ft. Entdecken Sie alle unsere japanischen Produkte: Lebensmittel, K\u00fcche, B\u00fccher, Haushalt, Schreibwaren, Pflege, Textilien und Geschirr. Lieferung in der gesamten Schweiz.","publisher":{"@id":"https:\/\/uchitomishop.ch\/de\/#organization"},"potentialAction":[{"@type":"SearchAction","target":{"@type":"EntryPoint","urlTemplate":"https:\/\/uchitomishop.ch\/de\/?s={search_term_string}"},"query-input":{"@type":"PropertyValueSpecification","valueRequired":true,"valueName":"search_term_string"}}],"inLanguage":"de-CH"},{"@type":"Organization","@id":"https:\/\/uchitomishop.ch\/de\/#organization","name":"Uchitomishop - Japanischer Online-Shop - Lieferung in die ganze Schweiz","url":"https:\/\/uchitomishop.ch\/de\/","logo":{"@type":"ImageObject","inLanguage":"de-CH","@id":"https:\/\/uchitomishop.ch\/de\/#\/schema\/logo\/image\/","url":"https:\/\/uchitomishop.ch\/wp-content\/uploads\/2024\/04\/logo.png","contentUrl":"https:\/\/uchitomishop.ch\/wp-content\/uploads\/2024\/04\/logo.png","width":380,"height":162,"caption":"Uchitomishop - Japanischer Online-Shop - Lieferung in die ganze Schweiz"},"image":{"@id":"https:\/\/uchitomishop.ch\/de\/#\/schema\/logo\/image\/"}}]}},"_links":{"self":[{"href":"https:\/\/uchitomishop.ch\/de\/wp-json\/wp\/v2\/product\/145583","targetHints":{"allow":["GET"]}}],"collection":[{"href":"https:\/\/uchitomishop.ch\/de\/wp-json\/wp\/v2\/product"}],"about":[{"href":"https:\/\/uchitomishop.ch\/de\/wp-json\/wp\/v2\/types\/product"}],"replies":[{"embeddable":true,"href":"https:\/\/uchitomishop.ch\/de\/wp-json\/wp\/v2\/comments?post=145583"}],"wp:featuredmedia":[{"embeddable":true,"href":"https:\/\/uchitomishop.ch\/de\/wp-json\/wp\/v2\/media\/196347"}],"wp:attachment":[{"href":"https:\/\/uchitomishop.ch\/de\/wp-json\/wp\/v2\/media?parent=145583"}],"wp:term":[{"taxonomy":"product_brand","embeddable":true,"href":"https:\/\/uchitomishop.ch\/de\/wp-json\/wp\/v2\/product_brand?post=145583"},{"taxonomy":"product_cat","embeddable":true,"href":"https:\/\/uchitomishop.ch\/de\/wp-json\/wp\/v2\/product_cat?post=145583"},{"taxonomy":"product_tag","embeddable":true,"href":"https:\/\/uchitomishop.ch\/de\/wp-json\/wp\/v2\/product_tag?post=145583"}],"curies":[{"name":"wp","href":"https:\/\/api.w.org\/{rel}","templated":true}]}}