{"id":145488,"date":"2021-08-08T19:21:37","date_gmt":"2021-08-08T17:21:37","guid":{"rendered":"https:\/\/uchitomishop.ch\/produit\/shuno-s-w-fudogiken-f-2622-9-5x36xh12cm\/"},"modified":"2026-03-11T15:56:44","modified_gmt":"2026-03-11T14:56:44","slug":"shuno-s-w-fudogiken-f-2622-9-5x36xh12cm","status":"publish","type":"product","link":"https:\/\/uchitomishop.ch\/de\/produkt\/shuno-s-w-fudogiken-f-2622-9-5x36xh12cm\/","title":{"rendered":"SHUNO S W &#171;FUDOGIKEN&#187; F-2622 9.5X36XH12CM"},"content":{"rendered":"<p>Wei\u00dfe Aufbewahrungsbox aus Kunststoff, schmale, l\u00e4ngliche Form<\/p>\n","protected":false},"excerpt":{"rendered":"<p>Wei\u00dfe Aufbewahrungsbox aus Kunststoff, schmale, l\u00e4ngliche Form<\/p>\n","protected":false},"featured_media":138114,"comment_status":"open","ping_status":"closed","template":"","meta":{"_acf_changed":false},"product_brand":[],"product_cat":[469,566,567],"product_tag":[],"class_list":{"0":"post-145488","1":"product","2":"type-product","3":"status-publish","4":"has-post-thumbnail","6":"product_cat-haus-sonstiges","7":"product_cat-verschiedenes-haus","8":"product_cat-verschiedenes-hauszubehor","10":"first","11":"instock","12":"taxable","13":"shipping-taxable","14":"purchasable","15":"product-type-simple"},"acf":[],"yoast_head":"<!-- This site is optimized with the Yoast SEO plugin v27.0 - https:\/\/yoast.com\/product\/yoast-seo-wordpress\/ -->\n<title>SHUNO S W &quot;FUDOGIKEN&quot; F-2622 9.5X36XH12CM - Uchitomishop - Japanischer Online-Shop - Lieferung in die ganze Schweiz<\/title>\n<meta name=\"robots\" content=\"index, follow, max-snippet:-1, max-image-preview:large, max-video-preview:-1\" \/>\n<link rel=\"canonical\" href=\"https:\/\/uchitomishop.ch\/de\/produkt\/shuno-s-w-fudogiken-f-2622-9-5x36xh12cm\/\" \/>\n<meta property=\"og:locale\" content=\"de_DE\" \/>\n<meta property=\"og:type\" content=\"article\" \/>\n<meta property=\"og:title\" content=\"SHUNO S W &quot;FUDOGIKEN&quot; F-2622 9.5X36XH12CM - Uchitomishop - Japanischer Online-Shop - Lieferung in die ganze Schweiz\" \/>\n<meta property=\"og:description\" content=\"Wei\u00dfe Aufbewahrungsbox aus Kunststoff, schmale, l\u00e4ngliche Form\" \/>\n<meta property=\"og:url\" content=\"https:\/\/uchitomishop.ch\/de\/produkt\/shuno-s-w-fudogiken-f-2622-9-5x36xh12cm\/\" \/>\n<meta property=\"og:site_name\" content=\"Uchitomishop - Japanischer Online-Shop - Lieferung in die ganze Schweiz\" \/>\n<meta property=\"article:modified_time\" content=\"2026-03-11T14:56:44+00:00\" \/>\n<meta property=\"og:image\" content=\"https:\/\/uchitomishop.ch\/wp-content\/uploads\/2024\/02\/4962191016009-1.jpg\" \/>\n\t<meta property=\"og:image:width\" content=\"820\" \/>\n\t<meta property=\"og:image:height\" content=\"820\" \/>\n\t<meta property=\"og:image:type\" content=\"image\/jpeg\" \/>\n<meta name=\"twitter:card\" content=\"summary_large_image\" \/>\n<script type=\"application\/ld+json\" class=\"yoast-schema-graph\">{\"@context\":\"https:\/\/schema.org\",\"@graph\":[{\"@type\":\"WebPage\",\"@id\":\"https:\/\/uchitomishop.ch\/de\/produkt\/shuno-s-w-fudogiken-f-2622-9-5x36xh12cm\/\",\"url\":\"https:\/\/uchitomishop.ch\/de\/produkt\/shuno-s-w-fudogiken-f-2622-9-5x36xh12cm\/\",\"name\":\"SHUNO S W \\\"FUDOGIKEN\\\" F-2622 9.5X36XH12CM - Uchitomishop - Japanischer Online-Shop - Lieferung in die ganze Schweiz\",\"isPartOf\":{\"@id\":\"https:\/\/uchitomishop.ch\/de\/#website\"},\"primaryImageOfPage\":{\"@id\":\"https:\/\/uchitomishop.ch\/de\/produkt\/shuno-s-w-fudogiken-f-2622-9-5x36xh12cm\/#primaryimage\"},\"image\":{\"@id\":\"https:\/\/uchitomishop.ch\/de\/produkt\/shuno-s-w-fudogiken-f-2622-9-5x36xh12cm\/#primaryimage\"},\"thumbnailUrl\":\"https:\/\/uchitomishop.ch\/wp-content\/uploads\/2024\/02\/4962191016009-1.jpg\",\"datePublished\":\"2021-08-08T17:21:37+00:00\",\"dateModified\":\"2026-03-11T14:56:44+00:00\",\"breadcrumb\":{\"@id\":\"https:\/\/uchitomishop.ch\/de\/produkt\/shuno-s-w-fudogiken-f-2622-9-5x36xh12cm\/#breadcrumb\"},\"inLanguage\":\"de-CH\",\"potentialAction\":[{\"@type\":\"ReadAction\",\"target\":[\"https:\/\/uchitomishop.ch\/de\/produkt\/shuno-s-w-fudogiken-f-2622-9-5x36xh12cm\/\"]}]},{\"@type\":\"ImageObject\",\"inLanguage\":\"de-CH\",\"@id\":\"https:\/\/uchitomishop.ch\/de\/produkt\/shuno-s-w-fudogiken-f-2622-9-5x36xh12cm\/#primaryimage\",\"url\":\"https:\/\/uchitomishop.ch\/wp-content\/uploads\/2024\/02\/4962191016009-1.jpg\",\"contentUrl\":\"https:\/\/uchitomishop.ch\/wp-content\/uploads\/2024\/02\/4962191016009-1.jpg\",\"width\":820,\"height\":820},{\"@type\":\"BreadcrumbList\",\"@id\":\"https:\/\/uchitomishop.ch\/de\/produkt\/shuno-s-w-fudogiken-f-2622-9-5x36xh12cm\/#breadcrumb\",\"itemListElement\":[{\"@type\":\"ListItem\",\"position\":1,\"name\":\"Accueil\",\"item\":\"https:\/\/uchitomishop.ch\/de\/homepage\/\"},{\"@type\":\"ListItem\",\"position\":2,\"name\":\"Shop\",\"item\":\"https:\/\/uchitomishop.ch\/de\/shop\/\"},{\"@type\":\"ListItem\",\"position\":3,\"name\":\"SHUNO S W \u00ab\u00a0FUDOGIKEN\u00a0\u00bb F-2622 9.5X36XH12CM\"}]},{\"@type\":\"WebSite\",\"@id\":\"https:\/\/uchitomishop.ch\/de\/#website\",\"url\":\"https:\/\/uchitomishop.ch\/de\/\",\"name\":\"Uchitomishop - Magasin en ligne Japonais - Livraison dans toute la Suisse\",\"description\":\"Japanisches Online-Gesch\u00e4ft. Entdecken Sie alle unsere japanischen Produkte: Lebensmittel, K\u00fcche, B\u00fccher, Haushalt, Schreibwaren, Pflege, Textilien und Geschirr. Lieferung in der gesamten Schweiz.\",\"publisher\":{\"@id\":\"https:\/\/uchitomishop.ch\/de\/#organization\"},\"potentialAction\":[{\"@type\":\"SearchAction\",\"target\":{\"@type\":\"EntryPoint\",\"urlTemplate\":\"https:\/\/uchitomishop.ch\/de\/?s={search_term_string}\"},\"query-input\":{\"@type\":\"PropertyValueSpecification\",\"valueRequired\":true,\"valueName\":\"search_term_string\"}}],\"inLanguage\":\"de-CH\"},{\"@type\":\"Organization\",\"@id\":\"https:\/\/uchitomishop.ch\/de\/#organization\",\"name\":\"Uchitomishop - Japanischer Online-Shop - Lieferung in die ganze Schweiz\",\"url\":\"https:\/\/uchitomishop.ch\/de\/\",\"logo\":{\"@type\":\"ImageObject\",\"inLanguage\":\"de-CH\",\"@id\":\"https:\/\/uchitomishop.ch\/de\/#\/schema\/logo\/image\/\",\"url\":\"https:\/\/uchitomishop.ch\/wp-content\/uploads\/2024\/04\/logo.png\",\"contentUrl\":\"https:\/\/uchitomishop.ch\/wp-content\/uploads\/2024\/04\/logo.png\",\"width\":380,\"height\":162,\"caption\":\"Uchitomishop - Japanischer Online-Shop - Lieferung in die ganze Schweiz\"},\"image\":{\"@id\":\"https:\/\/uchitomishop.ch\/de\/#\/schema\/logo\/image\/\"}}]}<\/script>\n<!-- \/ Yoast SEO plugin. -->","yoast_head_json":{"title":"SHUNO S W \"FUDOGIKEN\" F-2622 9.5X36XH12CM - Uchitomishop - Japanischer Online-Shop - Lieferung in die ganze Schweiz","robots":{"index":"index","follow":"follow","max-snippet":"max-snippet:-1","max-image-preview":"max-image-preview:large","max-video-preview":"max-video-preview:-1"},"canonical":"https:\/\/uchitomishop.ch\/de\/produkt\/shuno-s-w-fudogiken-f-2622-9-5x36xh12cm\/","og_locale":"de_DE","og_type":"article","og_title":"SHUNO S W \"FUDOGIKEN\" F-2622 9.5X36XH12CM - Uchitomishop - Japanischer Online-Shop - Lieferung in die ganze Schweiz","og_description":"Wei\u00dfe Aufbewahrungsbox aus Kunststoff, schmale, l\u00e4ngliche Form","og_url":"https:\/\/uchitomishop.ch\/de\/produkt\/shuno-s-w-fudogiken-f-2622-9-5x36xh12cm\/","og_site_name":"Uchitomishop - Japanischer Online-Shop - Lieferung in die ganze Schweiz","article_modified_time":"2026-03-11T14:56:44+00:00","og_image":[{"width":820,"height":820,"url":"https:\/\/uchitomishop.ch\/wp-content\/uploads\/2024\/02\/4962191016009-1.jpg","type":"image\/jpeg"}],"twitter_card":"summary_large_image","schema":{"@context":"https:\/\/schema.org","@graph":[{"@type":"WebPage","@id":"https:\/\/uchitomishop.ch\/de\/produkt\/shuno-s-w-fudogiken-f-2622-9-5x36xh12cm\/","url":"https:\/\/uchitomishop.ch\/de\/produkt\/shuno-s-w-fudogiken-f-2622-9-5x36xh12cm\/","name":"SHUNO S W \"FUDOGIKEN\" F-2622 9.5X36XH12CM - Uchitomishop - Japanischer Online-Shop - Lieferung in die ganze Schweiz","isPartOf":{"@id":"https:\/\/uchitomishop.ch\/de\/#website"},"primaryImageOfPage":{"@id":"https:\/\/uchitomishop.ch\/de\/produkt\/shuno-s-w-fudogiken-f-2622-9-5x36xh12cm\/#primaryimage"},"image":{"@id":"https:\/\/uchitomishop.ch\/de\/produkt\/shuno-s-w-fudogiken-f-2622-9-5x36xh12cm\/#primaryimage"},"thumbnailUrl":"https:\/\/uchitomishop.ch\/wp-content\/uploads\/2024\/02\/4962191016009-1.jpg","datePublished":"2021-08-08T17:21:37+00:00","dateModified":"2026-03-11T14:56:44+00:00","breadcrumb":{"@id":"https:\/\/uchitomishop.ch\/de\/produkt\/shuno-s-w-fudogiken-f-2622-9-5x36xh12cm\/#breadcrumb"},"inLanguage":"de-CH","potentialAction":[{"@type":"ReadAction","target":["https:\/\/uchitomishop.ch\/de\/produkt\/shuno-s-w-fudogiken-f-2622-9-5x36xh12cm\/"]}]},{"@type":"ImageObject","inLanguage":"de-CH","@id":"https:\/\/uchitomishop.ch\/de\/produkt\/shuno-s-w-fudogiken-f-2622-9-5x36xh12cm\/#primaryimage","url":"https:\/\/uchitomishop.ch\/wp-content\/uploads\/2024\/02\/4962191016009-1.jpg","contentUrl":"https:\/\/uchitomishop.ch\/wp-content\/uploads\/2024\/02\/4962191016009-1.jpg","width":820,"height":820},{"@type":"BreadcrumbList","@id":"https:\/\/uchitomishop.ch\/de\/produkt\/shuno-s-w-fudogiken-f-2622-9-5x36xh12cm\/#breadcrumb","itemListElement":[{"@type":"ListItem","position":1,"name":"Accueil","item":"https:\/\/uchitomishop.ch\/de\/homepage\/"},{"@type":"ListItem","position":2,"name":"Shop","item":"https:\/\/uchitomishop.ch\/de\/shop\/"},{"@type":"ListItem","position":3,"name":"SHUNO S W \u00ab\u00a0FUDOGIKEN\u00a0\u00bb F-2622 9.5X36XH12CM"}]},{"@type":"WebSite","@id":"https:\/\/uchitomishop.ch\/de\/#website","url":"https:\/\/uchitomishop.ch\/de\/","name":"Uchitomishop - Magasin en ligne Japonais - Livraison dans toute la Suisse","description":"Japanisches Online-Gesch\u00e4ft. Entdecken Sie alle unsere japanischen Produkte: Lebensmittel, K\u00fcche, B\u00fccher, Haushalt, Schreibwaren, Pflege, Textilien und Geschirr. Lieferung in der gesamten Schweiz.","publisher":{"@id":"https:\/\/uchitomishop.ch\/de\/#organization"},"potentialAction":[{"@type":"SearchAction","target":{"@type":"EntryPoint","urlTemplate":"https:\/\/uchitomishop.ch\/de\/?s={search_term_string}"},"query-input":{"@type":"PropertyValueSpecification","valueRequired":true,"valueName":"search_term_string"}}],"inLanguage":"de-CH"},{"@type":"Organization","@id":"https:\/\/uchitomishop.ch\/de\/#organization","name":"Uchitomishop - Japanischer Online-Shop - Lieferung in die ganze Schweiz","url":"https:\/\/uchitomishop.ch\/de\/","logo":{"@type":"ImageObject","inLanguage":"de-CH","@id":"https:\/\/uchitomishop.ch\/de\/#\/schema\/logo\/image\/","url":"https:\/\/uchitomishop.ch\/wp-content\/uploads\/2024\/04\/logo.png","contentUrl":"https:\/\/uchitomishop.ch\/wp-content\/uploads\/2024\/04\/logo.png","width":380,"height":162,"caption":"Uchitomishop - Japanischer Online-Shop - Lieferung in die ganze Schweiz"},"image":{"@id":"https:\/\/uchitomishop.ch\/de\/#\/schema\/logo\/image\/"}}]}},"_links":{"self":[{"href":"https:\/\/uchitomishop.ch\/de\/wp-json\/wp\/v2\/product\/145488","targetHints":{"allow":["GET"]}}],"collection":[{"href":"https:\/\/uchitomishop.ch\/de\/wp-json\/wp\/v2\/product"}],"about":[{"href":"https:\/\/uchitomishop.ch\/de\/wp-json\/wp\/v2\/types\/product"}],"replies":[{"embeddable":true,"href":"https:\/\/uchitomishop.ch\/de\/wp-json\/wp\/v2\/comments?post=145488"}],"wp:featuredmedia":[{"embeddable":true,"href":"https:\/\/uchitomishop.ch\/de\/wp-json\/wp\/v2\/media\/138114"}],"wp:attachment":[{"href":"https:\/\/uchitomishop.ch\/de\/wp-json\/wp\/v2\/media?parent=145488"}],"wp:term":[{"taxonomy":"product_brand","embeddable":true,"href":"https:\/\/uchitomishop.ch\/de\/wp-json\/wp\/v2\/product_brand?post=145488"},{"taxonomy":"product_cat","embeddable":true,"href":"https:\/\/uchitomishop.ch\/de\/wp-json\/wp\/v2\/product_cat?post=145488"},{"taxonomy":"product_tag","embeddable":true,"href":"https:\/\/uchitomishop.ch\/de\/wp-json\/wp\/v2\/product_tag?post=145488"}],"curies":[{"name":"wp","href":"https:\/\/api.w.org\/{rel}","templated":true}]}}