{"id":144904,"date":"2021-07-02T00:44:54","date_gmt":"2021-07-01T22:44:54","guid":{"rendered":"https:\/\/uchitomishop.ch\/produit\/yakiyaki-yatai-takoyaki-pick-freiz-yr-4235\/"},"modified":"2026-02-16T11:13:18","modified_gmt":"2026-02-16T10:13:18","slug":"yakiyaki-yatai-takoyaki-pick-freiz-yr-4235","status":"publish","type":"product","link":"https:\/\/uchitomishop.ch\/de\/produkt\/yakiyaki-yatai-takoyaki-pick-freiz-yr-4235\/","title":{"rendered":"TAKOYAKI PICK YAKIYAKI YATAI &#171;FREIZ&#187; YR-4235"},"content":{"rendered":"<p>Plastikspie\u00df f\u00fcr Takoyaki mit rotem Griff<\/p>\n","protected":false},"excerpt":{"rendered":"<p>Plastikspie\u00df f\u00fcr Takoyaki mit rotem Griff<\/p>\n","protected":false},"featured_media":202514,"comment_status":"open","ping_status":"closed","template":"","meta":{"_acf_changed":false},"product_brand":[],"product_cat":[448,638,450],"product_tag":[],"class_list":{"0":"post-144904","1":"product","2":"type-product","3":"status-publish","4":"has-post-thumbnail","6":"product_cat-kuche","7":"product_cat-verschiedene-kuchenutensilien","8":"product_cat-verschiedenes-kuche","10":"first","11":"instock","12":"taxable","13":"shipping-taxable","14":"purchasable","15":"product-type-simple"},"acf":[],"yoast_head":"<!-- This site is optimized with the Yoast SEO plugin v27.0 - https:\/\/yoast.com\/product\/yoast-seo-wordpress\/ -->\n<title>TAKOYAKI PICK YAKIYAKI YATAI &quot;FREIZ&quot; YR-4235 - Uchitomishop - Japanischer Online-Shop - Lieferung in die ganze Schweiz<\/title>\n<meta name=\"robots\" content=\"index, follow, max-snippet:-1, max-image-preview:large, max-video-preview:-1\" \/>\n<link rel=\"canonical\" href=\"https:\/\/uchitomishop.ch\/de\/produkt\/yakiyaki-yatai-takoyaki-pick-freiz-yr-4235\/\" \/>\n<meta property=\"og:locale\" content=\"de_DE\" \/>\n<meta property=\"og:type\" content=\"article\" \/>\n<meta property=\"og:title\" content=\"TAKOYAKI PICK YAKIYAKI YATAI &quot;FREIZ&quot; YR-4235 - Uchitomishop - Japanischer Online-Shop - Lieferung in die ganze Schweiz\" \/>\n<meta property=\"og:description\" content=\"Plastikspie\u00df f\u00fcr Takoyaki mit rotem Griff\" \/>\n<meta property=\"og:url\" content=\"https:\/\/uchitomishop.ch\/de\/produkt\/yakiyaki-yatai-takoyaki-pick-freiz-yr-4235\/\" \/>\n<meta property=\"og:site_name\" content=\"Uchitomishop - Japanischer Online-Shop - Lieferung in die ganze Schweiz\" \/>\n<meta property=\"article:modified_time\" content=\"2026-02-16T10:13:18+00:00\" \/>\n<meta property=\"og:image\" content=\"https:\/\/uchitomishop.ch\/wp-content\/uploads\/2025\/05\/4903779444586-1.jpg\" \/>\n\t<meta property=\"og:image:width\" content=\"600\" \/>\n\t<meta property=\"og:image:height\" content=\"600\" \/>\n\t<meta property=\"og:image:type\" content=\"image\/jpeg\" \/>\n<meta name=\"twitter:card\" content=\"summary_large_image\" \/>\n<script type=\"application\/ld+json\" class=\"yoast-schema-graph\">{\"@context\":\"https:\/\/schema.org\",\"@graph\":[{\"@type\":\"WebPage\",\"@id\":\"https:\/\/uchitomishop.ch\/de\/produkt\/yakiyaki-yatai-takoyaki-pick-freiz-yr-4235\/\",\"url\":\"https:\/\/uchitomishop.ch\/de\/produkt\/yakiyaki-yatai-takoyaki-pick-freiz-yr-4235\/\",\"name\":\"TAKOYAKI PICK YAKIYAKI YATAI \\\"FREIZ\\\" YR-4235 - Uchitomishop - Japanischer Online-Shop - Lieferung in die ganze Schweiz\",\"isPartOf\":{\"@id\":\"https:\/\/uchitomishop.ch\/de\/#website\"},\"primaryImageOfPage\":{\"@id\":\"https:\/\/uchitomishop.ch\/de\/produkt\/yakiyaki-yatai-takoyaki-pick-freiz-yr-4235\/#primaryimage\"},\"image\":{\"@id\":\"https:\/\/uchitomishop.ch\/de\/produkt\/yakiyaki-yatai-takoyaki-pick-freiz-yr-4235\/#primaryimage\"},\"thumbnailUrl\":\"https:\/\/uchitomishop.ch\/wp-content\/uploads\/2025\/05\/4903779444586-1.jpg\",\"datePublished\":\"2021-07-01T22:44:54+00:00\",\"dateModified\":\"2026-02-16T10:13:18+00:00\",\"breadcrumb\":{\"@id\":\"https:\/\/uchitomishop.ch\/de\/produkt\/yakiyaki-yatai-takoyaki-pick-freiz-yr-4235\/#breadcrumb\"},\"inLanguage\":\"de-CH\",\"potentialAction\":[{\"@type\":\"ReadAction\",\"target\":[\"https:\/\/uchitomishop.ch\/de\/produkt\/yakiyaki-yatai-takoyaki-pick-freiz-yr-4235\/\"]}]},{\"@type\":\"ImageObject\",\"inLanguage\":\"de-CH\",\"@id\":\"https:\/\/uchitomishop.ch\/de\/produkt\/yakiyaki-yatai-takoyaki-pick-freiz-yr-4235\/#primaryimage\",\"url\":\"https:\/\/uchitomishop.ch\/wp-content\/uploads\/2025\/05\/4903779444586-1.jpg\",\"contentUrl\":\"https:\/\/uchitomishop.ch\/wp-content\/uploads\/2025\/05\/4903779444586-1.jpg\",\"width\":600,\"height\":600},{\"@type\":\"BreadcrumbList\",\"@id\":\"https:\/\/uchitomishop.ch\/de\/produkt\/yakiyaki-yatai-takoyaki-pick-freiz-yr-4235\/#breadcrumb\",\"itemListElement\":[{\"@type\":\"ListItem\",\"position\":1,\"name\":\"Accueil\",\"item\":\"https:\/\/uchitomishop.ch\/de\/homepage\/\"},{\"@type\":\"ListItem\",\"position\":2,\"name\":\"Shop\",\"item\":\"https:\/\/uchitomishop.ch\/de\/shop\/\"},{\"@type\":\"ListItem\",\"position\":3,\"name\":\"TAKOYAKI PICK YAKIYAKI YATAI \u00ab\u00a0FREIZ\u00a0\u00bb YR-4235\"}]},{\"@type\":\"WebSite\",\"@id\":\"https:\/\/uchitomishop.ch\/de\/#website\",\"url\":\"https:\/\/uchitomishop.ch\/de\/\",\"name\":\"Uchitomishop - Magasin en ligne Japonais - Livraison dans toute la Suisse\",\"description\":\"Japanisches Online-Gesch\u00e4ft. Entdecken Sie alle unsere japanischen Produkte: Lebensmittel, K\u00fcche, B\u00fccher, Haushalt, Schreibwaren, Pflege, Textilien und Geschirr. Lieferung in der gesamten Schweiz.\",\"publisher\":{\"@id\":\"https:\/\/uchitomishop.ch\/de\/#organization\"},\"potentialAction\":[{\"@type\":\"SearchAction\",\"target\":{\"@type\":\"EntryPoint\",\"urlTemplate\":\"https:\/\/uchitomishop.ch\/de\/?s={search_term_string}\"},\"query-input\":{\"@type\":\"PropertyValueSpecification\",\"valueRequired\":true,\"valueName\":\"search_term_string\"}}],\"inLanguage\":\"de-CH\"},{\"@type\":\"Organization\",\"@id\":\"https:\/\/uchitomishop.ch\/de\/#organization\",\"name\":\"Uchitomishop - Japanischer Online-Shop - Lieferung in die ganze Schweiz\",\"url\":\"https:\/\/uchitomishop.ch\/de\/\",\"logo\":{\"@type\":\"ImageObject\",\"inLanguage\":\"de-CH\",\"@id\":\"https:\/\/uchitomishop.ch\/de\/#\/schema\/logo\/image\/\",\"url\":\"https:\/\/uchitomishop.ch\/wp-content\/uploads\/2024\/04\/logo.png\",\"contentUrl\":\"https:\/\/uchitomishop.ch\/wp-content\/uploads\/2024\/04\/logo.png\",\"width\":380,\"height\":162,\"caption\":\"Uchitomishop - Japanischer Online-Shop - Lieferung in die ganze Schweiz\"},\"image\":{\"@id\":\"https:\/\/uchitomishop.ch\/de\/#\/schema\/logo\/image\/\"}}]}<\/script>\n<!-- \/ Yoast SEO plugin. -->","yoast_head_json":{"title":"TAKOYAKI PICK YAKIYAKI YATAI \"FREIZ\" YR-4235 - Uchitomishop - Japanischer Online-Shop - Lieferung in die ganze Schweiz","robots":{"index":"index","follow":"follow","max-snippet":"max-snippet:-1","max-image-preview":"max-image-preview:large","max-video-preview":"max-video-preview:-1"},"canonical":"https:\/\/uchitomishop.ch\/de\/produkt\/yakiyaki-yatai-takoyaki-pick-freiz-yr-4235\/","og_locale":"de_DE","og_type":"article","og_title":"TAKOYAKI PICK YAKIYAKI YATAI \"FREIZ\" YR-4235 - Uchitomishop - Japanischer Online-Shop - Lieferung in die ganze Schweiz","og_description":"Plastikspie\u00df f\u00fcr Takoyaki mit rotem Griff","og_url":"https:\/\/uchitomishop.ch\/de\/produkt\/yakiyaki-yatai-takoyaki-pick-freiz-yr-4235\/","og_site_name":"Uchitomishop - Japanischer Online-Shop - Lieferung in die ganze Schweiz","article_modified_time":"2026-02-16T10:13:18+00:00","og_image":[{"width":600,"height":600,"url":"https:\/\/uchitomishop.ch\/wp-content\/uploads\/2025\/05\/4903779444586-1.jpg","type":"image\/jpeg"}],"twitter_card":"summary_large_image","schema":{"@context":"https:\/\/schema.org","@graph":[{"@type":"WebPage","@id":"https:\/\/uchitomishop.ch\/de\/produkt\/yakiyaki-yatai-takoyaki-pick-freiz-yr-4235\/","url":"https:\/\/uchitomishop.ch\/de\/produkt\/yakiyaki-yatai-takoyaki-pick-freiz-yr-4235\/","name":"TAKOYAKI PICK YAKIYAKI YATAI \"FREIZ\" YR-4235 - Uchitomishop - Japanischer Online-Shop - Lieferung in die ganze Schweiz","isPartOf":{"@id":"https:\/\/uchitomishop.ch\/de\/#website"},"primaryImageOfPage":{"@id":"https:\/\/uchitomishop.ch\/de\/produkt\/yakiyaki-yatai-takoyaki-pick-freiz-yr-4235\/#primaryimage"},"image":{"@id":"https:\/\/uchitomishop.ch\/de\/produkt\/yakiyaki-yatai-takoyaki-pick-freiz-yr-4235\/#primaryimage"},"thumbnailUrl":"https:\/\/uchitomishop.ch\/wp-content\/uploads\/2025\/05\/4903779444586-1.jpg","datePublished":"2021-07-01T22:44:54+00:00","dateModified":"2026-02-16T10:13:18+00:00","breadcrumb":{"@id":"https:\/\/uchitomishop.ch\/de\/produkt\/yakiyaki-yatai-takoyaki-pick-freiz-yr-4235\/#breadcrumb"},"inLanguage":"de-CH","potentialAction":[{"@type":"ReadAction","target":["https:\/\/uchitomishop.ch\/de\/produkt\/yakiyaki-yatai-takoyaki-pick-freiz-yr-4235\/"]}]},{"@type":"ImageObject","inLanguage":"de-CH","@id":"https:\/\/uchitomishop.ch\/de\/produkt\/yakiyaki-yatai-takoyaki-pick-freiz-yr-4235\/#primaryimage","url":"https:\/\/uchitomishop.ch\/wp-content\/uploads\/2025\/05\/4903779444586-1.jpg","contentUrl":"https:\/\/uchitomishop.ch\/wp-content\/uploads\/2025\/05\/4903779444586-1.jpg","width":600,"height":600},{"@type":"BreadcrumbList","@id":"https:\/\/uchitomishop.ch\/de\/produkt\/yakiyaki-yatai-takoyaki-pick-freiz-yr-4235\/#breadcrumb","itemListElement":[{"@type":"ListItem","position":1,"name":"Accueil","item":"https:\/\/uchitomishop.ch\/de\/homepage\/"},{"@type":"ListItem","position":2,"name":"Shop","item":"https:\/\/uchitomishop.ch\/de\/shop\/"},{"@type":"ListItem","position":3,"name":"TAKOYAKI PICK YAKIYAKI YATAI \u00ab\u00a0FREIZ\u00a0\u00bb YR-4235"}]},{"@type":"WebSite","@id":"https:\/\/uchitomishop.ch\/de\/#website","url":"https:\/\/uchitomishop.ch\/de\/","name":"Uchitomishop - Magasin en ligne Japonais - Livraison dans toute la Suisse","description":"Japanisches Online-Gesch\u00e4ft. Entdecken Sie alle unsere japanischen Produkte: Lebensmittel, K\u00fcche, B\u00fccher, Haushalt, Schreibwaren, Pflege, Textilien und Geschirr. Lieferung in der gesamten Schweiz.","publisher":{"@id":"https:\/\/uchitomishop.ch\/de\/#organization"},"potentialAction":[{"@type":"SearchAction","target":{"@type":"EntryPoint","urlTemplate":"https:\/\/uchitomishop.ch\/de\/?s={search_term_string}"},"query-input":{"@type":"PropertyValueSpecification","valueRequired":true,"valueName":"search_term_string"}}],"inLanguage":"de-CH"},{"@type":"Organization","@id":"https:\/\/uchitomishop.ch\/de\/#organization","name":"Uchitomishop - Japanischer Online-Shop - Lieferung in die ganze Schweiz","url":"https:\/\/uchitomishop.ch\/de\/","logo":{"@type":"ImageObject","inLanguage":"de-CH","@id":"https:\/\/uchitomishop.ch\/de\/#\/schema\/logo\/image\/","url":"https:\/\/uchitomishop.ch\/wp-content\/uploads\/2024\/04\/logo.png","contentUrl":"https:\/\/uchitomishop.ch\/wp-content\/uploads\/2024\/04\/logo.png","width":380,"height":162,"caption":"Uchitomishop - Japanischer Online-Shop - Lieferung in die ganze Schweiz"},"image":{"@id":"https:\/\/uchitomishop.ch\/de\/#\/schema\/logo\/image\/"}}]}},"_links":{"self":[{"href":"https:\/\/uchitomishop.ch\/de\/wp-json\/wp\/v2\/product\/144904","targetHints":{"allow":["GET"]}}],"collection":[{"href":"https:\/\/uchitomishop.ch\/de\/wp-json\/wp\/v2\/product"}],"about":[{"href":"https:\/\/uchitomishop.ch\/de\/wp-json\/wp\/v2\/types\/product"}],"replies":[{"embeddable":true,"href":"https:\/\/uchitomishop.ch\/de\/wp-json\/wp\/v2\/comments?post=144904"}],"wp:featuredmedia":[{"embeddable":true,"href":"https:\/\/uchitomishop.ch\/de\/wp-json\/wp\/v2\/media\/202514"}],"wp:attachment":[{"href":"https:\/\/uchitomishop.ch\/de\/wp-json\/wp\/v2\/media?parent=144904"}],"wp:term":[{"taxonomy":"product_brand","embeddable":true,"href":"https:\/\/uchitomishop.ch\/de\/wp-json\/wp\/v2\/product_brand?post=144904"},{"taxonomy":"product_cat","embeddable":true,"href":"https:\/\/uchitomishop.ch\/de\/wp-json\/wp\/v2\/product_cat?post=144904"},{"taxonomy":"product_tag","embeddable":true,"href":"https:\/\/uchitomishop.ch\/de\/wp-json\/wp\/v2\/product_tag?post=144904"}],"curies":[{"name":"wp","href":"https:\/\/api.w.org\/{rel}","templated":true}]}}