{"id":144785,"date":"2021-07-01T00:55:24","date_gmt":"2021-06-30T22:55:24","guid":{"rendered":"https:\/\/uchitomishop.ch\/produit\/tetsuki-zaru-bowl-wh-1-2lt-sanada-d-5422\/"},"modified":"2026-03-23T14:25:03","modified_gmt":"2026-03-23T13:25:03","slug":"tetsuki-zaru-bowl-wh-1-2lt-sanada-d-5422","status":"publish","type":"product","link":"https:\/\/uchitomishop.ch\/de\/produkt\/tetsuki-zaru-bowl-wh-1-2lt-sanada-d-5422\/","title":{"rendered":"TETSUKI ZARU BOWL WH 1.2LT &#171;SANADA&#187; D-5422"},"content":{"rendered":"<p>Set aus Sieb und wei\u00dfer Sch\u00fcssel mit Kunststoffgriff 201*299*H90mm<\/p>\n","protected":false},"excerpt":{"rendered":"<p>Set aus Sieb und wei\u00dfer Sch\u00fcssel mit Kunststoffgriff 201*299*H90mm<\/p>\n","protected":false},"featured_media":114861,"comment_status":"open","ping_status":"closed","template":"","meta":{"_acf_changed":false},"product_brand":[],"product_cat":[448,634,450],"product_tag":[],"class_list":{"0":"post-144785","1":"product","2":"type-product","3":"status-publish","4":"has-post-thumbnail","6":"product_cat-kuche","7":"product_cat-siebe-schopfkellen-schaumloffel","8":"product_cat-verschiedenes-kuche","10":"first","11":"instock","12":"taxable","13":"shipping-taxable","14":"purchasable","15":"product-type-simple"},"acf":[],"yoast_head":"<!-- This site is optimized with the Yoast SEO plugin v27.0 - https:\/\/yoast.com\/product\/yoast-seo-wordpress\/ -->\n<title>TETSUKI ZARU BOWL WH 1.2LT &quot;SANADA&quot; D-5422 - Uchitomishop - Japanischer Online-Shop - Lieferung in die ganze Schweiz<\/title>\n<meta name=\"robots\" content=\"index, follow, max-snippet:-1, max-image-preview:large, max-video-preview:-1\" \/>\n<link rel=\"canonical\" href=\"https:\/\/uchitomishop.ch\/de\/produkt\/tetsuki-zaru-bowl-wh-1-2lt-sanada-d-5422\/\" \/>\n<meta property=\"og:locale\" content=\"de_DE\" \/>\n<meta property=\"og:type\" content=\"article\" \/>\n<meta property=\"og:title\" content=\"TETSUKI ZARU BOWL WH 1.2LT &quot;SANADA&quot; D-5422 - Uchitomishop - Japanischer Online-Shop - Lieferung in die ganze Schweiz\" \/>\n<meta property=\"og:description\" content=\"Set aus Sieb und wei\u00dfer Sch\u00fcssel mit Kunststoffgriff 201*299*H90mm\" \/>\n<meta property=\"og:url\" content=\"https:\/\/uchitomishop.ch\/de\/produkt\/tetsuki-zaru-bowl-wh-1-2lt-sanada-d-5422\/\" \/>\n<meta property=\"og:site_name\" content=\"Uchitomishop - Japanischer Online-Shop - Lieferung in die ganze Schweiz\" \/>\n<meta property=\"article:modified_time\" content=\"2026-03-23T13:25:03+00:00\" \/>\n<meta property=\"og:image\" content=\"https:\/\/uchitomishop.ch\/wp-content\/uploads\/2022\/12\/4973430020299.jpg\" \/>\n\t<meta property=\"og:image:width\" content=\"600\" \/>\n\t<meta property=\"og:image:height\" content=\"516\" \/>\n\t<meta property=\"og:image:type\" content=\"image\/jpeg\" \/>\n<meta name=\"twitter:card\" content=\"summary_large_image\" \/>\n<script type=\"application\/ld+json\" class=\"yoast-schema-graph\">{\"@context\":\"https:\/\/schema.org\",\"@graph\":[{\"@type\":\"WebPage\",\"@id\":\"https:\/\/uchitomishop.ch\/de\/produkt\/tetsuki-zaru-bowl-wh-1-2lt-sanada-d-5422\/\",\"url\":\"https:\/\/uchitomishop.ch\/de\/produkt\/tetsuki-zaru-bowl-wh-1-2lt-sanada-d-5422\/\",\"name\":\"TETSUKI ZARU BOWL WH 1.2LT \\\"SANADA\\\" D-5422 - Uchitomishop - Japanischer Online-Shop - Lieferung in die ganze Schweiz\",\"isPartOf\":{\"@id\":\"https:\/\/uchitomishop.ch\/de\/#website\"},\"primaryImageOfPage\":{\"@id\":\"https:\/\/uchitomishop.ch\/de\/produkt\/tetsuki-zaru-bowl-wh-1-2lt-sanada-d-5422\/#primaryimage\"},\"image\":{\"@id\":\"https:\/\/uchitomishop.ch\/de\/produkt\/tetsuki-zaru-bowl-wh-1-2lt-sanada-d-5422\/#primaryimage\"},\"thumbnailUrl\":\"https:\/\/uchitomishop.ch\/wp-content\/uploads\/2022\/12\/4973430020299.jpg\",\"datePublished\":\"2021-06-30T22:55:24+00:00\",\"dateModified\":\"2026-03-23T13:25:03+00:00\",\"breadcrumb\":{\"@id\":\"https:\/\/uchitomishop.ch\/de\/produkt\/tetsuki-zaru-bowl-wh-1-2lt-sanada-d-5422\/#breadcrumb\"},\"inLanguage\":\"de-CH\",\"potentialAction\":[{\"@type\":\"ReadAction\",\"target\":[\"https:\/\/uchitomishop.ch\/de\/produkt\/tetsuki-zaru-bowl-wh-1-2lt-sanada-d-5422\/\"]}]},{\"@type\":\"ImageObject\",\"inLanguage\":\"de-CH\",\"@id\":\"https:\/\/uchitomishop.ch\/de\/produkt\/tetsuki-zaru-bowl-wh-1-2lt-sanada-d-5422\/#primaryimage\",\"url\":\"https:\/\/uchitomishop.ch\/wp-content\/uploads\/2022\/12\/4973430020299.jpg\",\"contentUrl\":\"https:\/\/uchitomishop.ch\/wp-content\/uploads\/2022\/12\/4973430020299.jpg\",\"width\":600,\"height\":516},{\"@type\":\"BreadcrumbList\",\"@id\":\"https:\/\/uchitomishop.ch\/de\/produkt\/tetsuki-zaru-bowl-wh-1-2lt-sanada-d-5422\/#breadcrumb\",\"itemListElement\":[{\"@type\":\"ListItem\",\"position\":1,\"name\":\"Accueil\",\"item\":\"https:\/\/uchitomishop.ch\/de\/homepage\/\"},{\"@type\":\"ListItem\",\"position\":2,\"name\":\"Shop\",\"item\":\"https:\/\/uchitomishop.ch\/de\/shop\/\"},{\"@type\":\"ListItem\",\"position\":3,\"name\":\"TETSUKI ZARU BOWL WH 1.2LT \u00ab\u00a0SANADA\u00a0\u00bb D-5422\"}]},{\"@type\":\"WebSite\",\"@id\":\"https:\/\/uchitomishop.ch\/de\/#website\",\"url\":\"https:\/\/uchitomishop.ch\/de\/\",\"name\":\"Uchitomishop - Magasin en ligne Japonais - Livraison dans toute la Suisse\",\"description\":\"Japanisches Online-Gesch\u00e4ft. Entdecken Sie alle unsere japanischen Produkte: Lebensmittel, K\u00fcche, B\u00fccher, Haushalt, Schreibwaren, Pflege, Textilien und Geschirr. Lieferung in der gesamten Schweiz.\",\"publisher\":{\"@id\":\"https:\/\/uchitomishop.ch\/de\/#organization\"},\"potentialAction\":[{\"@type\":\"SearchAction\",\"target\":{\"@type\":\"EntryPoint\",\"urlTemplate\":\"https:\/\/uchitomishop.ch\/de\/?s={search_term_string}\"},\"query-input\":{\"@type\":\"PropertyValueSpecification\",\"valueRequired\":true,\"valueName\":\"search_term_string\"}}],\"inLanguage\":\"de-CH\"},{\"@type\":\"Organization\",\"@id\":\"https:\/\/uchitomishop.ch\/de\/#organization\",\"name\":\"Uchitomishop - Japanischer Online-Shop - Lieferung in die ganze Schweiz\",\"url\":\"https:\/\/uchitomishop.ch\/de\/\",\"logo\":{\"@type\":\"ImageObject\",\"inLanguage\":\"de-CH\",\"@id\":\"https:\/\/uchitomishop.ch\/de\/#\/schema\/logo\/image\/\",\"url\":\"https:\/\/uchitomishop.ch\/wp-content\/uploads\/2024\/04\/logo.png\",\"contentUrl\":\"https:\/\/uchitomishop.ch\/wp-content\/uploads\/2024\/04\/logo.png\",\"width\":380,\"height\":162,\"caption\":\"Uchitomishop - Japanischer Online-Shop - Lieferung in die ganze Schweiz\"},\"image\":{\"@id\":\"https:\/\/uchitomishop.ch\/de\/#\/schema\/logo\/image\/\"}}]}<\/script>\n<!-- \/ Yoast SEO plugin. -->","yoast_head_json":{"title":"TETSUKI ZARU BOWL WH 1.2LT \"SANADA\" D-5422 - Uchitomishop - Japanischer Online-Shop - Lieferung in die ganze Schweiz","robots":{"index":"index","follow":"follow","max-snippet":"max-snippet:-1","max-image-preview":"max-image-preview:large","max-video-preview":"max-video-preview:-1"},"canonical":"https:\/\/uchitomishop.ch\/de\/produkt\/tetsuki-zaru-bowl-wh-1-2lt-sanada-d-5422\/","og_locale":"de_DE","og_type":"article","og_title":"TETSUKI ZARU BOWL WH 1.2LT \"SANADA\" D-5422 - Uchitomishop - Japanischer Online-Shop - Lieferung in die ganze Schweiz","og_description":"Set aus Sieb und wei\u00dfer Sch\u00fcssel mit Kunststoffgriff 201*299*H90mm","og_url":"https:\/\/uchitomishop.ch\/de\/produkt\/tetsuki-zaru-bowl-wh-1-2lt-sanada-d-5422\/","og_site_name":"Uchitomishop - Japanischer Online-Shop - Lieferung in die ganze Schweiz","article_modified_time":"2026-03-23T13:25:03+00:00","og_image":[{"width":600,"height":516,"url":"https:\/\/uchitomishop.ch\/wp-content\/uploads\/2022\/12\/4973430020299.jpg","type":"image\/jpeg"}],"twitter_card":"summary_large_image","schema":{"@context":"https:\/\/schema.org","@graph":[{"@type":"WebPage","@id":"https:\/\/uchitomishop.ch\/de\/produkt\/tetsuki-zaru-bowl-wh-1-2lt-sanada-d-5422\/","url":"https:\/\/uchitomishop.ch\/de\/produkt\/tetsuki-zaru-bowl-wh-1-2lt-sanada-d-5422\/","name":"TETSUKI ZARU BOWL WH 1.2LT \"SANADA\" D-5422 - Uchitomishop - Japanischer Online-Shop - Lieferung in die ganze Schweiz","isPartOf":{"@id":"https:\/\/uchitomishop.ch\/de\/#website"},"primaryImageOfPage":{"@id":"https:\/\/uchitomishop.ch\/de\/produkt\/tetsuki-zaru-bowl-wh-1-2lt-sanada-d-5422\/#primaryimage"},"image":{"@id":"https:\/\/uchitomishop.ch\/de\/produkt\/tetsuki-zaru-bowl-wh-1-2lt-sanada-d-5422\/#primaryimage"},"thumbnailUrl":"https:\/\/uchitomishop.ch\/wp-content\/uploads\/2022\/12\/4973430020299.jpg","datePublished":"2021-06-30T22:55:24+00:00","dateModified":"2026-03-23T13:25:03+00:00","breadcrumb":{"@id":"https:\/\/uchitomishop.ch\/de\/produkt\/tetsuki-zaru-bowl-wh-1-2lt-sanada-d-5422\/#breadcrumb"},"inLanguage":"de-CH","potentialAction":[{"@type":"ReadAction","target":["https:\/\/uchitomishop.ch\/de\/produkt\/tetsuki-zaru-bowl-wh-1-2lt-sanada-d-5422\/"]}]},{"@type":"ImageObject","inLanguage":"de-CH","@id":"https:\/\/uchitomishop.ch\/de\/produkt\/tetsuki-zaru-bowl-wh-1-2lt-sanada-d-5422\/#primaryimage","url":"https:\/\/uchitomishop.ch\/wp-content\/uploads\/2022\/12\/4973430020299.jpg","contentUrl":"https:\/\/uchitomishop.ch\/wp-content\/uploads\/2022\/12\/4973430020299.jpg","width":600,"height":516},{"@type":"BreadcrumbList","@id":"https:\/\/uchitomishop.ch\/de\/produkt\/tetsuki-zaru-bowl-wh-1-2lt-sanada-d-5422\/#breadcrumb","itemListElement":[{"@type":"ListItem","position":1,"name":"Accueil","item":"https:\/\/uchitomishop.ch\/de\/homepage\/"},{"@type":"ListItem","position":2,"name":"Shop","item":"https:\/\/uchitomishop.ch\/de\/shop\/"},{"@type":"ListItem","position":3,"name":"TETSUKI ZARU BOWL WH 1.2LT \u00ab\u00a0SANADA\u00a0\u00bb D-5422"}]},{"@type":"WebSite","@id":"https:\/\/uchitomishop.ch\/de\/#website","url":"https:\/\/uchitomishop.ch\/de\/","name":"Uchitomishop - Magasin en ligne Japonais - Livraison dans toute la Suisse","description":"Japanisches Online-Gesch\u00e4ft. Entdecken Sie alle unsere japanischen Produkte: Lebensmittel, K\u00fcche, B\u00fccher, Haushalt, Schreibwaren, Pflege, Textilien und Geschirr. Lieferung in der gesamten Schweiz.","publisher":{"@id":"https:\/\/uchitomishop.ch\/de\/#organization"},"potentialAction":[{"@type":"SearchAction","target":{"@type":"EntryPoint","urlTemplate":"https:\/\/uchitomishop.ch\/de\/?s={search_term_string}"},"query-input":{"@type":"PropertyValueSpecification","valueRequired":true,"valueName":"search_term_string"}}],"inLanguage":"de-CH"},{"@type":"Organization","@id":"https:\/\/uchitomishop.ch\/de\/#organization","name":"Uchitomishop - Japanischer Online-Shop - Lieferung in die ganze Schweiz","url":"https:\/\/uchitomishop.ch\/de\/","logo":{"@type":"ImageObject","inLanguage":"de-CH","@id":"https:\/\/uchitomishop.ch\/de\/#\/schema\/logo\/image\/","url":"https:\/\/uchitomishop.ch\/wp-content\/uploads\/2024\/04\/logo.png","contentUrl":"https:\/\/uchitomishop.ch\/wp-content\/uploads\/2024\/04\/logo.png","width":380,"height":162,"caption":"Uchitomishop - Japanischer Online-Shop - Lieferung in die ganze Schweiz"},"image":{"@id":"https:\/\/uchitomishop.ch\/de\/#\/schema\/logo\/image\/"}}]}},"_links":{"self":[{"href":"https:\/\/uchitomishop.ch\/de\/wp-json\/wp\/v2\/product\/144785","targetHints":{"allow":["GET"]}}],"collection":[{"href":"https:\/\/uchitomishop.ch\/de\/wp-json\/wp\/v2\/product"}],"about":[{"href":"https:\/\/uchitomishop.ch\/de\/wp-json\/wp\/v2\/types\/product"}],"replies":[{"embeddable":true,"href":"https:\/\/uchitomishop.ch\/de\/wp-json\/wp\/v2\/comments?post=144785"}],"wp:featuredmedia":[{"embeddable":true,"href":"https:\/\/uchitomishop.ch\/de\/wp-json\/wp\/v2\/media\/114861"}],"wp:attachment":[{"href":"https:\/\/uchitomishop.ch\/de\/wp-json\/wp\/v2\/media?parent=144785"}],"wp:term":[{"taxonomy":"product_brand","embeddable":true,"href":"https:\/\/uchitomishop.ch\/de\/wp-json\/wp\/v2\/product_brand?post=144785"},{"taxonomy":"product_cat","embeddable":true,"href":"https:\/\/uchitomishop.ch\/de\/wp-json\/wp\/v2\/product_cat?post=144785"},{"taxonomy":"product_tag","embeddable":true,"href":"https:\/\/uchitomishop.ch\/de\/wp-json\/wp\/v2\/product_tag?post=144785"}],"curies":[{"name":"wp","href":"https:\/\/api.w.org\/{rel}","templated":true}]}}