{"id":143668,"date":"2021-06-10T17:46:16","date_gmt":"2021-06-10T15:46:16","guid":{"rendered":"https:\/\/uchitomishop.ch\/produit\/ume-gum-ha-ni-tsukinikui-9p-seeteufel-23g\/"},"modified":"2026-02-02T08:43:27","modified_gmt":"2026-02-02T07:43:27","slug":"ume-gum-ha-ni-tsukinikui-9p-seeteufel-23g","status":"publish","type":"product","link":"https:\/\/uchitomishop.ch\/de\/produkt\/ume-gum-ha-ni-tsukinikui-9p-seeteufel-23g\/","title":{"rendered":"UME GUM HA NI TSUKINIKUI 9P &#171;SEETEUFEL&#187; 23G"},"content":{"rendered":"<p>Kaugummi mit japanischem Ume-Pflaumengeschmack, weniger klebrig f\u00fcr die Z\u00e4hne<\/p>\n","protected":false},"excerpt":{"rendered":"<p>Kaugummi mit japanischem Ume-Pflaumengeschmack, weniger klebrig f\u00fcr die Z\u00e4hne<\/p>\n","protected":false},"featured_media":177236,"comment_status":"open","ping_status":"closed","template":"","meta":{"_acf_changed":false},"product_brand":[],"product_cat":[456,444,445],"product_tag":[],"class_list":{"0":"post-143668","1":"product","2":"type-product","3":"status-publish","4":"has-post-thumbnail","6":"product_cat-kaugummi","7":"product_cat-lebensmittel","8":"product_cat-susigkeiten-chewing-gum","10":"first","11":"instock","12":"taxable","13":"shipping-taxable","14":"purchasable","15":"product-type-simple"},"acf":[],"yoast_head":"<!-- This site is optimized with the Yoast SEO plugin v27.0 - https:\/\/yoast.com\/product\/yoast-seo-wordpress\/ -->\n<title>UME GUM HA NI TSUKINIKUI 9P &quot;SEETEUFEL&quot; 23G - Uchitomishop - Japanischer Online-Shop - Lieferung in die ganze Schweiz<\/title>\n<meta name=\"robots\" content=\"index, follow, max-snippet:-1, max-image-preview:large, max-video-preview:-1\" \/>\n<link rel=\"canonical\" href=\"https:\/\/uchitomishop.ch\/de\/produkt\/ume-gum-ha-ni-tsukinikui-9p-seeteufel-23g\/\" \/>\n<meta property=\"og:locale\" content=\"de_DE\" \/>\n<meta property=\"og:type\" content=\"article\" \/>\n<meta property=\"og:title\" content=\"UME GUM HA NI TSUKINIKUI 9P &quot;SEETEUFEL&quot; 23G - Uchitomishop - Japanischer Online-Shop - Lieferung in die ganze Schweiz\" \/>\n<meta property=\"og:description\" content=\"Kaugummi mit japanischem Ume-Pflaumengeschmack, weniger klebrig f\u00fcr die Z\u00e4hne\" \/>\n<meta property=\"og:url\" content=\"https:\/\/uchitomishop.ch\/de\/produkt\/ume-gum-ha-ni-tsukinikui-9p-seeteufel-23g\/\" \/>\n<meta property=\"og:site_name\" content=\"Uchitomishop - Japanischer Online-Shop - Lieferung in die ganze Schweiz\" \/>\n<meta property=\"article:modified_time\" content=\"2026-02-02T07:43:27+00:00\" \/>\n<meta property=\"og:image\" content=\"https:\/\/uchitomishop.ch\/wp-content\/uploads\/2024\/11\/452049371.jpg\" \/>\n\t<meta property=\"og:image:width\" content=\"600\" \/>\n\t<meta property=\"og:image:height\" content=\"600\" \/>\n\t<meta property=\"og:image:type\" content=\"image\/jpeg\" \/>\n<meta name=\"twitter:card\" content=\"summary_large_image\" \/>\n<script type=\"application\/ld+json\" class=\"yoast-schema-graph\">{\"@context\":\"https:\/\/schema.org\",\"@graph\":[{\"@type\":\"WebPage\",\"@id\":\"https:\/\/uchitomishop.ch\/de\/produkt\/ume-gum-ha-ni-tsukinikui-9p-seeteufel-23g\/\",\"url\":\"https:\/\/uchitomishop.ch\/de\/produkt\/ume-gum-ha-ni-tsukinikui-9p-seeteufel-23g\/\",\"name\":\"UME GUM HA NI TSUKINIKUI 9P \\\"SEETEUFEL\\\" 23G - Uchitomishop - Japanischer Online-Shop - Lieferung in die ganze Schweiz\",\"isPartOf\":{\"@id\":\"https:\/\/uchitomishop.ch\/de\/#website\"},\"primaryImageOfPage\":{\"@id\":\"https:\/\/uchitomishop.ch\/de\/produkt\/ume-gum-ha-ni-tsukinikui-9p-seeteufel-23g\/#primaryimage\"},\"image\":{\"@id\":\"https:\/\/uchitomishop.ch\/de\/produkt\/ume-gum-ha-ni-tsukinikui-9p-seeteufel-23g\/#primaryimage\"},\"thumbnailUrl\":\"https:\/\/uchitomishop.ch\/wp-content\/uploads\/2024\/11\/452049371.jpg\",\"datePublished\":\"2021-06-10T15:46:16+00:00\",\"dateModified\":\"2026-02-02T07:43:27+00:00\",\"breadcrumb\":{\"@id\":\"https:\/\/uchitomishop.ch\/de\/produkt\/ume-gum-ha-ni-tsukinikui-9p-seeteufel-23g\/#breadcrumb\"},\"inLanguage\":\"de-CH\",\"potentialAction\":[{\"@type\":\"ReadAction\",\"target\":[\"https:\/\/uchitomishop.ch\/de\/produkt\/ume-gum-ha-ni-tsukinikui-9p-seeteufel-23g\/\"]}]},{\"@type\":\"ImageObject\",\"inLanguage\":\"de-CH\",\"@id\":\"https:\/\/uchitomishop.ch\/de\/produkt\/ume-gum-ha-ni-tsukinikui-9p-seeteufel-23g\/#primaryimage\",\"url\":\"https:\/\/uchitomishop.ch\/wp-content\/uploads\/2024\/11\/452049371.jpg\",\"contentUrl\":\"https:\/\/uchitomishop.ch\/wp-content\/uploads\/2024\/11\/452049371.jpg\",\"width\":600,\"height\":600},{\"@type\":\"BreadcrumbList\",\"@id\":\"https:\/\/uchitomishop.ch\/de\/produkt\/ume-gum-ha-ni-tsukinikui-9p-seeteufel-23g\/#breadcrumb\",\"itemListElement\":[{\"@type\":\"ListItem\",\"position\":1,\"name\":\"Accueil\",\"item\":\"https:\/\/uchitomishop.ch\/de\/homepage\/\"},{\"@type\":\"ListItem\",\"position\":2,\"name\":\"Shop\",\"item\":\"https:\/\/uchitomishop.ch\/de\/shop\/\"},{\"@type\":\"ListItem\",\"position\":3,\"name\":\"UME GUM HA NI TSUKINIKUI 9P \u00ab\u00a0SEETEUFEL\u00a0\u00bb 23G\"}]},{\"@type\":\"WebSite\",\"@id\":\"https:\/\/uchitomishop.ch\/de\/#website\",\"url\":\"https:\/\/uchitomishop.ch\/de\/\",\"name\":\"Uchitomishop - Magasin en ligne Japonais - Livraison dans toute la Suisse\",\"description\":\"Japanisches Online-Gesch\u00e4ft. Entdecken Sie alle unsere japanischen Produkte: Lebensmittel, K\u00fcche, B\u00fccher, Haushalt, Schreibwaren, Pflege, Textilien und Geschirr. Lieferung in der gesamten Schweiz.\",\"publisher\":{\"@id\":\"https:\/\/uchitomishop.ch\/de\/#organization\"},\"potentialAction\":[{\"@type\":\"SearchAction\",\"target\":{\"@type\":\"EntryPoint\",\"urlTemplate\":\"https:\/\/uchitomishop.ch\/de\/?s={search_term_string}\"},\"query-input\":{\"@type\":\"PropertyValueSpecification\",\"valueRequired\":true,\"valueName\":\"search_term_string\"}}],\"inLanguage\":\"de-CH\"},{\"@type\":\"Organization\",\"@id\":\"https:\/\/uchitomishop.ch\/de\/#organization\",\"name\":\"Uchitomishop - Japanischer Online-Shop - Lieferung in die ganze Schweiz\",\"url\":\"https:\/\/uchitomishop.ch\/de\/\",\"logo\":{\"@type\":\"ImageObject\",\"inLanguage\":\"de-CH\",\"@id\":\"https:\/\/uchitomishop.ch\/de\/#\/schema\/logo\/image\/\",\"url\":\"https:\/\/uchitomishop.ch\/wp-content\/uploads\/2024\/04\/logo.png\",\"contentUrl\":\"https:\/\/uchitomishop.ch\/wp-content\/uploads\/2024\/04\/logo.png\",\"width\":380,\"height\":162,\"caption\":\"Uchitomishop - Japanischer Online-Shop - Lieferung in die ganze Schweiz\"},\"image\":{\"@id\":\"https:\/\/uchitomishop.ch\/de\/#\/schema\/logo\/image\/\"}}]}<\/script>\n<!-- \/ Yoast SEO plugin. -->","yoast_head_json":{"title":"UME GUM HA NI TSUKINIKUI 9P \"SEETEUFEL\" 23G - Uchitomishop - Japanischer Online-Shop - Lieferung in die ganze Schweiz","robots":{"index":"index","follow":"follow","max-snippet":"max-snippet:-1","max-image-preview":"max-image-preview:large","max-video-preview":"max-video-preview:-1"},"canonical":"https:\/\/uchitomishop.ch\/de\/produkt\/ume-gum-ha-ni-tsukinikui-9p-seeteufel-23g\/","og_locale":"de_DE","og_type":"article","og_title":"UME GUM HA NI TSUKINIKUI 9P \"SEETEUFEL\" 23G - Uchitomishop - Japanischer Online-Shop - Lieferung in die ganze Schweiz","og_description":"Kaugummi mit japanischem Ume-Pflaumengeschmack, weniger klebrig f\u00fcr die Z\u00e4hne","og_url":"https:\/\/uchitomishop.ch\/de\/produkt\/ume-gum-ha-ni-tsukinikui-9p-seeteufel-23g\/","og_site_name":"Uchitomishop - Japanischer Online-Shop - Lieferung in die ganze Schweiz","article_modified_time":"2026-02-02T07:43:27+00:00","og_image":[{"width":600,"height":600,"url":"https:\/\/uchitomishop.ch\/wp-content\/uploads\/2024\/11\/452049371.jpg","type":"image\/jpeg"}],"twitter_card":"summary_large_image","schema":{"@context":"https:\/\/schema.org","@graph":[{"@type":"WebPage","@id":"https:\/\/uchitomishop.ch\/de\/produkt\/ume-gum-ha-ni-tsukinikui-9p-seeteufel-23g\/","url":"https:\/\/uchitomishop.ch\/de\/produkt\/ume-gum-ha-ni-tsukinikui-9p-seeteufel-23g\/","name":"UME GUM HA NI TSUKINIKUI 9P \"SEETEUFEL\" 23G - Uchitomishop - Japanischer Online-Shop - Lieferung in die ganze Schweiz","isPartOf":{"@id":"https:\/\/uchitomishop.ch\/de\/#website"},"primaryImageOfPage":{"@id":"https:\/\/uchitomishop.ch\/de\/produkt\/ume-gum-ha-ni-tsukinikui-9p-seeteufel-23g\/#primaryimage"},"image":{"@id":"https:\/\/uchitomishop.ch\/de\/produkt\/ume-gum-ha-ni-tsukinikui-9p-seeteufel-23g\/#primaryimage"},"thumbnailUrl":"https:\/\/uchitomishop.ch\/wp-content\/uploads\/2024\/11\/452049371.jpg","datePublished":"2021-06-10T15:46:16+00:00","dateModified":"2026-02-02T07:43:27+00:00","breadcrumb":{"@id":"https:\/\/uchitomishop.ch\/de\/produkt\/ume-gum-ha-ni-tsukinikui-9p-seeteufel-23g\/#breadcrumb"},"inLanguage":"de-CH","potentialAction":[{"@type":"ReadAction","target":["https:\/\/uchitomishop.ch\/de\/produkt\/ume-gum-ha-ni-tsukinikui-9p-seeteufel-23g\/"]}]},{"@type":"ImageObject","inLanguage":"de-CH","@id":"https:\/\/uchitomishop.ch\/de\/produkt\/ume-gum-ha-ni-tsukinikui-9p-seeteufel-23g\/#primaryimage","url":"https:\/\/uchitomishop.ch\/wp-content\/uploads\/2024\/11\/452049371.jpg","contentUrl":"https:\/\/uchitomishop.ch\/wp-content\/uploads\/2024\/11\/452049371.jpg","width":600,"height":600},{"@type":"BreadcrumbList","@id":"https:\/\/uchitomishop.ch\/de\/produkt\/ume-gum-ha-ni-tsukinikui-9p-seeteufel-23g\/#breadcrumb","itemListElement":[{"@type":"ListItem","position":1,"name":"Accueil","item":"https:\/\/uchitomishop.ch\/de\/homepage\/"},{"@type":"ListItem","position":2,"name":"Shop","item":"https:\/\/uchitomishop.ch\/de\/shop\/"},{"@type":"ListItem","position":3,"name":"UME GUM HA NI TSUKINIKUI 9P \u00ab\u00a0SEETEUFEL\u00a0\u00bb 23G"}]},{"@type":"WebSite","@id":"https:\/\/uchitomishop.ch\/de\/#website","url":"https:\/\/uchitomishop.ch\/de\/","name":"Uchitomishop - Magasin en ligne Japonais - Livraison dans toute la Suisse","description":"Japanisches Online-Gesch\u00e4ft. Entdecken Sie alle unsere japanischen Produkte: Lebensmittel, K\u00fcche, B\u00fccher, Haushalt, Schreibwaren, Pflege, Textilien und Geschirr. Lieferung in der gesamten Schweiz.","publisher":{"@id":"https:\/\/uchitomishop.ch\/de\/#organization"},"potentialAction":[{"@type":"SearchAction","target":{"@type":"EntryPoint","urlTemplate":"https:\/\/uchitomishop.ch\/de\/?s={search_term_string}"},"query-input":{"@type":"PropertyValueSpecification","valueRequired":true,"valueName":"search_term_string"}}],"inLanguage":"de-CH"},{"@type":"Organization","@id":"https:\/\/uchitomishop.ch\/de\/#organization","name":"Uchitomishop - Japanischer Online-Shop - Lieferung in die ganze Schweiz","url":"https:\/\/uchitomishop.ch\/de\/","logo":{"@type":"ImageObject","inLanguage":"de-CH","@id":"https:\/\/uchitomishop.ch\/de\/#\/schema\/logo\/image\/","url":"https:\/\/uchitomishop.ch\/wp-content\/uploads\/2024\/04\/logo.png","contentUrl":"https:\/\/uchitomishop.ch\/wp-content\/uploads\/2024\/04\/logo.png","width":380,"height":162,"caption":"Uchitomishop - Japanischer Online-Shop - Lieferung in die ganze Schweiz"},"image":{"@id":"https:\/\/uchitomishop.ch\/de\/#\/schema\/logo\/image\/"}}]}},"_links":{"self":[{"href":"https:\/\/uchitomishop.ch\/de\/wp-json\/wp\/v2\/product\/143668","targetHints":{"allow":["GET"]}}],"collection":[{"href":"https:\/\/uchitomishop.ch\/de\/wp-json\/wp\/v2\/product"}],"about":[{"href":"https:\/\/uchitomishop.ch\/de\/wp-json\/wp\/v2\/types\/product"}],"replies":[{"embeddable":true,"href":"https:\/\/uchitomishop.ch\/de\/wp-json\/wp\/v2\/comments?post=143668"}],"wp:featuredmedia":[{"embeddable":true,"href":"https:\/\/uchitomishop.ch\/de\/wp-json\/wp\/v2\/media\/177236"}],"wp:attachment":[{"href":"https:\/\/uchitomishop.ch\/de\/wp-json\/wp\/v2\/media?parent=143668"}],"wp:term":[{"taxonomy":"product_brand","embeddable":true,"href":"https:\/\/uchitomishop.ch\/de\/wp-json\/wp\/v2\/product_brand?post=143668"},{"taxonomy":"product_cat","embeddable":true,"href":"https:\/\/uchitomishop.ch\/de\/wp-json\/wp\/v2\/product_cat?post=143668"},{"taxonomy":"product_tag","embeddable":true,"href":"https:\/\/uchitomishop.ch\/de\/wp-json\/wp\/v2\/product_tag?post=143668"}],"curies":[{"name":"wp","href":"https:\/\/api.w.org\/{rel}","templated":true}]}}