{"id":210420,"date":"2025-11-07T10:04:57","date_gmt":"2025-11-07T09:04:57","guid":{"rendered":"https:\/\/uchitomishop.ch\/rechtliche-hinweise\/"},"modified":"2025-11-07T10:06:46","modified_gmt":"2025-11-07T09:06:46","slug":"rechtliche-hinweise","status":"publish","type":"page","link":"https:\/\/uchitomishop.ch\/de\/rechtliche-hinweise\/","title":{"rendered":"Rechtliche Hinweise"},"content":{"rendered":"\n<p>Diese Website wird von Uchitomi SA, Rue Ferrier 13-15, 1202 Genf, betrieben. Das Unternehmen ist im Handelsregister unter der Nummer CHE-107.336.890 registriert.<\/p>\n\n<p>Sie k\u00f6nnen uns per E-Mail unter <a href=\"mailto:shop@uchitomi.ch\">shop@uchitomi.ch<\/a> und unter der folgenden Telefonnummer erreichen: 022 731 26 01.<\/p>\n\n<p>Durch die Nutzung und Navigation auf unserer Website erkl\u00e4ren Sie sich damit einverstanden, dass Sie an unsere rechtlichen Hinweise gebunden sind.<\/p>\n\n<p><strong>GEISTIGES EIGENTUM<\/strong><\/p>\n\n<p>Der Inhalt unserer Website, ihre allgemeine Struktur, die Fotografien und Bilder, Videos, Infografiken, Texte und andere Materialien, aus denen unsere Website besteht, sind unser alleiniges Eigentum oder werden mit Genehmigung der Autoren verwendet und sind durch Urheberrechte, Markenrechte und andere Rechte an geistigem Eigentum gesch\u00fctzt.<\/p>\n\n<p>Die vollst\u00e4ndige oder teilweise Darstellung oder Vervielf\u00e4ltigung unserer Website oder ihres Inhalts durch ein beliebiges Verfahren ohne unsere vorherige ausdr\u00fcckliche Genehmigung ist untersagt und stellt eine gesetzlich strafbare F\u00e4lschung dar.<\/p>\n\n<p><strong>NUTZUNGSLIZENZ<\/strong><\/p>\n\n<p>Das dem Nutzer auf unserer Website gew\u00e4hrte Nutzungsrecht ist pers\u00f6nlich und privat. Jede Darstellung, Vervielf\u00e4ltigung, Verbreitung oder sonstige Nutzung des Inhalts der Website auf einem beliebigen Tr\u00e4ger f\u00fcr eine kommerzielle Nutzung ist untersagt. Das Nutzungsrecht umfasst lediglich die Erlaubnis, die Website und ihren Inhalt einzusehen. Jede andere Nutzung bedarf unserer vorherigen ausdr\u00fccklichen Genehmigung.   <\/p>\n\n<p><strong>BESCHR\u00c4NKUNG DER HAFTUNG<\/strong><\/p>\n\n<p>Obwohl wir bei der Erstellung unserer Website gro\u00dfe Sorgfalt walten lassen, k\u00f6nnen wir nicht f\u00fcr die Richtigkeit und Vollst\u00e4ndigkeit der ver\u00f6ffentlichten Informationen garantieren. Dar\u00fcber hinaus sind die Fotos und Texte, die die Produkte auf der Website illustrieren und beschreiben, unverbindlich und dienen nur zu Informationszwecken. <\/p>\n\n<p>Wir k\u00f6nnen auch nicht garantieren, dass die Website und\/oder die Server, auf denen sie gehostet wird, ohne Unterbrechungen, Fehlfunktionen, Fehler, Viren oder andere sch\u00e4dliche Komponenten funktionieren oder dass solche Probleme gel\u00f6st werden k\u00f6nnen und werden.<\/p>\n\n<p>Durch die Nutzung und das Browsen auf unserer Website stimmen Sie ausdr\u00fccklich den Beschr\u00e4nkungen unserer Haftung zu, die sich aus der Nutzung unserer Website ergeben k\u00f6nnen.<\/p>\n\n<p><strong>LINKS ZU ANDEREN WEBSITES<\/strong><\/p>\n\n<p>Die Website kann auf andere Websites Dritter verweisen, die nicht unter unserer Kontrolle stehen. Wir \u00fcbernehmen keine Verantwortung f\u00fcr den Inhalt von Websites Dritter und Verweise von unserer Website auf Websites Dritter stellen keine Empfehlung oder Billigung der dort ge\u00e4u\u00dferten Meinungen dar. <\/p>\n\n<p><strong>DATENSCHUTZ<\/strong><\/p>\n\n<p>Wir verpflichten uns, Ihre pers\u00f6nlichen Daten zu respektieren. Weitere Informationen dar\u00fcber, wie wir Ihre Daten sammeln, verwenden und weitergeben, finden Sie in unserer <a href=\"https:\/\/uchitomishop.ch\/de\/datenschutzrichtlinie\/\">Datenschutzerkl\u00e4rung<\/a>. <\/p>\n\n<p>Uchitomi SA &#8211; August 2025<a id=\"_msocom_1\"><\/a><\/p>\n","protected":false},"excerpt":{"rendered":"<p>Diese Website wird von Uchitomi SA, Rue Ferrier 13-15, 1202 Genf, betrieben. Das Unternehmen ist im Handelsregister unter der Nummer CHE-107.336.890 registriert. Sie k\u00f6nnen uns per E-Mail unter shop@uchitomi.ch und unter der folgenden Telefonnummer erreichen: 022 731 26 01. Durch die Nutzung und Navigation auf unserer Website erkl\u00e4ren Sie sich damit einverstanden, dass Sie an [&hellip;]<\/p>\n","protected":false},"author":1,"featured_media":0,"parent":0,"menu_order":0,"comment_status":"closed","ping_status":"closed","template":"","meta":{"_acf_changed":false,"footnotes":""},"class_list":["post-210420","page","type-page","status-publish","hentry"],"acf":[],"yoast_head":"<!-- This site is optimized with the Yoast SEO plugin v27.5 - https:\/\/yoast.com\/product\/yoast-seo-wordpress\/ -->\n<title>Rechtliche Hinweise - Uchitomishop - Japanischer Online-Shop - Lieferung in die ganze Schweiz<\/title>\n<meta name=\"robots\" content=\"index, follow, max-snippet:-1, max-image-preview:large, max-video-preview:-1\" \/>\n<link rel=\"canonical\" href=\"https:\/\/uchitomishop.ch\/de\/rechtliche-hinweise\/\" \/>\n<meta property=\"og:locale\" content=\"de_DE\" \/>\n<meta property=\"og:type\" content=\"article\" \/>\n<meta property=\"og:title\" content=\"Rechtliche Hinweise - Uchitomishop - Japanischer Online-Shop - Lieferung in die ganze Schweiz\" \/>\n<meta property=\"og:description\" content=\"Diese Website wird von Uchitomi SA, Rue Ferrier 13-15, 1202 Genf, betrieben. Das Unternehmen ist im Handelsregister unter der Nummer CHE-107.336.890 registriert. Sie k\u00f6nnen uns per E-Mail unter shop@uchitomi.ch und unter der folgenden Telefonnummer erreichen: 022 731 26 01. Durch die Nutzung und Navigation auf unserer Website erkl\u00e4ren Sie sich damit einverstanden, dass Sie an [&hellip;]\" \/>\n<meta property=\"og:url\" content=\"https:\/\/uchitomishop.ch\/de\/rechtliche-hinweise\/\" \/>\n<meta property=\"og:site_name\" content=\"Uchitomishop - Japanischer Online-Shop - Lieferung in die ganze Schweiz\" \/>\n<meta property=\"article:modified_time\" content=\"2025-11-07T09:06:46+00:00\" \/>\n<meta name=\"twitter:card\" content=\"summary_large_image\" \/>\n<meta name=\"twitter:label1\" content=\"Gesch\u00e4tzte Lesezeit\" \/>\n\t<meta name=\"twitter:data1\" content=\"2\u00a0Minuten\" \/>\n<script type=\"application\/ld+json\" class=\"yoast-schema-graph\">{\"@context\":\"https:\\\/\\\/schema.org\",\"@graph\":[{\"@type\":\"WebPage\",\"@id\":\"https:\\\/\\\/uchitomishop.ch\\\/de\\\/rechtliche-hinweise\\\/\",\"url\":\"https:\\\/\\\/uchitomishop.ch\\\/de\\\/rechtliche-hinweise\\\/\",\"name\":\"Rechtliche Hinweise - Uchitomishop - Japanischer Online-Shop - Lieferung in die ganze Schweiz\",\"isPartOf\":{\"@id\":\"https:\\\/\\\/uchitomishop.ch\\\/de\\\/#website\"},\"datePublished\":\"2025-11-07T09:04:57+00:00\",\"dateModified\":\"2025-11-07T09:06:46+00:00\",\"breadcrumb\":{\"@id\":\"https:\\\/\\\/uchitomishop.ch\\\/de\\\/rechtliche-hinweise\\\/#breadcrumb\"},\"inLanguage\":\"de-CH\",\"potentialAction\":[{\"@type\":\"ReadAction\",\"target\":[\"https:\\\/\\\/uchitomishop.ch\\\/de\\\/rechtliche-hinweise\\\/\"]}]},{\"@type\":\"BreadcrumbList\",\"@id\":\"https:\\\/\\\/uchitomishop.ch\\\/de\\\/rechtliche-hinweise\\\/#breadcrumb\",\"itemListElement\":[{\"@type\":\"ListItem\",\"position\":1,\"name\":\"Accueil\",\"item\":\"https:\\\/\\\/uchitomishop.ch\\\/de\\\/homepage\\\/\"},{\"@type\":\"ListItem\",\"position\":2,\"name\":\"Rechtliche Hinweise\"}]},{\"@type\":\"WebSite\",\"@id\":\"https:\\\/\\\/uchitomishop.ch\\\/de\\\/#website\",\"url\":\"https:\\\/\\\/uchitomishop.ch\\\/de\\\/\",\"name\":\"Uchitomishop - Magasin en ligne Japonais - Livraison dans toute la Suisse\",\"description\":\"Japanisches Online-Gesch\u00e4ft. Entdecken Sie alle unsere japanischen Produkte: Lebensmittel, K\u00fcche, B\u00fccher, Haushalt, Schreibwaren, Pflege, Textilien und Geschirr. Lieferung in der gesamten Schweiz.\",\"publisher\":{\"@id\":\"https:\\\/\\\/uchitomishop.ch\\\/de\\\/#organization\"},\"potentialAction\":[{\"@type\":\"SearchAction\",\"target\":{\"@type\":\"EntryPoint\",\"urlTemplate\":\"https:\\\/\\\/uchitomishop.ch\\\/de\\\/?s={search_term_string}\"},\"query-input\":{\"@type\":\"PropertyValueSpecification\",\"valueRequired\":true,\"valueName\":\"search_term_string\"}}],\"inLanguage\":\"de-CH\"},{\"@type\":\"Organization\",\"@id\":\"https:\\\/\\\/uchitomishop.ch\\\/de\\\/#organization\",\"name\":\"Uchitomishop - Japanischer Online-Shop - Lieferung in die ganze Schweiz\",\"url\":\"https:\\\/\\\/uchitomishop.ch\\\/de\\\/\",\"logo\":{\"@type\":\"ImageObject\",\"inLanguage\":\"de-CH\",\"@id\":\"https:\\\/\\\/uchitomishop.ch\\\/de\\\/#\\\/schema\\\/logo\\\/image\\\/\",\"url\":\"https:\\\/\\\/uchitomishop.ch\\\/wp-content\\\/uploads\\\/2024\\\/04\\\/logo.png\",\"contentUrl\":\"https:\\\/\\\/uchitomishop.ch\\\/wp-content\\\/uploads\\\/2024\\\/04\\\/logo.png\",\"width\":380,\"height\":162,\"caption\":\"Uchitomishop - Japanischer Online-Shop - Lieferung in die ganze Schweiz\"},\"image\":{\"@id\":\"https:\\\/\\\/uchitomishop.ch\\\/de\\\/#\\\/schema\\\/logo\\\/image\\\/\"}}]}<\/script>\n<!-- \/ Yoast SEO plugin. -->","yoast_head_json":{"title":"Rechtliche Hinweise - Uchitomishop - Japanischer Online-Shop - Lieferung in die ganze Schweiz","robots":{"index":"index","follow":"follow","max-snippet":"max-snippet:-1","max-image-preview":"max-image-preview:large","max-video-preview":"max-video-preview:-1"},"canonical":"https:\/\/uchitomishop.ch\/de\/rechtliche-hinweise\/","og_locale":"de_DE","og_type":"article","og_title":"Rechtliche Hinweise - Uchitomishop - Japanischer Online-Shop - Lieferung in die ganze Schweiz","og_description":"Diese Website wird von Uchitomi SA, Rue Ferrier 13-15, 1202 Genf, betrieben. Das Unternehmen ist im Handelsregister unter der Nummer CHE-107.336.890 registriert. Sie k\u00f6nnen uns per E-Mail unter shop@uchitomi.ch und unter der folgenden Telefonnummer erreichen: 022 731 26 01. Durch die Nutzung und Navigation auf unserer Website erkl\u00e4ren Sie sich damit einverstanden, dass Sie an [&hellip;]","og_url":"https:\/\/uchitomishop.ch\/de\/rechtliche-hinweise\/","og_site_name":"Uchitomishop - Japanischer Online-Shop - Lieferung in die ganze Schweiz","article_modified_time":"2025-11-07T09:06:46+00:00","twitter_card":"summary_large_image","twitter_misc":{"Gesch\u00e4tzte Lesezeit":"2\u00a0Minuten"},"schema":{"@context":"https:\/\/schema.org","@graph":[{"@type":"WebPage","@id":"https:\/\/uchitomishop.ch\/de\/rechtliche-hinweise\/","url":"https:\/\/uchitomishop.ch\/de\/rechtliche-hinweise\/","name":"Rechtliche Hinweise - Uchitomishop - Japanischer Online-Shop - Lieferung in die ganze Schweiz","isPartOf":{"@id":"https:\/\/uchitomishop.ch\/de\/#website"},"datePublished":"2025-11-07T09:04:57+00:00","dateModified":"2025-11-07T09:06:46+00:00","breadcrumb":{"@id":"https:\/\/uchitomishop.ch\/de\/rechtliche-hinweise\/#breadcrumb"},"inLanguage":"de-CH","potentialAction":[{"@type":"ReadAction","target":["https:\/\/uchitomishop.ch\/de\/rechtliche-hinweise\/"]}]},{"@type":"BreadcrumbList","@id":"https:\/\/uchitomishop.ch\/de\/rechtliche-hinweise\/#breadcrumb","itemListElement":[{"@type":"ListItem","position":1,"name":"Accueil","item":"https:\/\/uchitomishop.ch\/de\/homepage\/"},{"@type":"ListItem","position":2,"name":"Rechtliche Hinweise"}]},{"@type":"WebSite","@id":"https:\/\/uchitomishop.ch\/de\/#website","url":"https:\/\/uchitomishop.ch\/de\/","name":"Uchitomishop - Magasin en ligne Japonais - Livraison dans toute la Suisse","description":"Japanisches Online-Gesch\u00e4ft. Entdecken Sie alle unsere japanischen Produkte: Lebensmittel, K\u00fcche, B\u00fccher, Haushalt, Schreibwaren, Pflege, Textilien und Geschirr. Lieferung in der gesamten Schweiz.","publisher":{"@id":"https:\/\/uchitomishop.ch\/de\/#organization"},"potentialAction":[{"@type":"SearchAction","target":{"@type":"EntryPoint","urlTemplate":"https:\/\/uchitomishop.ch\/de\/?s={search_term_string}"},"query-input":{"@type":"PropertyValueSpecification","valueRequired":true,"valueName":"search_term_string"}}],"inLanguage":"de-CH"},{"@type":"Organization","@id":"https:\/\/uchitomishop.ch\/de\/#organization","name":"Uchitomishop - Japanischer Online-Shop - Lieferung in die ganze Schweiz","url":"https:\/\/uchitomishop.ch\/de\/","logo":{"@type":"ImageObject","inLanguage":"de-CH","@id":"https:\/\/uchitomishop.ch\/de\/#\/schema\/logo\/image\/","url":"https:\/\/uchitomishop.ch\/wp-content\/uploads\/2024\/04\/logo.png","contentUrl":"https:\/\/uchitomishop.ch\/wp-content\/uploads\/2024\/04\/logo.png","width":380,"height":162,"caption":"Uchitomishop - Japanischer Online-Shop - Lieferung in die ganze Schweiz"},"image":{"@id":"https:\/\/uchitomishop.ch\/de\/#\/schema\/logo\/image\/"}}]}},"_links":{"self":[{"href":"https:\/\/uchitomishop.ch\/de\/wp-json\/wp\/v2\/pages\/210420","targetHints":{"allow":["GET"]}}],"collection":[{"href":"https:\/\/uchitomishop.ch\/de\/wp-json\/wp\/v2\/pages"}],"about":[{"href":"https:\/\/uchitomishop.ch\/de\/wp-json\/wp\/v2\/types\/page"}],"author":[{"embeddable":true,"href":"https:\/\/uchitomishop.ch\/de\/wp-json\/wp\/v2\/users\/1"}],"replies":[{"embeddable":true,"href":"https:\/\/uchitomishop.ch\/de\/wp-json\/wp\/v2\/comments?post=210420"}],"version-history":[{"count":1,"href":"https:\/\/uchitomishop.ch\/de\/wp-json\/wp\/v2\/pages\/210420\/revisions"}],"predecessor-version":[{"id":210421,"href":"https:\/\/uchitomishop.ch\/de\/wp-json\/wp\/v2\/pages\/210420\/revisions\/210421"}],"wp:attachment":[{"href":"https:\/\/uchitomishop.ch\/de\/wp-json\/wp\/v2\/media?parent=210420"}],"curies":[{"name":"wp","href":"https:\/\/api.w.org\/{rel}","templated":true}]}}