{"id":143786,"date":"2021-07-20T17:27:16","date_gmt":"2021-07-20T15:27:16","guid":{"rendered":"https:\/\/uchitomishop.ch\/datenschutzrichtlinie\/"},"modified":"2025-11-07T10:16:17","modified_gmt":"2025-11-07T09:16:17","slug":"datenschutzrichtlinie","status":"publish","type":"page","link":"https:\/\/uchitomishop.ch\/de\/datenschutzrichtlinie\/","title":{"rendered":"Datenschutzerkl\u00e4rung"},"content":{"rendered":"\n<p>Uchitomi SA, Rue Ferrier 13-15, 1202 Genf ist der Verantwortliche f\u00fcr die Verarbeitung Ihrer pers\u00f6nlichen Daten, die im Rahmen dieses Datenschutzhinweises gesammelt werden.<\/p>\n\n<p>Wir respektieren Ihre Privatsph\u00e4re und verpflichten uns zu vollst\u00e4ndiger Transparenz dar\u00fcber, wie wir Ihre pers\u00f6nlichen Daten sammeln, verwenden und weitergeben.<\/p>\n\n<p>Diese Datenschutzerkl\u00e4rung informiert Sie dar\u00fcber, wie wir mit den pers\u00f6nlichen Daten umgehen, die wir von Ihnen erheben, die Sie uns zur Verf\u00fcgung stellen oder die wir aus anderen Quellen erhalten k\u00f6nnen. Dazu geh\u00f6ren die verschiedenen Arten, wie Sie mit uns interagieren, z.B. pers\u00f6nlich, per E-Mail oder Telefon, \u00fcber unsere beiden Websites<a href=\"http:\/\/www.uchitomi.ch\">(www.uchitomi.ch<\/a> und <a href=\"http:\/\/www.uchitomishop.ch\">www.uchitomishop.ch)<\/a> oder \u00fcber unsere Seiten in den sozialen Netzwerken. <\/p>\n\n<p>Wenn Sie Fragen zu Ihren pers\u00f6nlichen Daten haben, k\u00f6nnen Sie sich jederzeit per E-Mail an uns wenden: <a href=\"mailto:shop@uchitomi.ch\">shop@uchitomi.ch<\/a>.  <\/p>\n\n<p>Diese Datenschutzerkl\u00e4rung dient dem Zweck :<\/p>\n\n<p>&#8211; die pers\u00f6nlichen Daten, die wir von Ihnen sammeln, aufzulisten;<\/p>\n\n<p>&#8211; den Zweck der Verarbeitung dieser Daten zu erl\u00e4utern und anzugeben, auf welcher rechtlichen Grundlage wir diese Daten verarbeiten;<\/p>\n\n<p>&#8211; zu identifizieren, mit wem diese Daten geteilt werden und ob sie ins Ausland \u00fcbertragen werden;<\/p>\n\n<p>&#8211; die Sicherheitsma\u00dfnahmen, die wir in Bezug auf diese Daten ergreifen, zu nennen;<\/p>\n\n<p>&#8211; Sie \u00fcber Ihre Rechte in Bezug auf Ihre pers\u00f6nlichen Daten zu informieren und dar\u00fcber, wie Sie diese Rechte aus\u00fcben k\u00f6nnen.  <\/p>\n\n<p><strong>UNSERE DATENSCHUTZERKL\u00c4RUNG<\/strong><\/p>\n\n<p>Indem Sie mit uns interagieren oder uns Ihre pers\u00f6nlichen Daten zur Verf\u00fcgung stellen, erkl\u00e4ren Sie sich mit den in dieser Datenschutzerkl\u00e4rung beschriebenen Regeln einverstanden. Wenn Sie mit diesen Regeln nicht einverstanden sind, nutzen oder besuchen Sie unsere Website bitte nicht und stellen Sie uns Ihre pers\u00f6nlichen Daten nicht zur Verf\u00fcgung. <\/p>\n\n<p><br\/>Uchitomi SA beh\u00e4lt sich das Recht vor, \u00c4nderungen an diesem Datenschutzhinweis vorzunehmen, die mit der Ver\u00f6ffentlichung auf unserer Webseite wirksam werden. Bitte besuchen Sie unsere Webseite regelm\u00e4\u00dfig, um sich \u00fcber \u00c4nderungen zu informieren. <\/p>\n\n<p><strong>WELCHE PERS\u00d6NLICHEN DATEN SAMMELN WIR?<\/strong><\/p>\n\n<p>Wenn Sie mit uns interagieren, z.B. \u00fcber unsere Webseiten, unsere Konten in sozialen Medien, per E-Mail oder Telefon, wenn Sie unsere physischen R\u00e4umlichkeiten besuchen oder bei Veranstaltungen, k\u00f6nnen wir Ihre pers\u00f6nlichen Daten erfassen.<\/p>\n\n<p>Wir sammeln nur pers\u00f6nliche Daten, die Sie uns zur Verf\u00fcgung stellen, die sich aus Ihren Handlungen auf unseren Webseiten ergeben und\/oder die wir ben\u00f6tigen, um Ihnen unser Produktangebot anzubieten oder zu verbessern, oder auf der Grundlage eines anderen berechtigten Interesses:<\/p>\n\n<ul class=\"wp-block-list\">\n<li><strong>Kontakt-, Identifikations- und Standortinformationen<\/strong> wie Name, Vorname, physische und\/oder elektronische Adresse, Telefonnummer, Wahl des Gesch\u00e4fts f\u00fcr die Abholung der Bestellung sowie Kommunikationsmetadaten wie Ihre IP-Adresse, Zeitsignatur und m\u00f6glicherweise Informationen \u00fcber Ihren geografischen Standort;<\/li>\n\n\n\n<li><strong>Informationen zur Identifizierung und Authentifizierung<\/strong> im Zusammenhang mit der Er\u00f6ffnung eines Kontos, wie Name, Vorname, E-Mail-Adresse und\/oder Kontokennung und Passwort;<\/li>\n\n\n\n<li><strong>Sicherheitsinformationen<\/strong>, wie Fotos oder Videobilder von Ihnen, wenn Sie unsere Gesch\u00e4fte und Restaurants besuchen, die von unseren \u00dcberwachungskameras aufgenommen wurden;<\/li>\n\n\n\n<li><strong>Transaktionsinformationen<\/strong> wie Zahlungsdetails (z.B. Kreditkarten- oder Bankkontonummern), Kaufhistorie und Rechnungsadresse;<\/li>\n\n\n\n<li><strong>Informationen aus Ihren Konten in sozialen Medien<\/strong>, wie Profile, Fotos, Videos, Stories, Kommentare und andere von Ihnen generierte Inhalte, in denen unsere Marken und\/oder Dienstleistungen erw\u00e4hnt werden oder erscheinen, wenn Sie einem dritten sozialen Netzwerk erlauben, Ihre pers\u00f6nlichen Daten mit uns zu teilen, oder wenn Sie eine Funktion\u0301 eines sozialen Netzwerks nutzen, die in eine unserer Webseiten integriert ist ;<\/li>\n\n\n\n<li><strong>Berufliche Informationen<\/strong>, wenn Sie sich auf ein Stellenangebot oder eine Initiativbewerbung hin bewerben, wie z. B. fr\u00fchere Berufserfahrungen, besuchte Bildungseinrichtungen, Referenzen oder Zertifizierungen;<\/li>\n<\/ul>\n\n<p>Wir verwenden auch Cookies und andere Tracking-Technologien, die bestimmte Arten von Informationen sammeln, wenn Sie mit unseren Websites interagieren oder unsere E-Mails \u00f6ffnen, wie z.B. IP-Adressen, Standort, Ger\u00e4te oder Browserpr\u00e4ferenzen, Betriebssystem, Quelle, Dauer des Besuchs, aufgerufene Seiten usw. Wir verwenden Cookies und andere Tracking-Technologien, die bestimmte Arten von Informationen sammeln, wenn Sie mit unseren Websites interagieren oder unsere E-Mails \u00f6ffnen. F\u00fcr weitere Informationen lesen Sie bitte unsere <a href=\"https:\/\/uchitomishop.ch\/de\/cookie-richtlinie\/\">Cookie-Richtlinie<\/a>.   <\/p>\n\n<p>Wir sammeln diese Daten direkt von Ihnen, wenn Sie sie uns mitteilen oder direkt mit uns interagieren.<\/p>\n\n<p>Wir k\u00f6nnen auch personenbezogene Daten sammeln, die insbesondere von Plattformen sozialer Netzwerke stammen. Diese Daten k\u00f6nnen pers\u00f6nliche Daten aus Ihrem Profil in einem sozialen Netzwerk umfassen, deren Weitergabe an uns Sie diesem Netzwerk gem\u00e4\u00df seinen Regeln gestatten. <\/p>\n\n<p>Nur f\u00fcr die Personalbeschaffung k\u00f6nnen wir Ihre pers\u00f6nlichen Daten \u00fcber Drittunternehmen, wie z.B. Personalvermittlungsagenturen, sammeln.<\/p>\n\n<p><strong>WARUM SAMMELN WIR IHRE PERS\u00d6NLICHEN DATEN UND AUF WELCHER RECHTLICHEN GRUNDLAGE?<\/strong><\/p>\n\n<p>Wir sammeln und verwenden Ihre pers\u00f6nlichen Daten, um :<\/p>\n\n<ul class=\"wp-block-list\">\n<li>Ihre Fragen und Informationsanfragen zu beantworten;<\/li>\n\n\n\n<li>um Ihnen unser Angebot an Produkten und Dienstleistungen zur Verf\u00fcgung zu stellen;<\/li>\n\n\n\n<li>um gesch\u00e4ftliche Transaktionen mit Ihnen durchzuf\u00fchren, wenn Sie unsere Produkte kaufen;<\/li>\n\n\n\n<li>unser Treueprogramm zu verwalten, wenn Sie sich daf\u00fcr angemeldet haben;<\/li>\n\n\n\n<li>auf unaufgeforderte Bewerbungen oder andere Anfragen zu reagieren;<\/li>\n\n\n\n<li>die Sicherheit und Wartung unserer Webseiten und die Sicherheit unserer Mitarbeiter und Kunden zu gew\u00e4hrleisten;<\/li>\n\n\n\n<li>Aufzeichnungen \u00fcber unsere Aktivit\u00e4ten zu f\u00fchren, um unseren finanziellen, rechtlichen oder administrativen Verpflichtungen nachzukommen.<\/li>\n<\/ul>\n\n<p>Wir verarbeiten Ihre Daten auf <strong>vorvertraglicher und\/oder vertraglicher Basis<\/strong> bei all Ihren Interaktionen mit Uchitomi SA im Zusammenhang mit Bestellungen oder K\u00e4ufen von Produkten, sowie deren Historie, einschlie\u00dflich der Einrichtung eines Kundenkontos auf unserer Webseite <a href=\"http:\/\/www.uchitomishop.ch\">www.uchitomishop.ch,<\/a> Ihrer Kontaktaufnahme mit uns oder Ihren Anfragen, sowie allen damit verbundenen Gesch\u00e4ftsabschl\u00fcssen. Wir werden Ihre pers\u00f6nlichen Daten auf derselben Grundlage verarbeiten, wenn Sie sich auf ein Stellenangebot bewerben oder uns eine Initiativbewerbung schicken.<\/p>\n\n<p>Wenn Sie m\u00f6chten, k\u00f6nnen Sie sich an unserem Treueprogramm beteiligen und gleichzeitig unseren Newsletter erhalten. Sie k\u00f6nnen unseren Newsletter auch separat auf unserer Website abonnieren. In diesem Fall werden wir Sie ausdr\u00fccklich um Ihre <g id=\"gid_0\">Zustimmung<\/g> zur Verarbeitung Ihrer pers\u00f6nlichen Daten bitten. Bitte beachten Sie, dass Sie Ihre Zustimmung jederzeit widerrufen und sich vom Treueprogramm abmelden k\u00f6nnen, indem Sie uns per E-Mail an <a href=\"mailto:shop@uchitomi.ch\">shop@uchitomi.ch<\/a> kontaktieren.   <\/p>\n\n<p>Es ist das<strong>legitime Interesse <\/strong>von Uchitomi SA, einige Ihrer Informationen, einschlie\u00dflich Identifikations- und Sicherheitsinformationen, zu verarbeiten, um die Sicherheit unserer R\u00e4umlichkeiten, unserer Computersysteme, unseres Personals und unserer Kunden zu gew\u00e4hrleisten. Bitte beachten Sie, dass Sie in diesem Fall das Recht haben, der Verarbeitung zu widersprechen, indem Sie uns unter <a href=\"mailto:shop@uchitomi.ch\">shop@uchitomi.ch<\/a> kontaktieren. <\/p>\n\n<p>Schlie\u00dflich haben wir <strong>gesetzliche Verpflichtungen<\/strong> nach nationalem und internationalem Recht. Um unsere Verpflichtungen zu erf\u00fcllen, verarbeiten wir Ihre pers\u00f6nlichen Daten zu Compliance-Zwecken, um unsere finanziellen oder rechtlichen Verpflichtungen zu erf\u00fcllen. <\/p>\n\n<p><strong>MIT WEM TEILEN WIR IHRE PERS\u00d6NLICHEN DATEN UND WERDEN SIE INS AUSLAND \u00dcBERTRAGEN?<\/strong><\/p>\n\n<p>Wir verkaufen Ihre pers\u00f6nlichen Daten nicht.<\/p>\n\n<p>Es ist m\u00f6glich, dass wir Ihre personenbezogenen Daten gegen\u00fcber einigen unserer Lieferanten und anderen Dienstleistern offen legen und mit ihnen teilen, wie z.B. unserem IT-Hosting-Unternehmen, unserer Webagentur, unserem CRM-Anbieter, unserem IT-Partner, unserem Newsletter-Verteiler, unserem Treuh\u00e4nder oder unseren Zahlungsdienstleistern und Logistikpartnern f\u00fcr die Lieferung von Bestellungen.) Wir geben einige Ihrer pers\u00f6nlichen Daten auch an Beh\u00f6rden weiter, wenn dies erforderlich ist. <\/p>\n\n<p>Wir bem\u00fchen uns, mit Lieferanten und Dienstleistern in der Schweiz und in der Europ\u00e4ischen Union zusammenzuarbeiten.<\/p>\n\n<p>F\u00fcr bestimmte Systeme und Dienstleistungen nutzen wir jedoch auch Anbieter, die in den USA ans\u00e4ssig sind oder deren Muttergesellschaften in den USA ans\u00e4ssig sind, sowie Unternehmen mit einer globalen Pr\u00e4senz. Es ist daher wichtig zu beachten, dass Ihre pers\u00f6nlichen Daten je nach Anbieter in die USA oder in andere Gebiete \u00fcbertragen werden k\u00f6nnen. <\/p>\n\n<p>Diese Anbieter haben verschiedene Mechanismen f\u00fcr Garantien bei der \u00dcbertragung von Daten eingerichtet, und die Links zu den Garantien sind unten f\u00fcr jeden Anbieter angegeben.<\/p>\n\n<p>Wir verwenden Woocommerce f\u00fcr unsere E-Commerce-Website <a href=\"http:\/\/www.uchitomishop.ch\">www.uchitomishop.ch<\/a>. Weitere Informationen dar\u00fcber, wie Woocommerce (Automattic Inc. &#8211; ein Unternehmen mit Sitz in San Francisco, Kalifornien, USA) Ihre Daten verarbeitet, finden Sie <a href=\"https:\/\/automattic.com\/privacy\/\">hier<\/a>. Zur Information: Automattic Inc. ist auch ein zertifiziertes Unternehmen im Rahmen des EU-US Data Privacy Framework Program &#8211; weitere Informationen finden Sie <a href=\"https:\/\/www.dataprivacyframework.gov\/list\">hier<\/a>. Wir arbeiten auch mit Sinch Email zusammen, die ihren Hauptsitz in Schweden hat, aber auch in den USA vertreten ist. Weitere Informationen \u00fcber die Garantien, die Sinch Email in Bezug auf die Datenverarbeitung bietet, finden Sie in der Datenschutzrichtlinie, die Sie <a href=\"https:\/\/www.mailjet.com\/fr\/legal\/politique-confidentialite\/\">hier<\/a> einsehen k\u00f6nnen. Das amerikanische Unternehmen der Sinch Email Gruppe ist au\u00dferdem nach dem EU-US Data Privacy Framework Program zertifiziert. F\u00fcr unseren Newsletter verwenden wir Campaign Monitor, by Marigold. F\u00fcr weitere Informationen \u00fcber die Garantien, die Marigold im Falle der \u00dcbertragung Ihrer Daten ins Ausland und insbesondere an ihre in den USA ans\u00e4ssigen Unternehmen bietet, k\u00f6nnen Sie die Datenschutzerkl\u00e4rung von Marigold lesen.  <a href=\"https:\/\/meetmarigold.com\/privacy-notices\/#services-notice\">hier<\/a>Diese enth\u00e4lt auch einen Abschnitt \u00fcber die Unternehmen der Gruppe, die nach dem EU-US Data Privacy Framework Program zertifiziert sind. Schlie\u00dflich nutzen wir auch die Dienste der Phoenix Business, Inc. mit Sitz in Sarasota, Florida, USA, und der APPSeCONNECT Corp. mit Sitz in Frisco, Texas, USA, f\u00fcr verschiedene SAP-Dienste. Die Garantien f\u00fcr den Fall, dass Ihre Daten von Phoenix Business, Inc. in andere Gebiete, einschlie\u00dflich anderer Unternehmen der Gruppe, \u00fcbertragen werden (z. B. die Standardvertragsklauseln der Europ\u00e4ischen Kommission), werden in deren Datenschutzhinweisen erl\u00e4utert, die Sie unter folgender Adresse einsehen k\u00f6nnen  <a href=\"https:\/\/phoenixteam.com\/privacy-policy\/\">hier<\/a>. Die Garantien f\u00fcr den Fall, dass Ihre Daten von APPSeCONNECT Corp. in andere Gebiete, einschlie\u00dflich anderer Unternehmen der Gruppe, \u00fcbertragen werden, werden in deren Datenschutzerkl\u00e4rung erl\u00e4utert, die Sie <a href=\"https:\/\/www.appseconnect.com\/privacy-policy\/\">hier<\/a> einsehen k\u00f6nnen.   <\/p>\n\n<p>Es ist auch m\u00f6glich, dass wir auf unseren Websites Plugins verwenden, die auf Plattformen f\u00fcr soziale Medien verweisen. Die Nutzung der von Ihnen gesammelten Daten (oder wie von Ihnen autorisiert) durch die Drittplattform unterliegt deren eigenen Datenschutzhinweisen und Ihren Einstellungen auf dem Dienst. Wenn Sie nicht m\u00f6chten, dass die Website eines sozialen Netzwerks eines Dritten die \u00fcber unsere Websites gesammelten Daten Ihrem Konto bei diesem sozialen Netzwerk zuordnet, m\u00fcssen Sie sich vor dem Besuch unserer Websites bei der Website des betreffenden sozialen Netzwerks ausloggen.  <\/p>\n\n<p><strong>WIE WERDEN IHRE DATEN GESPEICHERT, GESICHERT UND AUFBEWAHRT?<\/strong><\/p>\n\n<p>Wir treffen alle angemessenen technischen und organisatorischen Vorsichtsma\u00dfnahmen, um Ihre pers\u00f6nlichen Daten vor Verlust, unberechtigtem Zugriff und anderen Verletzungen zu sch\u00fctzen. Diese Daten werden nicht an Dritte weitergegeben, au\u00dfer in den F\u00e4llen, die in diesem Datenschutzhinweis genannt sind. <\/p>\n\n<p>Wenn die von uns gesammelten pers\u00f6nlichen Informationen nicht mehr f\u00fcr einen bestimmten Zweck oder auf der Grundlage einer gesetzlichen Anforderung ben\u00f6tigt werden, vernichten oder anonymisieren wir sie.<\/p>\n\n<p><strong>IHRE RECHTE &#8211; WIE SIE AUF IHRE PERS\u00d6NLICHEN DATEN ZUGREIFEN UND DEREN BERICHTIGUNG BEANTRAGEN K\u00d6NNEN<\/strong><\/p>\n\n<p>Sie k\u00f6nnen Ihre Rechte aus\u00fcben, indem Sie uns einfach unter <a href=\"mailto:shop@uchitomi.ch\">shop@uchitomi.ch<\/a> kontaktieren.<\/p>\n\n<p>Sie k\u00f6nnen Zugang zu Ihren pers\u00f6nlichen Daten verlangen und diese korrigieren oder aktualisieren.  <\/p>\n\n<p>Wenn die Verarbeitung auf Ihrer Einwilligung beruht, haben Sie das Recht, diese jederzeit zu widerrufen.<\/p>\n\n<p>Wenn die Verarbeitung auf einem berechtigten Interesse beruht, haben Sie das Recht, gegen die Verarbeitung Einspruch zu erheben.<\/p>\n\n<p>Um uns bei der Bearbeitung Ihrer Anfrage zu helfen, bitten wir Sie, uns Ihre vollst\u00e4ndigen Kontaktdaten mitzuteilen, damit wir Sie sicher identifizieren k\u00f6nnen.<\/p>\n\n<p>Sie k\u00f6nnen die Verwendung von Tracking-Technologien wie Cookies auch einschr\u00e4nken, indem Sie Ihren Browser so konfigurieren, dass er Sie warnt, bevor er Cookies akzeptiert, oder Sie k\u00f6nnen ihn einfach so konfigurieren, dass er sie ablehnt.<\/p>\n\n<p>Wenn Sie der Meinung sind, dass wir Ihre Rechte oder Pflichten nicht einhalten, k\u00f6nnen Sie direkt bei den Datenschutzbeh\u00f6rden in der Schweiz eine Beschwerde einreichen.<\/p>\n\n<p>Der Datenschutzhinweis und alle daraus resultierenden oder damit zusammenh\u00e4ngenden Fragen unterliegen dem Schweizer Recht. Sie akzeptieren die ausschlie\u00dfliche Zust\u00e4ndigkeit der Gerichte am Sitz von Uchitomi SA. <\/p>\n\n<p>Uchitomi SA &#8211; September 2025<\/p>\n","protected":false},"excerpt":{"rendered":"<p>Uchitomi SA, Rue Ferrier 13-15, 1202 Genf ist der Verantwortliche f\u00fcr die Verarbeitung Ihrer pers\u00f6nlichen Daten, die im Rahmen dieses Datenschutzhinweises gesammelt werden. Wir respektieren Ihre Privatsph\u00e4re und verpflichten uns zu vollst\u00e4ndiger Transparenz dar\u00fcber, wie wir Ihre pers\u00f6nlichen Daten sammeln, verwenden und weitergeben. Diese Datenschutzerkl\u00e4rung informiert Sie dar\u00fcber, wie wir mit den pers\u00f6nlichen Daten umgehen, [&hellip;]<\/p>\n","protected":false},"author":1,"featured_media":0,"parent":0,"menu_order":0,"comment_status":"closed","ping_status":"open","template":"","meta":{"_acf_changed":false,"footnotes":""},"class_list":["post-143786","page","type-page","status-publish","hentry"],"acf":[],"yoast_head":"<!-- This site is optimized with the Yoast SEO plugin v27.0 - https:\/\/yoast.com\/product\/yoast-seo-wordpress\/ -->\n<title>Datenschutzerkl\u00e4rung - Uchitomishop - Japanischer Online-Shop - Lieferung in die ganze Schweiz<\/title>\n<meta name=\"robots\" content=\"index, follow, max-snippet:-1, max-image-preview:large, max-video-preview:-1\" \/>\n<link rel=\"canonical\" href=\"https:\/\/uchitomishop.ch\/de\/datenschutzrichtlinie\/\" \/>\n<meta property=\"og:locale\" content=\"de_DE\" \/>\n<meta property=\"og:type\" content=\"article\" \/>\n<meta property=\"og:title\" content=\"Datenschutzerkl\u00e4rung - Uchitomishop - Japanischer Online-Shop - Lieferung in die ganze Schweiz\" \/>\n<meta property=\"og:description\" content=\"Uchitomi SA, Rue Ferrier 13-15, 1202 Genf ist der Verantwortliche f\u00fcr die Verarbeitung Ihrer pers\u00f6nlichen Daten, die im Rahmen dieses Datenschutzhinweises gesammelt werden. Wir respektieren Ihre Privatsph\u00e4re und verpflichten uns zu vollst\u00e4ndiger Transparenz dar\u00fcber, wie wir Ihre pers\u00f6nlichen Daten sammeln, verwenden und weitergeben. Diese Datenschutzerkl\u00e4rung informiert Sie dar\u00fcber, wie wir mit den pers\u00f6nlichen Daten umgehen, [&hellip;]\" \/>\n<meta property=\"og:url\" content=\"https:\/\/uchitomishop.ch\/de\/datenschutzrichtlinie\/\" \/>\n<meta property=\"og:site_name\" content=\"Uchitomishop - Japanischer Online-Shop - Lieferung in die ganze Schweiz\" \/>\n<meta property=\"article:modified_time\" content=\"2025-11-07T09:16:17+00:00\" \/>\n<meta name=\"twitter:card\" content=\"summary_large_image\" \/>\n<meta name=\"twitter:label1\" content=\"Gesch\u00e4tzte Lesezeit\" \/>\n\t<meta name=\"twitter:data1\" content=\"10\u00a0Minuten\" \/>\n<script type=\"application\/ld+json\" class=\"yoast-schema-graph\">{\"@context\":\"https:\/\/schema.org\",\"@graph\":[{\"@type\":\"WebPage\",\"@id\":\"https:\/\/uchitomishop.ch\/de\/datenschutzrichtlinie\/\",\"url\":\"https:\/\/uchitomishop.ch\/de\/datenschutzrichtlinie\/\",\"name\":\"Datenschutzerkl\u00e4rung - Uchitomishop - Japanischer Online-Shop - Lieferung in die ganze Schweiz\",\"isPartOf\":{\"@id\":\"https:\/\/uchitomishop.ch\/de\/#website\"},\"datePublished\":\"2021-07-20T15:27:16+00:00\",\"dateModified\":\"2025-11-07T09:16:17+00:00\",\"breadcrumb\":{\"@id\":\"https:\/\/uchitomishop.ch\/de\/datenschutzrichtlinie\/#breadcrumb\"},\"inLanguage\":\"de-CH\",\"potentialAction\":[{\"@type\":\"ReadAction\",\"target\":[\"https:\/\/uchitomishop.ch\/de\/datenschutzrichtlinie\/\"]}]},{\"@type\":\"BreadcrumbList\",\"@id\":\"https:\/\/uchitomishop.ch\/de\/datenschutzrichtlinie\/#breadcrumb\",\"itemListElement\":[{\"@type\":\"ListItem\",\"position\":1,\"name\":\"Accueil\",\"item\":\"https:\/\/uchitomishop.ch\/de\/homepage\/\"},{\"@type\":\"ListItem\",\"position\":2,\"name\":\"Datenschutzerkl\u00e4rung\"}]},{\"@type\":\"WebSite\",\"@id\":\"https:\/\/uchitomishop.ch\/de\/#website\",\"url\":\"https:\/\/uchitomishop.ch\/de\/\",\"name\":\"Uchitomishop - Magasin en ligne Japonais - Livraison dans toute la Suisse\",\"description\":\"Japanisches Online-Gesch\u00e4ft. Entdecken Sie alle unsere japanischen Produkte: Lebensmittel, K\u00fcche, B\u00fccher, Haushalt, Schreibwaren, Pflege, Textilien und Geschirr. Lieferung in der gesamten Schweiz.\",\"publisher\":{\"@id\":\"https:\/\/uchitomishop.ch\/de\/#organization\"},\"potentialAction\":[{\"@type\":\"SearchAction\",\"target\":{\"@type\":\"EntryPoint\",\"urlTemplate\":\"https:\/\/uchitomishop.ch\/de\/?s={search_term_string}\"},\"query-input\":{\"@type\":\"PropertyValueSpecification\",\"valueRequired\":true,\"valueName\":\"search_term_string\"}}],\"inLanguage\":\"de-CH\"},{\"@type\":\"Organization\",\"@id\":\"https:\/\/uchitomishop.ch\/de\/#organization\",\"name\":\"Uchitomishop - Japanischer Online-Shop - Lieferung in die ganze Schweiz\",\"url\":\"https:\/\/uchitomishop.ch\/de\/\",\"logo\":{\"@type\":\"ImageObject\",\"inLanguage\":\"de-CH\",\"@id\":\"https:\/\/uchitomishop.ch\/de\/#\/schema\/logo\/image\/\",\"url\":\"https:\/\/uchitomishop.ch\/wp-content\/uploads\/2024\/04\/logo.png\",\"contentUrl\":\"https:\/\/uchitomishop.ch\/wp-content\/uploads\/2024\/04\/logo.png\",\"width\":380,\"height\":162,\"caption\":\"Uchitomishop - Japanischer Online-Shop - Lieferung in die ganze Schweiz\"},\"image\":{\"@id\":\"https:\/\/uchitomishop.ch\/de\/#\/schema\/logo\/image\/\"}}]}<\/script>\n<!-- \/ Yoast SEO plugin. -->","yoast_head_json":{"title":"Datenschutzerkl\u00e4rung - Uchitomishop - Japanischer Online-Shop - Lieferung in die ganze Schweiz","robots":{"index":"index","follow":"follow","max-snippet":"max-snippet:-1","max-image-preview":"max-image-preview:large","max-video-preview":"max-video-preview:-1"},"canonical":"https:\/\/uchitomishop.ch\/de\/datenschutzrichtlinie\/","og_locale":"de_DE","og_type":"article","og_title":"Datenschutzerkl\u00e4rung - Uchitomishop - Japanischer Online-Shop - Lieferung in die ganze Schweiz","og_description":"Uchitomi SA, Rue Ferrier 13-15, 1202 Genf ist der Verantwortliche f\u00fcr die Verarbeitung Ihrer pers\u00f6nlichen Daten, die im Rahmen dieses Datenschutzhinweises gesammelt werden. Wir respektieren Ihre Privatsph\u00e4re und verpflichten uns zu vollst\u00e4ndiger Transparenz dar\u00fcber, wie wir Ihre pers\u00f6nlichen Daten sammeln, verwenden und weitergeben. Diese Datenschutzerkl\u00e4rung informiert Sie dar\u00fcber, wie wir mit den pers\u00f6nlichen Daten umgehen, [&hellip;]","og_url":"https:\/\/uchitomishop.ch\/de\/datenschutzrichtlinie\/","og_site_name":"Uchitomishop - Japanischer Online-Shop - Lieferung in die ganze Schweiz","article_modified_time":"2025-11-07T09:16:17+00:00","twitter_card":"summary_large_image","twitter_misc":{"Gesch\u00e4tzte Lesezeit":"10\u00a0Minuten"},"schema":{"@context":"https:\/\/schema.org","@graph":[{"@type":"WebPage","@id":"https:\/\/uchitomishop.ch\/de\/datenschutzrichtlinie\/","url":"https:\/\/uchitomishop.ch\/de\/datenschutzrichtlinie\/","name":"Datenschutzerkl\u00e4rung - Uchitomishop - Japanischer Online-Shop - Lieferung in die ganze Schweiz","isPartOf":{"@id":"https:\/\/uchitomishop.ch\/de\/#website"},"datePublished":"2021-07-20T15:27:16+00:00","dateModified":"2025-11-07T09:16:17+00:00","breadcrumb":{"@id":"https:\/\/uchitomishop.ch\/de\/datenschutzrichtlinie\/#breadcrumb"},"inLanguage":"de-CH","potentialAction":[{"@type":"ReadAction","target":["https:\/\/uchitomishop.ch\/de\/datenschutzrichtlinie\/"]}]},{"@type":"BreadcrumbList","@id":"https:\/\/uchitomishop.ch\/de\/datenschutzrichtlinie\/#breadcrumb","itemListElement":[{"@type":"ListItem","position":1,"name":"Accueil","item":"https:\/\/uchitomishop.ch\/de\/homepage\/"},{"@type":"ListItem","position":2,"name":"Datenschutzerkl\u00e4rung"}]},{"@type":"WebSite","@id":"https:\/\/uchitomishop.ch\/de\/#website","url":"https:\/\/uchitomishop.ch\/de\/","name":"Uchitomishop - Magasin en ligne Japonais - Livraison dans toute la Suisse","description":"Japanisches Online-Gesch\u00e4ft. Entdecken Sie alle unsere japanischen Produkte: Lebensmittel, K\u00fcche, B\u00fccher, Haushalt, Schreibwaren, Pflege, Textilien und Geschirr. Lieferung in der gesamten Schweiz.","publisher":{"@id":"https:\/\/uchitomishop.ch\/de\/#organization"},"potentialAction":[{"@type":"SearchAction","target":{"@type":"EntryPoint","urlTemplate":"https:\/\/uchitomishop.ch\/de\/?s={search_term_string}"},"query-input":{"@type":"PropertyValueSpecification","valueRequired":true,"valueName":"search_term_string"}}],"inLanguage":"de-CH"},{"@type":"Organization","@id":"https:\/\/uchitomishop.ch\/de\/#organization","name":"Uchitomishop - Japanischer Online-Shop - Lieferung in die ganze Schweiz","url":"https:\/\/uchitomishop.ch\/de\/","logo":{"@type":"ImageObject","inLanguage":"de-CH","@id":"https:\/\/uchitomishop.ch\/de\/#\/schema\/logo\/image\/","url":"https:\/\/uchitomishop.ch\/wp-content\/uploads\/2024\/04\/logo.png","contentUrl":"https:\/\/uchitomishop.ch\/wp-content\/uploads\/2024\/04\/logo.png","width":380,"height":162,"caption":"Uchitomishop - Japanischer Online-Shop - Lieferung in die ganze Schweiz"},"image":{"@id":"https:\/\/uchitomishop.ch\/de\/#\/schema\/logo\/image\/"}}]}},"_links":{"self":[{"href":"https:\/\/uchitomishop.ch\/de\/wp-json\/wp\/v2\/pages\/143786","targetHints":{"allow":["GET"]}}],"collection":[{"href":"https:\/\/uchitomishop.ch\/de\/wp-json\/wp\/v2\/pages"}],"about":[{"href":"https:\/\/uchitomishop.ch\/de\/wp-json\/wp\/v2\/types\/page"}],"author":[{"embeddable":true,"href":"https:\/\/uchitomishop.ch\/de\/wp-json\/wp\/v2\/users\/1"}],"replies":[{"embeddable":true,"href":"https:\/\/uchitomishop.ch\/de\/wp-json\/wp\/v2\/comments?post=143786"}],"version-history":[{"count":3,"href":"https:\/\/uchitomishop.ch\/de\/wp-json\/wp\/v2\/pages\/143786\/revisions"}],"predecessor-version":[{"id":210424,"href":"https:\/\/uchitomishop.ch\/de\/wp-json\/wp\/v2\/pages\/143786\/revisions\/210424"}],"wp:attachment":[{"href":"https:\/\/uchitomishop.ch\/de\/wp-json\/wp\/v2\/media?parent=143786"}],"curies":[{"name":"wp","href":"https:\/\/api.w.org\/{rel}","templated":true}]}}